{"id":4411,"date":"2023-11-05T17:16:05","date_gmt":"2023-11-05T16:16:05","guid":{"rendered":"https:\/\/sitio.bereketshop.com.mx\/?post_type=product&#038;p=4411"},"modified":"2024-10-28T17:06:59","modified_gmt":"2024-10-28T16:06:59","slug":"bascula-digital-2","status":"publish","type":"product","link":"https:\/\/bereketshop.com.mx\/index.php\/product\/bascula-digital-2\/","title":{"rendered":"B\u00e1scula digital"},"content":{"rendered":"<p>Bascula Digital Inteligente de ba\u00f1o Bluetooth USB<\/p>\n<p>Incluye:<br \/>\n&#8211; 2 basculas digitales<br \/>\ncompartimos algunos de nuestros dise\u00f1os. Recuerda q puedes personalizar Especificaciones:<\/p>\n<p>Tama\u00f1o: 26*26 cm<\/p>\n<p>Sensores de alta precisi\u00f3n y sensibilidad.<br \/>\nCalibraci\u00f3n autom\u00e1tica midiendo incrementos desde 0.01 kg \/ 0.02 lbs.<br \/>\nPeso m\u00e1ximo es de 180 kg \/ 396 lbs.<br \/>\nBluetooth 4.2 con chip de baja potencia, pisando es suficiente para leer.<br \/>\nConexi\u00f3n autom\u00e1tica, identificaci\u00f3n autom\u00e1tica, encendido\/apagado autom\u00e1tico con reinicio autom\u00e1tico.<br \/>\nIndicadores como el peso corporal, IMC, tasa de grasa corporal, grasa visceral, agua corporal, tasa de m\u00fasculo esquel\u00e9tico, masa muscular, masa \u00f3sea, prote\u00ednas, TMB y edad.<br \/>\nBater\u00eda de litio interna se puede cargar a trav\u00e9s de USB.<br \/>\nPantalla LCD clara, f\u00e1cil de usar<br \/>\nDescargue aplicaci\u00f3n con el c\u00f3digo QR en la parte inferior de la escala de grasa.<br \/>\nVariantes: NA<br \/>\nColor: Blanco y Negro<br \/>\nMaterial: cristal<\/p>\n","protected":false},"excerpt":{"rendered":"<p style=\"text-align: center;\">Bascula Digital Inteligente de ba\u00f1o Bluetooth USB | Sensores de alta precisi\u00f3n y sensibilidad | Calibraci\u00f3n autom\u00e1tica | Peso m\u00e1ximo es de 180 kg \/ 396 lbs.<\/p>\n","protected":false},"featured_media":4827,"comment_status":"closed","ping_status":"closed","template":"","meta":{"_joinchat":[]},"product_cat":[240,60],"product_tag":[],"class_list":{"0":"post-4411","1":"product","2":"type-product","3":"status-publish","4":"has-post-thumbnail","6":"product_cat-240","7":"product_cat-deportes","9":"first","10":"instock","11":"sale","12":"shipping-taxable","13":"purchasable","14":"product-type-simple"},"_links":{"self":[{"href":"https:\/\/bereketshop.com.mx\/index.php\/wp-json\/wp\/v2\/product\/4411","targetHints":{"allow":["GET"]}}],"collection":[{"href":"https:\/\/bereketshop.com.mx\/index.php\/wp-json\/wp\/v2\/product"}],"about":[{"href":"https:\/\/bereketshop.com.mx\/index.php\/wp-json\/wp\/v2\/types\/product"}],"replies":[{"embeddable":true,"href":"https:\/\/bereketshop.com.mx\/index.php\/wp-json\/wp\/v2\/comments?post=4411"}],"wp:featuredmedia":[{"embeddable":true,"href":"https:\/\/bereketshop.com.mx\/index.php\/wp-json\/wp\/v2\/media\/4827"}],"wp:attachment":[{"href":"https:\/\/bereketshop.com.mx\/index.php\/wp-json\/wp\/v2\/media?parent=4411"}],"wp:term":[{"taxonomy":"product_cat","embeddable":true,"href":"https:\/\/bereketshop.com.mx\/index.php\/wp-json\/wp\/v2\/product_cat?post=4411"},{"taxonomy":"product_tag","embeddable":true,"href":"https:\/\/bereketshop.com.mx\/index.php\/wp-json\/wp\/v2\/product_tag?post=4411"}],"curies":[{"name":"wp","href":"https:\/\/api.w.org\/{rel}","templated":true}]}}