{"id":4415,"date":"2023-11-05T17:16:06","date_gmt":"2023-11-05T16:16:06","guid":{"rendered":"https:\/\/sitio.bereketshop.com.mx\/?post_type=product&#038;p=4415"},"modified":"2024-09-13T22:08:41","modified_gmt":"2024-09-13T20:08:41","slug":"dispensador-de-agua","status":"publish","type":"product","link":"https:\/\/bereketshop.com.mx\/index.php\/product\/dispensador-de-agua\/","title":{"rendered":"Dispensador De Agua El\u00e9ctrico"},"content":{"rendered":"<h5 class=\"a-size-base-plus a-text-bold\"><span style=\"color: #000000;\">CARACTER\u00cdSTICAS:<\/span><\/h5>\n<ul class=\"a-unordered-list a-vertical a-spacing-mini\">\n<li class=\"a-spacing-mini\"><span class=\"a-list-item\">Material seguro: Dispensador de agua potable sin BPA, manguera de silicona de grado alimenticio, acero inoxidable 304, pl\u00e1stico ABS de alta densidad, no t\u00f3xico, y sin olor.<\/span><\/li>\n<li class=\"a-spacing-mini\"><span class=\"a-list-item\">Alta compatibilidad: El dispositivo de bombeo el\u00e9ctrico adecuado para agua pura embotellada, apto para una variedad de modelos de barril de gal\u00f3n sin necesidad de abrir la tapa.<\/span><\/li>\n<li class=\"a-spacing-mini\"><span class=\"a-list-item\">Bater\u00eda recargable USB: Bater\u00eda recargable integrada de 1800 mAh. Se puede utilizar durante 30 \u2013 40 d\u00edas o alrededor de 4 \u2013 6 botellas de agua de 5 galones una vez cargada completamente. No es necesario cargar todos los d\u00edas.<\/span><\/li>\n<li class=\"a-spacing-mini\"><span class=\"a-list-item\">F\u00e1cil de usar: Simplemente sujeta la bomba peque\u00f1a en la boca de la botella. Un interruptor de funcionamiento, totalmente sin complicaciones, incluso para ni\u00f1os y ancianos.<\/span><\/li>\n<li class=\"a-spacing-mini\"><span class=\"a-list-item\">Atenci\u00f3n: Esta bomba de agua potable es adecuada para barriles de gal\u00f3n con un cuello de 2.16 pulgadas (5.5 cm). Confirma el tama\u00f1o de tu cuello antes de comprar.<\/span><\/li>\n<\/ul>\n<p><span data-sheets-root=\"1\" data-sheets-value=\"{&quot;1&quot;:2,&quot;2&quot;:&quot;Multicolor: Se entrega color variado \\nFuente de alimentaci\u00f3n: Recargable\\nPilas Incluidas: No&quot;}\" data-sheets-userformat=\"{&quot;2&quot;:13249,&quot;3&quot;:{&quot;1&quot;:0},&quot;9&quot;:0,&quot;10&quot;:0,&quot;11&quot;:3,&quot;12&quot;:0,&quot;15&quot;:&quot;Calibri&quot;,&quot;16&quot;:12}\">Multicolor: Se entrega color variado<br \/>\nFuente de alimentaci\u00f3n: Recargable<br \/>\nPilas Incluidas: No<\/span><\/p>\n","protected":false},"excerpt":{"rendered":"<p style=\"text-align: center;\"><span data-sheets-root=\"1\" data-sheets-value=\"{&quot;1&quot;:2,&quot;2&quot;:&quot;Dispensador De Agua El\u00e9ctrico Recargable Usb Bomba De Agua Garrafon Multicolor&quot;}\" data-sheets-userformat=\"{&quot;2&quot;:12737,&quot;3&quot;:{&quot;1&quot;:0,&quot;3&quot;:1},&quot;9&quot;:0,&quot;10&quot;:0,&quot;11&quot;:3,&quot;15&quot;:&quot;Calibri&quot;,&quot;16&quot;:12}\">Dispensador | De Agua El\u00e9ctrico | Recargable Usb\u00a0 | Bomba De Agua | Para Garraf\u00f3n.<\/span><\/p>\n","protected":false},"featured_media":4661,"comment_status":"closed","ping_status":"closed","template":"","meta":{"_joinchat":[]},"product_cat":[244,59],"product_tag":[],"class_list":{"0":"post-4415","1":"product","2":"type-product","3":"status-publish","4":"has-post-thumbnail","6":"product_cat-244","7":"product_cat-hogar","9":"first","10":"instock","11":"sale","12":"shipping-taxable","13":"purchasable","14":"product-type-simple"},"_links":{"self":[{"href":"https:\/\/bereketshop.com.mx\/index.php\/wp-json\/wp\/v2\/product\/4415","targetHints":{"allow":["GET"]}}],"collection":[{"href":"https:\/\/bereketshop.com.mx\/index.php\/wp-json\/wp\/v2\/product"}],"about":[{"href":"https:\/\/bereketshop.com.mx\/index.php\/wp-json\/wp\/v2\/types\/product"}],"replies":[{"embeddable":true,"href":"https:\/\/bereketshop.com.mx\/index.php\/wp-json\/wp\/v2\/comments?post=4415"}],"wp:featuredmedia":[{"embeddable":true,"href":"https:\/\/bereketshop.com.mx\/index.php\/wp-json\/wp\/v2\/media\/4661"}],"wp:attachment":[{"href":"https:\/\/bereketshop.com.mx\/index.php\/wp-json\/wp\/v2\/media?parent=4415"}],"wp:term":[{"taxonomy":"product_cat","embeddable":true,"href":"https:\/\/bereketshop.com.mx\/index.php\/wp-json\/wp\/v2\/product_cat?post=4415"},{"taxonomy":"product_tag","embeddable":true,"href":"https:\/\/bereketshop.com.mx\/index.php\/wp-json\/wp\/v2\/product_tag?post=4415"}],"curies":[{"name":"wp","href":"https:\/\/api.w.org\/{rel}","templated":true}]}}