{"id":4417,"date":"2023-11-05T17:16:06","date_gmt":"2023-11-05T16:16:06","guid":{"rendered":"https:\/\/sitio.bereketshop.com.mx\/?post_type=product&#038;p=4417"},"modified":"2024-09-11T17:00:16","modified_gmt":"2024-09-11T15:00:16","slug":"termo-wine-cup","status":"publish","type":"product","link":"https:\/\/bereketshop.com.mx\/index.php\/product\/termo-wine-cup\/","title":{"rendered":"Termo Wine Cup 12 onzas"},"content":{"rendered":"<p><strong>VASO AISLADO:<\/strong> Este vaso tumbler viene con tapa, popote y cepillo de limpieza de acero inoxidable, el vaso tiene 8 capas para mantener el fr\u00edo y calor entre 3-6 horas de la bebida como caf\u00e9, vino, jugo, coctel etc., y se disfruta tomando cuando quieras.<\/p>\n<p><strong>ECOL\u00d3GICO:<\/strong> El material hace que la limpieza muy f\u00e1cil y completo con la apariencia plana y fina y se puede usar a largo tiempo, muy duradero de rayas o ca\u00eddas, la tapa, el popote y el cepillo tambi\u00e9n son reutilizables, ecol\u00f3gico para el ambiente<\/p>\n<p><strong>COMPACTO Y PORT\u00c1TIL:<\/strong> El termo es de 12 onza\/360ml, tama\u00f1o perfecto para tomar la bebida o llevarlo encima con una mano, se puede tomar directo de la boquilla en la tapa o con\u00a0 el popote.<\/p>\n<p><strong>MATERIAL PREMIUM:<\/strong> El cuerpo es de acero inoxidable tipo 304, la tapa es de ABS con silicona libre de BPA, muy seguro para alimentos incluso de temperatura alta.<\/p>\n<p><strong>APLICACI\u00d3N AMPLIA:<\/strong> Es un regalo hermoso y especial para regalar a los amigos o para preparar bebida en fiestas y bares, y es muy \u00fatil para uso propio.<\/p>\n<p>Algunos de los termos cuentan con popote<\/p>\n","protected":false},"excerpt":{"rendered":"<p style=\"text-align: center;\"><span data-sheets-root=\"1\" data-sheets-value=\"{&quot;1&quot;:2,&quot;2&quot;:&quot;Termo WINE CUP 12 onz, termo de acero inoxidable con tapa &quot;}\" data-sheets-userformat=\"{&quot;2&quot;:12737,&quot;3&quot;:{&quot;1&quot;:0,&quot;3&quot;:1},&quot;9&quot;:0,&quot;10&quot;:0,&quot;11&quot;:3,&quot;15&quot;:&quot;Calibri&quot;,&quot;16&quot;:12}\">Termo WINE | CUP 12 Onza | Termo De Acero Inoxidable |\u00a0 Con Tapa\u00a0 | Popote.<\/span><\/p>\n<div id=\"gtx-trans\" style=\"position: absolute; left: -35px; top: 37.8px;\">\n<div class=\"gtx-trans-icon\"><\/div>\n<\/div>\n","protected":false},"featured_media":4758,"comment_status":"closed","ping_status":"closed","template":"","meta":{"_joinchat":[]},"product_cat":[242,59],"product_tag":[],"class_list":{"0":"post-4417","1":"product","2":"type-product","3":"status-publish","4":"has-post-thumbnail","6":"product_cat-242","7":"product_cat-hogar","9":"first","10":"instock","11":"sale","12":"featured","13":"shipping-taxable","14":"purchasable","15":"product-type-variable"},"_links":{"self":[{"href":"https:\/\/bereketshop.com.mx\/index.php\/wp-json\/wp\/v2\/product\/4417","targetHints":{"allow":["GET"]}}],"collection":[{"href":"https:\/\/bereketshop.com.mx\/index.php\/wp-json\/wp\/v2\/product"}],"about":[{"href":"https:\/\/bereketshop.com.mx\/index.php\/wp-json\/wp\/v2\/types\/product"}],"replies":[{"embeddable":true,"href":"https:\/\/bereketshop.com.mx\/index.php\/wp-json\/wp\/v2\/comments?post=4417"}],"wp:featuredmedia":[{"embeddable":true,"href":"https:\/\/bereketshop.com.mx\/index.php\/wp-json\/wp\/v2\/media\/4758"}],"wp:attachment":[{"href":"https:\/\/bereketshop.com.mx\/index.php\/wp-json\/wp\/v2\/media?parent=4417"}],"wp:term":[{"taxonomy":"product_cat","embeddable":true,"href":"https:\/\/bereketshop.com.mx\/index.php\/wp-json\/wp\/v2\/product_cat?post=4417"},{"taxonomy":"product_tag","embeddable":true,"href":"https:\/\/bereketshop.com.mx\/index.php\/wp-json\/wp\/v2\/product_tag?post=4417"}],"curies":[{"name":"wp","href":"https:\/\/api.w.org\/{rel}","templated":true}]}}