{"id":4419,"date":"2023-11-05T17:16:06","date_gmt":"2023-11-05T16:16:06","guid":{"rendered":"https:\/\/sitio.bereketshop.com.mx\/?post_type=product&#038;p=4419"},"modified":"2024-09-13T21:55:07","modified_gmt":"2024-09-13T19:55:07","slug":"vaso-termico","status":"publish","type":"product","link":"https:\/\/bereketshop.com.mx\/index.php\/product\/vaso-termico\/","title":{"rendered":"Termo Con Aza 30 OZ"},"content":{"rendered":"<h5>CARACTERISTICAS:<\/h5>\n<div>\n<ul class=\"seo-sellpoints--sellerPoint--bfm7Az1\">\n<li>\n<p data-spm-anchor-id=\"a2g0o.detail.0.i5.10baQxooQxoozb\">Ecol\u00f3gicamente correcto: El dise\u00f1o de la botella est\u00e1 especialmente dise\u00f1ada para ser humano y f\u00e1cil de limpiar, lo que hace que sea m\u00e1s conveniente comer agua hirviendo.<\/p>\n<\/li>\n<li>\n<p data-spm-anchor-id=\"a2g0o.detail.0.i6.10baQxooQxoozb\">Al vac\u00edo : Nuestro termo de agua aislado es un accesorio imprescindible para los viajes al aire libre. El dise\u00f1o aislado es adecuado para bebidas fr\u00edas y calientes.<\/p>\n<\/li>\n<li>Tipo de metal: Esta botella de agua de acero inoxidable es muy f\u00e1cil de usar y se adapta a todo tipo de botellas, latas, bebidas, cerveza y otras bebidas.<\/li>\n<li>Aplacable: Es una botella de agua aplicable a un vac\u00edo de tazas.<\/li>\n<li>Port\u00e1til: Esta botella de agua port\u00e1til es muy ligera, f\u00e1cil de transportar y encaja perfectamente en tu bolsa normal. Y esta botella de agua port\u00e1til es un compa\u00f1ero ideal para viajes, trabajo, escuela y cualquier lugar al que quieras ir.<\/li>\n<\/ul>\n<\/div>\n<p><span data-sheets-root=\"1\" data-sheets-value=\"{&quot;1&quot;:2,&quot;2&quot;:&quot;Termo de Acero Inoxidable con Aza\\n\\nDiferentes colores a escoger \\nIncluye Popote \\nTermo aislante de calor \\nTapa Color Negro \\n\\nCapacidad: 30 OZ&quot;}\" data-sheets-userformat=\"{&quot;2&quot;:13249,&quot;3&quot;:{&quot;1&quot;:0},&quot;9&quot;:0,&quot;10&quot;:0,&quot;11&quot;:3,&quot;12&quot;:0,&quot;15&quot;:&quot;Calibri&quot;,&quot;16&quot;:12}\">Termo de Acero Inoxidable con Aza<\/span><\/p>\n<p>Diferentes colores a escoger<br \/>\nIncluye Popote<br \/>\nTermo aislante de calor<br \/>\nTapa Color Negro<\/p>\n<p>Capacidad: 30 OZ<\/p>\n","protected":false},"excerpt":{"rendered":"<p style=\"text-align: center;\">Termo De Acero Inoxidable Con Aza |Incluye Tapa Para Cualquier Ocasi\u00f3n\u00a0 |\u00a0 Port\u00e1til\u00a0 | Botella Aislante 30 OZ | Taza T\u00e9rmica Con Asa Para Caf\u00e9|\u00a0 Botella De Agua De Acero Inoxidable Con Aislamiento Al Vac\u00edo | Vaso De Doble Pared | Vasos Para Exteriores.<\/p>\n","protected":false},"featured_media":5287,"comment_status":"closed","ping_status":"closed","template":"","meta":{"_joinchat":[]},"product_cat":[241,59],"product_tag":[],"class_list":{"0":"post-4419","1":"product","2":"type-product","3":"status-publish","4":"has-post-thumbnail","6":"product_cat-241","7":"product_cat-hogar","9":"first","10":"outofstock","11":"shipping-taxable","12":"purchasable","13":"product-type-variable"},"_links":{"self":[{"href":"https:\/\/bereketshop.com.mx\/index.php\/wp-json\/wp\/v2\/product\/4419","targetHints":{"allow":["GET"]}}],"collection":[{"href":"https:\/\/bereketshop.com.mx\/index.php\/wp-json\/wp\/v2\/product"}],"about":[{"href":"https:\/\/bereketshop.com.mx\/index.php\/wp-json\/wp\/v2\/types\/product"}],"replies":[{"embeddable":true,"href":"https:\/\/bereketshop.com.mx\/index.php\/wp-json\/wp\/v2\/comments?post=4419"}],"wp:featuredmedia":[{"embeddable":true,"href":"https:\/\/bereketshop.com.mx\/index.php\/wp-json\/wp\/v2\/media\/5287"}],"wp:attachment":[{"href":"https:\/\/bereketshop.com.mx\/index.php\/wp-json\/wp\/v2\/media?parent=4419"}],"wp:term":[{"taxonomy":"product_cat","embeddable":true,"href":"https:\/\/bereketshop.com.mx\/index.php\/wp-json\/wp\/v2\/product_cat?post=4419"},{"taxonomy":"product_tag","embeddable":true,"href":"https:\/\/bereketshop.com.mx\/index.php\/wp-json\/wp\/v2\/product_tag?post=4419"}],"curies":[{"name":"wp","href":"https:\/\/api.w.org\/{rel}","templated":true}]}}