{"id":4420,"date":"2023-11-05T17:16:06","date_gmt":"2023-11-05T16:16:06","guid":{"rendered":"https:\/\/sitio.bereketshop.com.mx\/?post_type=product&#038;p=4420"},"modified":"2024-09-13T19:46:55","modified_gmt":"2024-09-13T17:46:55","slug":"termo-portatil","status":"publish","type":"product","link":"https:\/\/bereketshop.com.mx\/index.php\/product\/termo-portatil\/","title":{"rendered":"Termo Con Aza 40 OZ"},"content":{"rendered":"<h5>CARACTERISTICAS:<\/h5>\n<p><span data-sheets-root=\"1\" data-sheets-value=\"{&quot;1&quot;:2,&quot;2&quot;:&quot;\u00a1Eleva tus Bebidas a un Nuevo Nivel con el Poderoso Termo 40 oz de Acero Inoxidable: Calor y Fr\u00edo Infinitos a tu Alcance!\\n\\nImagina un mundo donde tus bebidas mantienen su temperatura perfecta sin importar las condiciones externas. Nuestro Termo Todo Terreno es m\u00e1s que un contenedor, \u00a1es tu compa\u00f1ero infalible en la b\u00fasqueda de bebidas excepcionales!\\n\\nPajilla Incluida para un Placer Sin Esfuerzo Sip Sip, Hooray! Olv\u00eddate de los derrames y las molestias. Gracias a su innovadora pajilla, puedes saborear tus bebidas con facilidad, desde vibrantes jugos helados hasta seductores lattes humeantes. \u00a1Una experiencia sin complicaciones en cada sorbo!\\n\\nConstrucci\u00f3n en Acero Inoxidable: Listo para la Aventura Dise\u00f1ado para enfrentar cualquier desaf\u00edo, este termo cuenta con una agarradera resistente que te acompa\u00f1ar\u00e1 en todas tus haza\u00f1as. Mant\u00e9n tus bebidas al alcance, sin importar si est\u00e1s escalando monta\u00f1as o conquistando el ajetreo urbano.\\n\\nTecnolog\u00eda de Aislamiento Avanzada: Maestro de la Temperatura Mant\u00e9n el fr\u00edo congelante y el calor abrasador durante horas. Nuestro termo es un mago del aislamiento t\u00e9rmico, garantizando que tus bebidas se mantengan en su punto \u00f3ptimo sin importar las condiciones externas.\\n\\nSostenibilidad en Tus Manos: Al elegir este termo, tambi\u00e9n eliges un futuro m\u00e1s verde. Dile adi\u00f3s a los envases desechables y contribuye a un planeta m\u00e1s limpio con cada sorbo.&quot;}\" data-sheets-userformat=\"{&quot;2&quot;:13249,&quot;3&quot;:{&quot;1&quot;:0},&quot;9&quot;:0,&quot;10&quot;:0,&quot;11&quot;:3,&quot;12&quot;:0,&quot;15&quot;:&quot;Calibri&quot;,&quot;16&quot;:12}\"><strong>\u00a1Eleva tus Bebidas a un Nuevo Nivel con el Poderoso Termo 40 oz de Acero Inoxidable: Calor y Fr\u00edo Infinitos a tu Alcance!<\/strong><\/span><\/p>\n<p>Imagina un mundo donde tus bebidas mantienen su temperatura perfecta sin importar las condiciones externas. Nuestro Termo Todo Terreno es m\u00e1s que un contenedor, \u00a1es tu compa\u00f1ero infalible en la b\u00fasqueda de bebidas excepcionales!<\/p>\n<p>Pajilla Incluida para un Placer Sin Esfuerzo , Olv\u00eddate de los derrames y las molestias. Gracias a su innovadora pajilla, puedes saborear tus bebidas con facilidad, desde vibrantes jugos helados hasta seductores lattes humeantes. \u00a1Una experiencia sin complicaciones en cada sorbo!<\/p>\n<p>Construcci\u00f3n en Acero Inoxidable: Listo para la Aventura Dise\u00f1ado para enfrentar cualquier desaf\u00edo, este termo cuenta con una agarradera resistente que te acompa\u00f1ar\u00e1 en todas tus haza\u00f1as. Mant\u00e9n tus bebidas al alcance, sin importar si est\u00e1s escalando monta\u00f1as o conquistando el ajetreo urbano.<\/p>\n<p>Tecnolog\u00eda de Aislamiento Avanzada: Maestro de la Temperatura Mant\u00e9n el fr\u00edo congelante y el calor abrasador durante horas. Nuestro termo es un mago del aislamiento t\u00e9rmico, garantizando que tus bebidas se mantengan en su punto \u00f3ptimo sin importar las condiciones externas.<\/p>\n<p>Sostenibilidad en Tus Manos: Al elegir este termo, tambi\u00e9n eliges un futuro m\u00e1s verde. Dile adi\u00f3s a los envases desechables y contribuye a un planeta m\u00e1s limpio con cada sorbo.<\/p>\n","protected":false},"excerpt":{"rendered":"<p style=\"text-align: center;\">Termo de Acero Inoxidable Con Aza |\u00a0 Incluye Tapa Para Cualquier Ocasi\u00f3n\u00a0 | port\u00e1til\u00a0 | botella aislante 40 OZ.<\/p>\n","protected":false},"featured_media":5297,"comment_status":"closed","ping_status":"closed","template":"","meta":{"_joinchat":[]},"product_cat":[59],"product_tag":[],"class_list":{"0":"post-4420","1":"product","2":"type-product","3":"status-publish","4":"has-post-thumbnail","6":"product_cat-hogar","8":"first","9":"outofstock","10":"shipping-taxable","11":"purchasable","12":"product-type-variable"},"_links":{"self":[{"href":"https:\/\/bereketshop.com.mx\/index.php\/wp-json\/wp\/v2\/product\/4420","targetHints":{"allow":["GET"]}}],"collection":[{"href":"https:\/\/bereketshop.com.mx\/index.php\/wp-json\/wp\/v2\/product"}],"about":[{"href":"https:\/\/bereketshop.com.mx\/index.php\/wp-json\/wp\/v2\/types\/product"}],"replies":[{"embeddable":true,"href":"https:\/\/bereketshop.com.mx\/index.php\/wp-json\/wp\/v2\/comments?post=4420"}],"wp:featuredmedia":[{"embeddable":true,"href":"https:\/\/bereketshop.com.mx\/index.php\/wp-json\/wp\/v2\/media\/5297"}],"wp:attachment":[{"href":"https:\/\/bereketshop.com.mx\/index.php\/wp-json\/wp\/v2\/media?parent=4420"}],"wp:term":[{"taxonomy":"product_cat","embeddable":true,"href":"https:\/\/bereketshop.com.mx\/index.php\/wp-json\/wp\/v2\/product_cat?post=4420"},{"taxonomy":"product_tag","embeddable":true,"href":"https:\/\/bereketshop.com.mx\/index.php\/wp-json\/wp\/v2\/product_tag?post=4420"}],"curies":[{"name":"wp","href":"https:\/\/api.w.org\/{rel}","templated":true}]}}