{"id":4425,"date":"2023-11-05T17:16:06","date_gmt":"2023-11-05T16:16:06","guid":{"rendered":"https:\/\/sitio.bereketshop.com.mx\/?post_type=product&#038;p=4425"},"modified":"2024-09-11T17:02:00","modified_gmt":"2024-09-11T15:02:00","slug":"mini-aspiradora","status":"publish","type":"product","link":"https:\/\/bereketshop.com.mx\/index.php\/product\/mini-aspiradora\/","title":{"rendered":"Mini Aspiradora De Coche Inal\u00e1mbrica de mano de 120 W"},"content":{"rendered":"<h4>Caracter\u00edstica de producto:<\/h4>\n<ol>\n<li>Es adecuado tanto para el hogar como para el coche, limpiando cojines de coche, sof\u00e1s, escritorios, aviones o huecos y otros lugares.<\/li>\n<li>Carga r\u00e1pida, tiempo de uso prolongado. La aspiradora de mano inal\u00e1mbrica http:\/\/1.es\/tiene una bater\u00eda de iones de litio de gran capacidad de 4000 mAh incorporada, que se puede cargar completamente en aproximadamente 3 horas y puede funcionar de forma continua durante m\u00e1s de 30 minutos (la luz USB muestra rojo para carga normal y verde para completamente cargado).<\/li>\n<li>Se puede cargar a trav\u00e9s de la interfaz USB del autom\u00f3vil, toma de corriente, cargador de tel\u00e9fono m\u00f3vil, fuente de alimentaci\u00f3n m\u00f3vil, computadora port\u00e1til, PC, etc. El chip de protecci\u00f3n de la bater\u00eda se adopta para evitar que la bater\u00eda se da\u00f1e por sobrecarga o uso<\/li>\n<li>Totalmente Port\u00e1til Con un peso de solo 482 g, lo que le permite limpiar durante m\u00e1s tiempo sin que sus brazos se sientan fatigados.La aspiradora de mano inal\u00e1mbrica est\u00e1 dise\u00f1ada para adaptarse al uso de las personas.<\/li>\n<li>El dise\u00f1o curvo y los materiales met\u00e1licos mate ofrecen un \u00e1ngulo y una sensaci\u00f3n en la mano apropiados. Dise\u00f1o liviano y ergon\u00f3mico, sosteniendo este recogedor de polvo puede llegar f\u00e1cilmente a varios rincones.<\/li>\n<\/ol>\n<p>La mejor opci\u00f3n inteligente tanto para la limpieza del coche como del hogar. Se puede lavar f\u00e1cil y repetidamente y se mantiene como nuevo. El compartimento Du-st es transparente, por lo que puedes ver la suciedad acumulada mientras se limpia sin comprobar.<\/p>\n<p><strong>\u00a0<\/strong><\/p>\n<p>&nbsp;<\/p>\n","protected":false},"excerpt":{"rendered":"<p style=\"text-align: center;\">\u00a0Mini Aspiradora |\u00a0 Adecuada Tanto Para El Hogar | Como Para El Coche| Limpiando Cojines De Coche | Sof\u00e1s | Escritorios | Aviones | Huecos\u00a0 | Otros Lugares | Carga r\u00e1pida | Tiempo de uso prolongado.<\/p>\n","protected":false},"featured_media":4704,"comment_status":"closed","ping_status":"closed","template":"","meta":{"_joinchat":[]},"product_cat":[242,59],"product_tag":[],"class_list":{"0":"post-4425","1":"product","2":"type-product","3":"status-publish","4":"has-post-thumbnail","6":"product_cat-242","7":"product_cat-hogar","9":"first","10":"instock","11":"shipping-taxable","12":"purchasable","13":"product-type-simple"},"_links":{"self":[{"href":"https:\/\/bereketshop.com.mx\/index.php\/wp-json\/wp\/v2\/product\/4425","targetHints":{"allow":["GET"]}}],"collection":[{"href":"https:\/\/bereketshop.com.mx\/index.php\/wp-json\/wp\/v2\/product"}],"about":[{"href":"https:\/\/bereketshop.com.mx\/index.php\/wp-json\/wp\/v2\/types\/product"}],"replies":[{"embeddable":true,"href":"https:\/\/bereketshop.com.mx\/index.php\/wp-json\/wp\/v2\/comments?post=4425"}],"wp:featuredmedia":[{"embeddable":true,"href":"https:\/\/bereketshop.com.mx\/index.php\/wp-json\/wp\/v2\/media\/4704"}],"wp:attachment":[{"href":"https:\/\/bereketshop.com.mx\/index.php\/wp-json\/wp\/v2\/media?parent=4425"}],"wp:term":[{"taxonomy":"product_cat","embeddable":true,"href":"https:\/\/bereketshop.com.mx\/index.php\/wp-json\/wp\/v2\/product_cat?post=4425"},{"taxonomy":"product_tag","embeddable":true,"href":"https:\/\/bereketshop.com.mx\/index.php\/wp-json\/wp\/v2\/product_tag?post=4425"}],"curies":[{"name":"wp","href":"https:\/\/api.w.org\/{rel}","templated":true}]}}