{"id":4427,"date":"2023-11-05T17:16:06","date_gmt":"2023-11-05T16:16:06","guid":{"rendered":"https:\/\/sitio.bereketshop.com.mx\/?post_type=product&#038;p=4427"},"modified":"2024-09-11T18:57:15","modified_gmt":"2024-09-11T16:57:15","slug":"mini-plancha","status":"publish","type":"product","link":"https:\/\/bereketshop.com.mx\/index.php\/product\/mini-plancha\/","title":{"rendered":"Mini Plancha De Bolsillo"},"content":{"rendered":"<h4><strong>CARACTER\u00cdSTICAS:<\/strong><\/h4>\n<ul>\n<li>Esta plancha de pelo es adecuada para todas las longitudes de cabello, ya sea que tenga cabello rizado o liso. Es termost\u00e1tico, por lo que puede ajustar f\u00e1cilmente la temperatura al nivel deseado. Y se puede usar en el cabello seco o mojado, por lo que es perfecto para cuando est\u00e1s en movimiento y no tienes tiempo para secarte el cabello primero.<\/li>\n<li>Esta plancha de pelo no solo es f\u00e1cil de usar, sino que tambi\u00e9n es f\u00e1cil de llevar contigo cuando viajas. Su aspecto encantador lo convierte en Un accesorio elegante para llevar en su equipaje o bolso.<\/li>\n<li>No se preocupe por da\u00f1ar su cabello cuando use este alisador. Su rendimiento estable y esmalte cer\u00e1mico i\u00f3nico negativo aseguran que su cabello se mantenga saludable y brillante. Y su panel flotante 3D trabaja para reducir el da\u00f1o del cabello, para que pueda disfrutar de un Cabello Hermoso y elegante sin ninguna culpa.<\/li>\n<li>Ya sea que est\u00e9 buscando un alisado de cabello o un alisador para crear cabello ondulado, este mini alisador de cabello lo tiene cubierto. Su f\u00e1cil manejo y sus m\u00faltiples caracter\u00edsticas lo convierten en un complemento vers\u00e1til e imprescindible para su rutina de peinado. No pierda la oportunidad de tener un cabello suave y hermoso con la ayuda de esta mini plancha.<\/li>\n<\/ul>\n<p>COLOR ES VARIABLE<\/p>\n","protected":false},"excerpt":{"rendered":"<p style=\"text-align: center;\">Mini Plancha De Cabello De Bolsillo 2 En 1 Alaciado |\u00a0 Rizado | Ideal para viajes | Plancha de bolsillo.<\/p>\n","protected":false},"featured_media":4709,"comment_status":"closed","ping_status":"closed","template":"","meta":{"_joinchat":[]},"product_cat":[246,59],"product_tag":[],"class_list":{"0":"post-4427","1":"product","2":"type-product","3":"status-publish","4":"has-post-thumbnail","6":"product_cat-246","7":"product_cat-hogar","9":"first","10":"instock","11":"shipping-taxable","12":"purchasable","13":"product-type-variable"},"_links":{"self":[{"href":"https:\/\/bereketshop.com.mx\/index.php\/wp-json\/wp\/v2\/product\/4427","targetHints":{"allow":["GET"]}}],"collection":[{"href":"https:\/\/bereketshop.com.mx\/index.php\/wp-json\/wp\/v2\/product"}],"about":[{"href":"https:\/\/bereketshop.com.mx\/index.php\/wp-json\/wp\/v2\/types\/product"}],"replies":[{"embeddable":true,"href":"https:\/\/bereketshop.com.mx\/index.php\/wp-json\/wp\/v2\/comments?post=4427"}],"wp:featuredmedia":[{"embeddable":true,"href":"https:\/\/bereketshop.com.mx\/index.php\/wp-json\/wp\/v2\/media\/4709"}],"wp:attachment":[{"href":"https:\/\/bereketshop.com.mx\/index.php\/wp-json\/wp\/v2\/media?parent=4427"}],"wp:term":[{"taxonomy":"product_cat","embeddable":true,"href":"https:\/\/bereketshop.com.mx\/index.php\/wp-json\/wp\/v2\/product_cat?post=4427"},{"taxonomy":"product_tag","embeddable":true,"href":"https:\/\/bereketshop.com.mx\/index.php\/wp-json\/wp\/v2\/product_tag?post=4427"}],"curies":[{"name":"wp","href":"https:\/\/api.w.org\/{rel}","templated":true}]}}