{"id":4434,"date":"2023-11-05T17:16:07","date_gmt":"2023-11-05T16:16:07","guid":{"rendered":"https:\/\/sitio.bereketshop.com.mx\/?post_type=product&#038;p=4434"},"modified":"2024-09-19T22:10:41","modified_gmt":"2024-09-19T20:10:41","slug":"maquina-de-algodon","status":"publish","type":"product","link":"https:\/\/bereketshop.com.mx\/index.php\/product\/maquina-de-algodon\/","title":{"rendered":"M\u00e1quina De Algodon De Azucar Casera"},"content":{"rendered":"<p>ESPECIFICACIONES:<\/p>\n<ul>\n<li>F\u00e1cil de usar, enciende la m\u00e1quina de algod\u00f3n y calienta durante 2 minutos y a\u00f1ade el az\u00facar del color que m\u00e1s te guste o hilo de caramelo.<\/li>\n<li>Puedes disfrutar de hacer un algod\u00f3n esponjoso y colorido en poco tiempo en la fiesta familiar, cumplea\u00f1os, etc.<\/li>\n<li>F\u00e1cil de desmontar y limpiar.<\/li>\n<li>Dise\u00f1o de un solo bot\u00f3n utiliza tubos de calefacci\u00f3n de cuarzo doble redondo y malla de acero de cobertura completa.<\/li>\n<li>No usar sin la supervisi\u00f3n de un adulto.<\/li>\n<\/ul>\n<p><strong>BENEFICIOS DEL PRODUCTO:<\/strong><\/p>\n<p>Puedes hacer ricos algodones de az\u00facar desde la comodidad de tu casa<\/p>\n<div id=\"gtx-trans\" style=\"position: absolute; left: -36px; top: 47.8px;\">\n<div class=\"gtx-trans-icon\"><\/div>\n<\/div>\n","protected":false},"excerpt":{"rendered":"<p style=\"text-align: center;\">Maquina Algod\u00f3n De Az\u00facar | Esta Bonita M\u00e1quina Transforma tu caramelo Favorito En Algod\u00f3n De Az\u00facar |\u00a0 Esponjoso Que Se Derrite En La Boca |\u00a0 Solo Toma Unos Minutos Para Hacer | Listos Para Ser Disfrutado\u00a0 | Muy Adecuado Para Fiestas | Grandes Reuniones |\u00a0 Fechas Tranquilas.<\/p>\n","protected":false},"featured_media":4697,"comment_status":"closed","ping_status":"closed","template":"","meta":{"_joinchat":[]},"product_cat":[253,59],"product_tag":[],"class_list":{"0":"post-4434","1":"product","2":"type-product","3":"status-publish","4":"has-post-thumbnail","6":"product_cat-253","7":"product_cat-hogar","9":"first","10":"instock","11":"sale","12":"shipping-taxable","13":"purchasable","14":"product-type-variable"},"_links":{"self":[{"href":"https:\/\/bereketshop.com.mx\/index.php\/wp-json\/wp\/v2\/product\/4434","targetHints":{"allow":["GET"]}}],"collection":[{"href":"https:\/\/bereketshop.com.mx\/index.php\/wp-json\/wp\/v2\/product"}],"about":[{"href":"https:\/\/bereketshop.com.mx\/index.php\/wp-json\/wp\/v2\/types\/product"}],"replies":[{"embeddable":true,"href":"https:\/\/bereketshop.com.mx\/index.php\/wp-json\/wp\/v2\/comments?post=4434"}],"wp:featuredmedia":[{"embeddable":true,"href":"https:\/\/bereketshop.com.mx\/index.php\/wp-json\/wp\/v2\/media\/4697"}],"wp:attachment":[{"href":"https:\/\/bereketshop.com.mx\/index.php\/wp-json\/wp\/v2\/media?parent=4434"}],"wp:term":[{"taxonomy":"product_cat","embeddable":true,"href":"https:\/\/bereketshop.com.mx\/index.php\/wp-json\/wp\/v2\/product_cat?post=4434"},{"taxonomy":"product_tag","embeddable":true,"href":"https:\/\/bereketshop.com.mx\/index.php\/wp-json\/wp\/v2\/product_tag?post=4434"}],"curies":[{"name":"wp","href":"https:\/\/api.w.org\/{rel}","templated":true}]}}