{"id":4436,"date":"2023-11-05T17:16:07","date_gmt":"2023-11-05T16:16:07","guid":{"rendered":"https:\/\/sitio.bereketshop.com.mx\/?post_type=product&#038;p=4436"},"modified":"2024-09-11T20:30:17","modified_gmt":"2024-09-11T18:30:17","slug":"piedra-depiladora","status":"publish","type":"product","link":"https:\/\/bereketshop.com.mx\/index.php\/product\/piedra-depiladora\/","title":{"rendered":"Cristal Depilador Sin Dolor"},"content":{"rendered":"<p><strong>CARACTER\u00cdSTICAS DEL PRODUCTO:<\/strong><\/p>\n<p><strong>Olv\u00eddate del dolor:<\/strong> Con el Cristal Depilador Removedor De Pelo Sin Dolor M\u00e1gico, la depilaci\u00f3n corporal ya no ser\u00e1 dolorosa. Su dise\u00f1o innovador y suavidad m\u00e1gica te permiten eliminar el vello de forma c\u00f3moda y sin dolor.<\/p>\n<p><strong>\u00a0Reutilizable y econ\u00f3mico:<\/strong> A diferencia de otros m\u00e9todos de depilaci\u00f3n, este depilador es reutilizable, lo que significa que puedes usarlo una y otra vez sin tener que gastar dinero en ceras o cuchillas desechables. \u00a1Es una inversi\u00f3n que te ahorrar\u00e1 dinero a largo plazo!<\/p>\n<p><strong>Exfoliaci\u00f3n suave y eficaz:<\/strong> Adem\u00e1s de eliminar el vello no deseado, este depilador tambi\u00e9n funciona como una herramienta exfoliante. Sus suaves cristales remueven las c\u00e9lulas muertas de la piel, dej\u00e1ndola suave y renovada. \u00a1Dos beneficios en uno!<\/p>\n<p><strong>\u00a0Seguro para todo tipo de piel:<\/strong> El Cristal Depilador Removedor De Pelo Sin Dolor M\u00e1gico es seguro para todo tipo de piel, incluyendo las m\u00e1s sensibles. No causa irritaci\u00f3n ni enrojecimiento, por lo que puedes utilizarlo con confianza en cualquier parte del cuerpo.<\/p>\n<p><strong>Regalo perfecto para mujeres:<\/strong> El borrador de cabello de cristal sin dolor es perfecto como regalo de verano para amantes, mujeres, amigos y familiares. Ligero y compacto, f\u00e1cil de llevar. Estos borradores de pelo de cristal son elegantes y \u00fanicos. Puedes elegir tu color favorito para mujer o qued\u00e1rtelo para ti. Si no est\u00e1 satisfecho con el producto, cont\u00e1ctenos.<\/p>\n<p><strong>Pr\u00e1ctico y f\u00e1cil de usar:<\/strong> Este depilador es compacto y f\u00e1cil de manejar, lo que lo convierte en una herramienta pr\u00e1ctica para llevar contigo a donde quiera que vayas. No requiere electricidad ni bater\u00edas, por lo que puedes usarlo en cualquier momento y lugar. \u00a1Depilaci\u00f3n sin complicaciones!<\/p>\n<p>BENEFICIOS:<\/p>\n<ul>\n<li>Reutilizable y econ\u00f3mico<\/li>\n<li>Exfoliaci\u00f3n suave y eficaz<\/li>\n<li>Seguro para todo tipo de piel<\/li>\n<li>Regalo perfecto para mujeres<\/li>\n<li>Pr\u00e1ctico y f\u00e1cil de usar<\/li>\n<\/ul>\n<div id=\"gtx-trans\" style=\"position: absolute; left: -43px; top: 47.8px;\">\n<div class=\"gtx-trans-icon\"><\/div>\n<\/div>\n","protected":false},"excerpt":{"rendered":"<p style=\"text-align: center;\">\u00a0Cristal Depilador Removedor De Pelo Sin Dolor M\u00e1gico |La Depilaci\u00f3n Corporal Ya No Ser\u00e1 Dolorosa| Su Dise\u00f1o Innovador\u00a0 | Suavidad M\u00e1gica | Te Permiten Eliminar El Vello | De Forma C\u00f3moda |\u00a0 Sin Dolor.<\/p>\n<div id=\"gtx-trans\" style=\"position: absolute; left: 199px; top: 37.8px;\">\n<div class=\"gtx-trans-icon\"><\/div>\n<\/div>\n","protected":false},"featured_media":4732,"comment_status":"closed","ping_status":"closed","template":"","meta":{"_joinchat":[]},"product_cat":[250,59],"product_tag":[],"class_list":{"0":"post-4436","1":"product","2":"type-product","3":"status-publish","4":"has-post-thumbnail","6":"product_cat-250","7":"product_cat-hogar","9":"first","10":"instock","11":"shipping-taxable","12":"purchasable","13":"product-type-variable"},"_links":{"self":[{"href":"https:\/\/bereketshop.com.mx\/index.php\/wp-json\/wp\/v2\/product\/4436","targetHints":{"allow":["GET"]}}],"collection":[{"href":"https:\/\/bereketshop.com.mx\/index.php\/wp-json\/wp\/v2\/product"}],"about":[{"href":"https:\/\/bereketshop.com.mx\/index.php\/wp-json\/wp\/v2\/types\/product"}],"replies":[{"embeddable":true,"href":"https:\/\/bereketshop.com.mx\/index.php\/wp-json\/wp\/v2\/comments?post=4436"}],"wp:featuredmedia":[{"embeddable":true,"href":"https:\/\/bereketshop.com.mx\/index.php\/wp-json\/wp\/v2\/media\/4732"}],"wp:attachment":[{"href":"https:\/\/bereketshop.com.mx\/index.php\/wp-json\/wp\/v2\/media?parent=4436"}],"wp:term":[{"taxonomy":"product_cat","embeddable":true,"href":"https:\/\/bereketshop.com.mx\/index.php\/wp-json\/wp\/v2\/product_cat?post=4436"},{"taxonomy":"product_tag","embeddable":true,"href":"https:\/\/bereketshop.com.mx\/index.php\/wp-json\/wp\/v2\/product_tag?post=4436"}],"curies":[{"name":"wp","href":"https:\/\/api.w.org\/{rel}","templated":true}]}}