{"id":4439,"date":"2023-11-05T17:16:11","date_gmt":"2023-11-05T16:16:11","guid":{"rendered":"https:\/\/sitio.bereketshop.com.mx\/?post_type=product&#038;p=4439"},"modified":"2024-09-19T22:24:52","modified_gmt":"2024-09-19T20:24:52","slug":"contenedor-comida","status":"publish","type":"product","link":"https:\/\/bereketshop.com.mx\/index.php\/product\/contenedor-comida\/","title":{"rendered":"Contenedor Almacenamiento De Alimentos 7 Piezas"},"content":{"rendered":"<h3>CARACTER\u00cdSTICAS:<\/h3>\n<p>Recipientes de almacenamiento de cocina Juego de 7 recipientes herm\u00e9ticos de almacenamiento de alimentos.<\/p>\n<h5>Incluye:<\/h5>\n<p>1 recipiente alto (2,8 litros)<\/p>\n<p>2 recipientes medianos (2 litros)<\/p>\n<p>2 recipientes peque\u00f1os (1,4 litros)<\/p>\n<p>2 mini recipientes (0,8 litros).<\/p>\n<p>Lo que le permite organizar su cocina y despensa como nunca antes, para todas sus necesidades de almacenamiento.<\/p>\n<p><strong>Materiales seguros de grado alimenticio:<\/strong> hechos de pl\u00e1stico de grado alimenticio LIBRE de BPA de alta calidad, no contienen sustancias nocivas. Material sano y seguro, por lo que no tiene que preocuparse por la penetraci\u00f3n de toxinas en los alimentos.<\/p>\n<p>El cuerpo del contenedor de cereales es lo suficientemente resistente y duradero para un uso prolongado, puede ver r\u00e1pidamente lo que hay dentro con solo un vistazo.<\/p>\n<p><strong>Mantenga los alimentos secos y frescos:<\/strong> las tapas de cierre de 4 lados de la caja de cereal con sello de silicona aseguran que no entre aire o agua, manteniendo su cereal s\u00faper fresco y seco, y siempre le permiten probar cereales crujientes y deliciosos, ya no se preocupe. sobre los cereales que se ablandan y afectan el sabor.<\/p>\n<p><strong>Contenedores de almacenamiento de despensa multifuncionales<\/strong>: las cajas de cereales no solo son ideales para almacenar cereales para el desayuno, sino que tambi\u00e9n son perfectas para almacenar diferentes tipos de suministros para hornear, cheerios, avena, pasta, frijoles, arroz, harina, hojuelas de ma\u00edz, espaguetis, macarrones, az\u00facar, caf\u00e9, bocadillos, nueces, alimentos naturales saludables, alimentos secos e incluso alimentos para mascotas o cualquier otra cosa que necesite almacenar.<\/p>\n<p><strong>Ahorro de espacio:<\/strong> los contenedores de almacenamiento de alimentos apilables han sido dise\u00f1ados y mejorados profesionalmente para minimizar el espacio y caben f\u00e1cilmente en su refrigerador, congelador o alacenas, lo que le permite organizar la cocina y libera espacio en la despensa, haciendo que su cocina y despensa se mantengan.<\/p>\n","protected":false},"excerpt":{"rendered":"<p style=\"text-align: center;\">Contenedores para almacenar alimento | 7 pl\u00e1stico sin bpa para almacenamiento de cereales |Recipientes apilables para almacenamiento de alimentos secos |\u00a0 Para la organizaci\u00f3n de la despensa de la cocina.<\/p>\n","protected":false},"featured_media":4653,"comment_status":"closed","ping_status":"closed","template":"","meta":{"_joinchat":[]},"product_cat":[253,59],"product_tag":[],"class_list":{"0":"post-4439","1":"product","2":"type-product","3":"status-publish","4":"has-post-thumbnail","6":"product_cat-253","7":"product_cat-hogar","9":"first","10":"instock","11":"sale","12":"shipping-taxable","13":"purchasable","14":"product-type-simple"},"_links":{"self":[{"href":"https:\/\/bereketshop.com.mx\/index.php\/wp-json\/wp\/v2\/product\/4439","targetHints":{"allow":["GET"]}}],"collection":[{"href":"https:\/\/bereketshop.com.mx\/index.php\/wp-json\/wp\/v2\/product"}],"about":[{"href":"https:\/\/bereketshop.com.mx\/index.php\/wp-json\/wp\/v2\/types\/product"}],"replies":[{"embeddable":true,"href":"https:\/\/bereketshop.com.mx\/index.php\/wp-json\/wp\/v2\/comments?post=4439"}],"wp:featuredmedia":[{"embeddable":true,"href":"https:\/\/bereketshop.com.mx\/index.php\/wp-json\/wp\/v2\/media\/4653"}],"wp:attachment":[{"href":"https:\/\/bereketshop.com.mx\/index.php\/wp-json\/wp\/v2\/media?parent=4439"}],"wp:term":[{"taxonomy":"product_cat","embeddable":true,"href":"https:\/\/bereketshop.com.mx\/index.php\/wp-json\/wp\/v2\/product_cat?post=4439"},{"taxonomy":"product_tag","embeddable":true,"href":"https:\/\/bereketshop.com.mx\/index.php\/wp-json\/wp\/v2\/product_tag?post=4439"}],"curies":[{"name":"wp","href":"https:\/\/api.w.org\/{rel}","templated":true}]}}