{"id":4440,"date":"2023-11-05T17:16:11","date_gmt":"2023-11-05T16:16:11","guid":{"rendered":"https:\/\/sitio.bereketshop.com.mx\/?post_type=product&#038;p=4440"},"modified":"2024-09-13T20:54:51","modified_gmt":"2024-09-13T18:54:51","slug":"organizador-escritorio","status":"publish","type":"product","link":"https:\/\/bereketshop.com.mx\/index.php\/product\/organizador-escritorio\/","title":{"rendered":"Organizador Para Escritorio"},"content":{"rendered":"<h4>CARACTER\u00cdSTICAS:<\/h4>\n<p><span data-sheets-root=\"1\" data-sheets-value=\"{&quot;1&quot;:2,&quot;2&quot;:&quot;Paquete incluido:\\n1 x organizador de escritorio de bricolaje con tornillos de montaje\\n1 x soporte para tel\u00e9fono\\n\\nEspecificaciones:\\n- Material: madera ecol\u00f3gica\\n- Color: Madera de cerezo\\n- Tama\u00f1o: 24.5*15*25.4 CM\\n- Ocasi\u00f3n: hogar, oficina y escuela.\\n\\n1. Estable y Resistente:\\nHecho de un panel ecol\u00f3gico de alta densidad, viene con una bolsa de tornillos para sujetar, que conectan firmemente cada parte, no se necesitan herramientas adicionales, es la mejor y m\u00e1s segura opci\u00f3n de almacenamiento para usted.\\n\\n2. F\u00e1cil de Montar:\\nMontaje en casa r\u00e1pido y f\u00e1cil, crea tu propio organizador de escritorio y disfruta de la diversi\u00f3n del bricolaje.\\n\\n3. Multifuncional:\\n9 compartimentos inclinables y 3 compartimentos de fondo plano y 1 caj\u00f3n extra\u00edble: contiene bol\u00edgrafos, grapadora, bloc de notas, clips y monedas, as\u00ed como su tel\u00e9fono inteligente, etc.\\n\\n4. D\u00edgale adi\u00f3s a su escritorio, la mejor opci\u00f3n para la oficina en casa, le proporciona un entorno ordenado y ahorra espacio.\\n\\n5. Un buen regalo para su colega o amigos.&quot;}\" data-sheets-userformat=\"{&quot;2&quot;:13249,&quot;3&quot;:{&quot;1&quot;:0},&quot;9&quot;:0,&quot;10&quot;:0,&quot;11&quot;:3,&quot;12&quot;:0,&quot;15&quot;:&quot;Calibri&quot;,&quot;16&quot;:12}\"><strong>1. Estable y Resistente:<\/strong><br \/>\nHecho de un panel ecol\u00f3gico de alta densidad, viene con una bolsa de tornillos para sujetar, que conectan firmemente cada parte, no se necesitan herramientas adicionales, es la mejor y m\u00e1s segura opci\u00f3n de almacenamiento para usted.<\/span><\/p>\n<p><strong>2. F\u00e1cil de Montar:<\/strong><br \/>\nMontaje en casa r\u00e1pido y f\u00e1cil, crea tu propio organizador de escritorio y disfruta de la diversi\u00f3n del bricolaje.<\/p>\n<p><strong>3. Multifuncional:<\/strong><br \/>\n9 compartimentos inclinables y 3 compartimentos de fondo plano y 1 caj\u00f3n extra\u00edble: contiene bol\u00edgrafos, grapadora, bloc de notas, clips y monedas, as\u00ed como su tel\u00e9fono inteligente, etc.<\/p>\n<p><strong>4. D\u00edgale adi\u00f3s a su escritorio:<\/strong><\/p>\n<p><span data-sheets-root=\"1\" data-sheets-value=\"{&quot;1&quot;:2,&quot;2&quot;:&quot;Paquete incluido:\\n1 x organizador de escritorio de bricolaje con tornillos de montaje\\n1 x soporte para tel\u00e9fono\\n\\nEspecificaciones:\\n- Material: madera ecol\u00f3gica\\n- Color: Madera de cerezo\\n- Tama\u00f1o: 24.5*15*25.4 CM\\n- Ocasi\u00f3n: hogar, oficina y escuela.\\n\\n1. Estable y Resistente:\\nHecho de un panel ecol\u00f3gico de alta densidad, viene con una bolsa de tornillos para sujetar, que conectan firmemente cada parte, no se necesitan herramientas adicionales, es la mejor y m\u00e1s segura opci\u00f3n de almacenamiento para usted.\\n\\n2. F\u00e1cil de Montar:\\nMontaje en casa r\u00e1pido y f\u00e1cil, crea tu propio organizador de escritorio y disfruta de la diversi\u00f3n del bricolaje.\\n\\n3. Multifuncional:\\n9 compartimentos inclinables y 3 compartimentos de fondo plano y 1 caj\u00f3n extra\u00edble: contiene bol\u00edgrafos, grapadora, bloc de notas, clips y monedas, as\u00ed como su tel\u00e9fono inteligente, etc.\\n\\n4. D\u00edgale adi\u00f3s a su escritorio, la mejor opci\u00f3n para la oficina en casa, le proporciona un entorno ordenado y ahorra espacio.\\n\\n5. Un buen regalo para su colega o amigos.&quot;}\" data-sheets-userformat=\"{&quot;2&quot;:13249,&quot;3&quot;:{&quot;1&quot;:0},&quot;9&quot;:0,&quot;10&quot;:0,&quot;11&quot;:3,&quot;12&quot;:0,&quot;15&quot;:&quot;Calibri&quot;,&quot;16&quot;:12}\">La mejor opci\u00f3n para la oficina en casa, le proporciona un entorno ordenado y ahorra espacio.<\/span><\/p>\n<p><strong>5. Un buen regalo para su colega o amigos.<\/strong><\/p>\n<p>&nbsp;<\/p>\n<p><strong>Paquete incluido:<\/strong><\/p>\n<p><span data-sheets-root=\"1\" data-sheets-value=\"{&quot;1&quot;:2,&quot;2&quot;:&quot;Paquete incluido:\\n1 x organizador de escritorio de bricolaje con tornillos de montaje\\n1 x soporte para tel\u00e9fono\\n\\nEspecificaciones:\\n- Material: madera ecol\u00f3gica\\n- Color: Madera de cerezo\\n- Tama\u00f1o: 24.5*15*25.4 CM\\n- Ocasi\u00f3n: hogar, oficina y escuela.\\n\\n1. Estable y Resistente:\\nHecho de un panel ecol\u00f3gico de alta densidad, viene con una bolsa de tornillos para sujetar, que conectan firmemente cada parte, no se necesitan herramientas adicionales, es la mejor y m\u00e1s segura opci\u00f3n de almacenamiento para usted.\\n\\n2. F\u00e1cil de Montar:\\nMontaje en casa r\u00e1pido y f\u00e1cil, crea tu propio organizador de escritorio y disfruta de la diversi\u00f3n del bricolaje.\\n\\n3. Multifuncional:\\n9 compartimentos inclinables y 3 compartimentos de fondo plano y 1 caj\u00f3n extra\u00edble: contiene bol\u00edgrafos, grapadora, bloc de notas, clips y monedas, as\u00ed como su tel\u00e9fono inteligente, etc.\\n\\n4. D\u00edgale adi\u00f3s a su escritorio, la mejor opci\u00f3n para la oficina en casa, le proporciona un entorno ordenado y ahorra espacio.\\n\\n5. Un buen regalo para su colega o amigos.&quot;}\" data-sheets-userformat=\"{&quot;2&quot;:13249,&quot;3&quot;:{&quot;1&quot;:0},&quot;9&quot;:0,&quot;10&quot;:0,&quot;11&quot;:3,&quot;12&quot;:0,&quot;15&quot;:&quot;Calibri&quot;,&quot;16&quot;:12}\">1 x organizador de escritorio de bricolaje con tornillos de montaje<br \/>\n1 x soporte para tel\u00e9fono.<\/span><\/p>\n<p>&nbsp;<\/p>\n<p><strong>Especificaciones:<\/strong><\/p>\n<p><span data-sheets-root=\"1\" data-sheets-value=\"{&quot;1&quot;:2,&quot;2&quot;:&quot;Paquete incluido:\\n1 x organizador de escritorio de bricolaje con tornillos de montaje\\n1 x soporte para tel\u00e9fono\\n\\nEspecificaciones:\\n- Material: madera ecol\u00f3gica\\n- Color: Madera de cerezo\\n- Tama\u00f1o: 24.5*15*25.4 CM\\n- Ocasi\u00f3n: hogar, oficina y escuela.\\n\\n1. Estable y Resistente:\\nHecho de un panel ecol\u00f3gico de alta densidad, viene con una bolsa de tornillos para sujetar, que conectan firmemente cada parte, no se necesitan herramientas adicionales, es la mejor y m\u00e1s segura opci\u00f3n de almacenamiento para usted.\\n\\n2. F\u00e1cil de Montar:\\nMontaje en casa r\u00e1pido y f\u00e1cil, crea tu propio organizador de escritorio y disfruta de la diversi\u00f3n del bricolaje.\\n\\n3. Multifuncional:\\n9 compartimentos inclinables y 3 compartimentos de fondo plano y 1 caj\u00f3n extra\u00edble: contiene bol\u00edgrafos, grapadora, bloc de notas, clips y monedas, as\u00ed como su tel\u00e9fono inteligente, etc.\\n\\n4. D\u00edgale adi\u00f3s a su escritorio, la mejor opci\u00f3n para la oficina en casa, le proporciona un entorno ordenado y ahorra espacio.\\n\\n5. Un buen regalo para su colega o amigos.&quot;}\" data-sheets-userformat=\"{&quot;2&quot;:13249,&quot;3&quot;:{&quot;1&quot;:0},&quot;9&quot;:0,&quot;10&quot;:0,&quot;11&quot;:3,&quot;12&quot;:0,&quot;15&quot;:&quot;Calibri&quot;,&quot;16&quot;:12}\">&#8211; Material: madera ecol\u00f3gica<br \/>\n&#8211; Color: Madera de cerezo<br \/>\n&#8211; Tama\u00f1o: 24.5*15*25.4 CM<br \/>\n&#8211; Ocasi\u00f3n: hogar, oficina y escuela.<\/span><\/p>\n<p>&nbsp;<\/p>\n<div id=\"gtx-trans\" style=\"position: absolute; left: -164px; top: 47.8px;\">\n<div class=\"gtx-trans-icon\"><\/div>\n<\/div>\n","protected":false},"excerpt":{"rendered":"<p style=\"text-align: center;\">Organizador De Escritorio | Madera\u00a0 | Oficina Con Caj\u00f3n | Y Soporte.<\/p>\n<div id=\"gtx-trans\" style=\"position: absolute; left: -136px; top: -8.8px;\">\n<div class=\"gtx-trans-icon\"><\/div>\n<\/div>\n","protected":false},"featured_media":4723,"comment_status":"closed","ping_status":"closed","template":"","meta":{"_joinchat":[]},"product_cat":[242,59],"product_tag":[],"class_list":{"0":"post-4440","1":"product","2":"type-product","3":"status-publish","4":"has-post-thumbnail","6":"product_cat-242","7":"product_cat-hogar","9":"first","10":"outofstock","11":"sale","12":"shipping-taxable","13":"purchasable","14":"product-type-simple"},"_links":{"self":[{"href":"https:\/\/bereketshop.com.mx\/index.php\/wp-json\/wp\/v2\/product\/4440","targetHints":{"allow":["GET"]}}],"collection":[{"href":"https:\/\/bereketshop.com.mx\/index.php\/wp-json\/wp\/v2\/product"}],"about":[{"href":"https:\/\/bereketshop.com.mx\/index.php\/wp-json\/wp\/v2\/types\/product"}],"replies":[{"embeddable":true,"href":"https:\/\/bereketshop.com.mx\/index.php\/wp-json\/wp\/v2\/comments?post=4440"}],"wp:featuredmedia":[{"embeddable":true,"href":"https:\/\/bereketshop.com.mx\/index.php\/wp-json\/wp\/v2\/media\/4723"}],"wp:attachment":[{"href":"https:\/\/bereketshop.com.mx\/index.php\/wp-json\/wp\/v2\/media?parent=4440"}],"wp:term":[{"taxonomy":"product_cat","embeddable":true,"href":"https:\/\/bereketshop.com.mx\/index.php\/wp-json\/wp\/v2\/product_cat?post=4440"},{"taxonomy":"product_tag","embeddable":true,"href":"https:\/\/bereketshop.com.mx\/index.php\/wp-json\/wp\/v2\/product_tag?post=4440"}],"curies":[{"name":"wp","href":"https:\/\/api.w.org\/{rel}","templated":true}]}}