{"id":4441,"date":"2023-11-05T17:16:11","date_gmt":"2023-11-05T16:16:11","guid":{"rendered":"https:\/\/sitio.bereketshop.com.mx\/?post_type=product&#038;p=4441"},"modified":"2024-05-02T17:01:10","modified_gmt":"2024-05-02T15:01:10","slug":"cepillo-alaciador","status":"publish","type":"product","link":"https:\/\/bereketshop.com.mx\/index.php\/product\/cepillo-alaciador\/","title":{"rendered":"Cepillo De Aire Alaciador"},"content":{"rendered":"<h5>CARACTER\u00cdSTICAS:<\/h5>\n<p><strong><em>EL\u00c9CTRICAS SECADOR CEPILLO DE PELO MULTIAL:<\/em><\/strong><br \/>\nOfrece una forma moderna de secar, el\u00e9ctrico una combinaci\u00f3n perfecta de secador, el\u00e9ctricos rizador, el\u00e9ctrica plancha y cepillo.El cord\u00f3n giratorio de 360 y el dise\u00f1o ovalado le brindan flexibilidad para moverse libremente sin que el cord\u00f3n belleza o las cerdas se enreden, creando f\u00e1cilmente volumen en su cabello.<\/p>\n<p><strong><em>DISE\u00d1O ACTUALIZADO DEL CEPILLO DE AIRE CALIENTE:<\/em><\/strong><br \/>\nA diferencia de los secadores de cabello convencional, Todo estos el\u00e9ctrico secadores de cabello se pueden colocar m\u00e1s cerca del cuero cabelludo para levantarlo. m\u00e1s suave y brillante, cuidados de cabello, consigue el cabello so\u00f1ador y domesticado que siempre has querido.<\/p>\n<p><strong><em>TECNOLOG\u00cdA I\u00d3NICA:<\/em><\/strong><br \/>\nEl\u00e9ctrica los iones negativos liberados por el cepillo de aire caliente aumentar la humedad del cabello, esto ayudar\u00e1 a acondicionar su cabello y nutrir el nutrir el cabello da\u00f1ado, reduciendo as\u00ed las puntas abiertas y los nudos.Una opci\u00f3n fant\u00e1stica para el cuidado de su cabello en salud y niveles personal.<\/p>\n<p><strong>OPERACI\u00d3N SIMPLE:<\/strong><br \/>\n3 de calor ajustables para satisfacer sus diferentes, para que hacer un peinado pueda diferentes necesidades, para que hacer un peinado, diferente calentar r\u00e1pidamente puede necesidades y puede moldear f\u00e1cilmente su cabello en 10-20 minutos.La parte inferior es un interruptor de engranaje ajuste de giratorio, Alto calor para cabello grueso, calor medio para cabello fino da\u00f1ado, CALOR BAJO para peinado, ajuste flexible para fijar su hermoso peinado.<\/p>\n<p><em><strong>AHORRE TIEMPO CON UN ESTILO EFICIENTE:<\/strong><\/em><br \/>\nEste cepillo secador de pelo profesional 4 en 1 combina las caracter\u00edsticas de un secador de pelo, moldeador, plancha y rizador, le permite completar de manera f\u00e1cil, c\u00f3moda y eficiente los exquisitos y sobresalientes resultados de la explosi\u00f3n del sal\u00f3n en menos tiempo.<\/p>\n<p><strong>INSTRUCCIONES:<\/strong><\/p>\n<p>Paso 1: Para obtener m\u00e1s r\u00e1pidos, seca el cabello con una toalla para eliminar el exceso de agua y luego pasa un peine a trav\u00e9s del cabello h\u00famedo para obtener para obtener los mejores resultados.<br \/>\nPaso 2: Separa el pelo en secciones manejables.<br \/>\nPaso 3: Para un soplado suave, coloca el cepillo cerca de las ra\u00edces y cepilla hacia abajo hacia los extremos.<br \/>\nPaso 4:\u00a0 Las cerdas redondeadas de nailon desenredan el cabello, mientras que las cerdas de pelo entretejidas agarran suavemente el cabello para alisar el cabello.<br \/>\nPaso 5: Coloca el cepillo bajo el pelo cerca de las ra\u00edces y enr\u00f3llalo hacia el exterior hasta los extremos.<br \/>\nPaso 6: Coloca el cepillo en los rizos hacia adentro bajo los extremos y mant\u00e9n presionado durante 2 o 3 segundos antes de girarlo.<\/p>\n<p>Color: Multicolor<\/p>\n","protected":false},"excerpt":{"rendered":"<p style=\"text-align: center;\"><span data-sheets-root=\"1\" data-sheets-value=\"{&quot;1&quot;:2,&quot;2&quot;:&quot;Cepillos De Aire Caliente Para Cabello, Cepillo de Secador de Cabello, Cepillo de Aire Caliente con Iones Negativos para Rizos Rectos y Suaves Cepillo de Pelo y Secador de Pelo&quot;}\" data-sheets-userformat=\"{&quot;2&quot;:12737,&quot;3&quot;:{&quot;1&quot;:0,&quot;3&quot;:1},&quot;9&quot;:0,&quot;10&quot;:0,&quot;11&quot;:3,&quot;15&quot;:&quot;Calibri&quot;,&quot;16&quot;:12}\">Cepillos De Aire Caliente Para Cabello| Cepillo de Secador de Cabello |Cepillo de Aire Caliente con Iones Negativos para Rizos Rectos y Suaves | Cepillo de Pelo y Secador de Pelo.<\/span><\/p>\n","protected":false},"featured_media":4649,"comment_status":"closed","ping_status":"closed","template":"","meta":{"_joinchat":[]},"product_cat":[59],"product_tag":[],"class_list":{"0":"post-4441","1":"product","2":"type-product","3":"status-publish","4":"has-post-thumbnail","6":"product_cat-hogar","8":"first","9":"outofstock","10":"sale","11":"shipping-taxable","12":"purchasable","13":"product-type-simple"},"_links":{"self":[{"href":"https:\/\/bereketshop.com.mx\/index.php\/wp-json\/wp\/v2\/product\/4441","targetHints":{"allow":["GET"]}}],"collection":[{"href":"https:\/\/bereketshop.com.mx\/index.php\/wp-json\/wp\/v2\/product"}],"about":[{"href":"https:\/\/bereketshop.com.mx\/index.php\/wp-json\/wp\/v2\/types\/product"}],"replies":[{"embeddable":true,"href":"https:\/\/bereketshop.com.mx\/index.php\/wp-json\/wp\/v2\/comments?post=4441"}],"wp:featuredmedia":[{"embeddable":true,"href":"https:\/\/bereketshop.com.mx\/index.php\/wp-json\/wp\/v2\/media\/4649"}],"wp:attachment":[{"href":"https:\/\/bereketshop.com.mx\/index.php\/wp-json\/wp\/v2\/media?parent=4441"}],"wp:term":[{"taxonomy":"product_cat","embeddable":true,"href":"https:\/\/bereketshop.com.mx\/index.php\/wp-json\/wp\/v2\/product_cat?post=4441"},{"taxonomy":"product_tag","embeddable":true,"href":"https:\/\/bereketshop.com.mx\/index.php\/wp-json\/wp\/v2\/product_tag?post=4441"}],"curies":[{"name":"wp","href":"https:\/\/api.w.org\/{rel}","templated":true}]}}