{"id":4443,"date":"2023-11-05T17:16:12","date_gmt":"2023-11-05T16:16:12","guid":{"rendered":"https:\/\/sitio.bereketshop.com.mx\/?post_type=product&#038;p=4443"},"modified":"2024-09-20T19:28:43","modified_gmt":"2024-09-20T17:28:43","slug":"foco-de-camara-de-seguridad","status":"publish","type":"product","link":"https:\/\/bereketshop.com.mx\/index.php\/product\/foco-de-camara-de-seguridad\/","title":{"rendered":"Camara De Seguridad Foco"},"content":{"rendered":"<h4>CARACTER\u00cdSTICAS:<\/h4>\n<p><span data-sheets-root=\"1\" data-sheets-value=\"{&quot;1&quot;:2,&quot;2&quot;:&quot;360 GRADOS SIN TERMINALES MUERTOS\u3011 Security Cameras tiene una videovigilancia panor\u00e1mica de 360 \u200b\u200bgrados, sin \u00e1rea ciega, un motor de rotaci\u00f3n interna, d\u00f3nde desea ver, el disparo de crucero fijo puede establecer la ubicaci\u00f3n de disparo\\n\u3010IMAGEN HD\u3011 Las c\u00e1maras de seguridad para el hogar admiten una resoluci\u00f3n de alta definici\u00f3n de 1920x1080, p\u00edxeles de 1MP, admiten visi\u00f3n nocturna infrarroja, la visi\u00f3n nocturna infrarroja es de 20 metros y admite intercomunicador de voz bidireccional, grabaci\u00f3n de video continua y videos de detecci\u00f3n anormal, soporte para Android soporte del sistema para el sistema Android, sistema IOS, sistema inform\u00e1tico\\n\u3010ALERTA INTELIGENTE AI\u3011 La c\u00e1mara de seguridad con bombilla tiene pruebas de movimiento inteligentes. Despu\u00e9s de detectar el movimiento de los objetos, el seguimiento puede ser din\u00e1mico, preciso y brindarle una alarma de manera efectiva. \u00c1ngulo de rotaci\u00f3n: 360\u00b0 izquierda y derecha, 90\u00b0 arriba y abajo\\n\u3010INSTALACI\u00d3N SENCILLA\u3011 Monitoreo inteligente inal\u00e1mbrico, abra una nueva era sin necesidad de taladrar la instalaci\u00f3n, las l\u00e1mparas comunes del hogar se pueden reemplazar y usar. Es m\u00e1s conveniente para su uso diario e instalaci\u00f3n para garantizar que pueda estar muy seguro durante el d\u00eda y la noche.\\n\u3010SERVICIO POSTVENTA SATISFACTORIO\u3011tenemos un completo servicio posventa que le brinda un reembolso de 60 d\u00edas y una garant\u00eda de 12 meses. Si encuentra alg\u00fan problema, no dude en contactarnos, si usa Si todav\u00eda est\u00e1 satisfecho despu\u00e9s, tambi\u00e9n puede considerarnos si tiene otras necesidades de productos en el futuro. Haremos tu compra m\u00e1s a gusto.&quot;}\" data-sheets-userformat=\"{&quot;2&quot;:13249,&quot;3&quot;:{&quot;1&quot;:0},&quot;9&quot;:0,&quot;10&quot;:0,&quot;11&quot;:3,&quot;12&quot;:0,&quot;15&quot;:&quot;Calibri&quot;,&quot;16&quot;:12}\"><strong>360 GRADOS SIN TERMINALES MUERTOS:\u00a0<\/strong> Security Cameras tiene una videovigilancia panor\u00e1mica de 360 \u200b\u200bgrados, sin \u00e1rea ciega, un motor de rotaci\u00f3n interna, d\u00f3nde desea ver, el disparo de crucero fijo puede establecer la ubicaci\u00f3n de disparo.<\/span><\/p>\n<p><span data-sheets-root=\"1\" data-sheets-value=\"{&quot;1&quot;:2,&quot;2&quot;:&quot;360 GRADOS SIN TERMINALES MUERTOS\u3011 Security Cameras tiene una videovigilancia panor\u00e1mica de 360 \u200b\u200bgrados, sin \u00e1rea ciega, un motor de rotaci\u00f3n interna, d\u00f3nde desea ver, el disparo de crucero fijo puede establecer la ubicaci\u00f3n de disparo\\n\u3010IMAGEN HD\u3011 Las c\u00e1maras de seguridad para el hogar admiten una resoluci\u00f3n de alta definici\u00f3n de 1920x1080, p\u00edxeles de 1MP, admiten visi\u00f3n nocturna infrarroja, la visi\u00f3n nocturna infrarroja es de 20 metros y admite intercomunicador de voz bidireccional, grabaci\u00f3n de video continua y videos de detecci\u00f3n anormal, soporte para Android soporte del sistema para el sistema Android, sistema IOS, sistema inform\u00e1tico\\n\u3010ALERTA INTELIGENTE AI\u3011 La c\u00e1mara de seguridad con bombilla tiene pruebas de movimiento inteligentes. Despu\u00e9s de detectar el movimiento de los objetos, el seguimiento puede ser din\u00e1mico, preciso y brindarle una alarma de manera efectiva. \u00c1ngulo de rotaci\u00f3n: 360\u00b0 izquierda y derecha, 90\u00b0 arriba y abajo\\n\u3010INSTALACI\u00d3N SENCILLA\u3011 Monitoreo inteligente inal\u00e1mbrico, abra una nueva era sin necesidad de taladrar la instalaci\u00f3n, las l\u00e1mparas comunes del hogar se pueden reemplazar y usar. Es m\u00e1s conveniente para su uso diario e instalaci\u00f3n para garantizar que pueda estar muy seguro durante el d\u00eda y la noche.\\n\u3010SERVICIO POSTVENTA SATISFACTORIO\u3011tenemos un completo servicio posventa que le brinda un reembolso de 60 d\u00edas y una garant\u00eda de 12 meses. Si encuentra alg\u00fan problema, no dude en contactarnos, si usa Si todav\u00eda est\u00e1 satisfecho despu\u00e9s, tambi\u00e9n puede considerarnos si tiene otras necesidades de productos en el futuro. Haremos tu compra m\u00e1s a gusto.&quot;}\" data-sheets-userformat=\"{&quot;2&quot;:13249,&quot;3&quot;:{&quot;1&quot;:0},&quot;9&quot;:0,&quot;10&quot;:0,&quot;11&quot;:3,&quot;12&quot;:0,&quot;15&quot;:&quot;Calibri&quot;,&quot;16&quot;:12}\"><br \/>\n<strong>IMAGEN HD:<\/strong> Las c\u00e1maras de seguridad para el hogar admiten una resoluci\u00f3n de alta definici\u00f3n de 1920&#215;1080, p\u00edxeles de 1 MP, admiten visi\u00f3n nocturna infrarroja, la visi\u00f3n nocturna infrarroja es de 20 metros y admite intercomunicador de voz bidireccional, grabaci\u00f3n de video continua y videos de detecci\u00f3n anormal, soporte para Android soporte del sistema para el sistema Android, sistema IOS, sistema inform\u00e1tico.<\/span><\/p>\n<p><span data-sheets-root=\"1\" data-sheets-value=\"{&quot;1&quot;:2,&quot;2&quot;:&quot;360 GRADOS SIN TERMINALES MUERTOS\u3011 Security Cameras tiene una videovigilancia panor\u00e1mica de 360 \u200b\u200bgrados, sin \u00e1rea ciega, un motor de rotaci\u00f3n interna, d\u00f3nde desea ver, el disparo de crucero fijo puede establecer la ubicaci\u00f3n de disparo\\n\u3010IMAGEN HD\u3011 Las c\u00e1maras de seguridad para el hogar admiten una resoluci\u00f3n de alta definici\u00f3n de 1920x1080, p\u00edxeles de 1MP, admiten visi\u00f3n nocturna infrarroja, la visi\u00f3n nocturna infrarroja es de 20 metros y admite intercomunicador de voz bidireccional, grabaci\u00f3n de video continua y videos de detecci\u00f3n anormal, soporte para Android soporte del sistema para el sistema Android, sistema IOS, sistema inform\u00e1tico\\n\u3010ALERTA INTELIGENTE AI\u3011 La c\u00e1mara de seguridad con bombilla tiene pruebas de movimiento inteligentes. Despu\u00e9s de detectar el movimiento de los objetos, el seguimiento puede ser din\u00e1mico, preciso y brindarle una alarma de manera efectiva. \u00c1ngulo de rotaci\u00f3n: 360\u00b0 izquierda y derecha, 90\u00b0 arriba y abajo\\n\u3010INSTALACI\u00d3N SENCILLA\u3011 Monitoreo inteligente inal\u00e1mbrico, abra una nueva era sin necesidad de taladrar la instalaci\u00f3n, las l\u00e1mparas comunes del hogar se pueden reemplazar y usar. Es m\u00e1s conveniente para su uso diario e instalaci\u00f3n para garantizar que pueda estar muy seguro durante el d\u00eda y la noche.\\n\u3010SERVICIO POSTVENTA SATISFACTORIO\u3011tenemos un completo servicio posventa que le brinda un reembolso de 60 d\u00edas y una garant\u00eda de 12 meses. Si encuentra alg\u00fan problema, no dude en contactarnos, si usa Si todav\u00eda est\u00e1 satisfecho despu\u00e9s, tambi\u00e9n puede considerarnos si tiene otras necesidades de productos en el futuro. Haremos tu compra m\u00e1s a gusto.&quot;}\" data-sheets-userformat=\"{&quot;2&quot;:13249,&quot;3&quot;:{&quot;1&quot;:0},&quot;9&quot;:0,&quot;10&quot;:0,&quot;11&quot;:3,&quot;12&quot;:0,&quot;15&quot;:&quot;Calibri&quot;,&quot;16&quot;:12}\"><br \/>\n<strong>ALERTA INTELIGENTE AI:<\/strong> La c\u00e1mara de seguridad con bombilla tiene pruebas de movimiento inteligentes. Despu\u00e9s de detectar el movimiento de los objetos, el seguimiento puede ser din\u00e1mico, preciso y brindarle una alarma de manera efectiva. \u00c1ngulo de rotaci\u00f3n: 360\u00b0 izquierda y derecha, 90\u00b0 arriba y abajo.<\/span><\/p>\n<p><span data-sheets-root=\"1\" data-sheets-value=\"{&quot;1&quot;:2,&quot;2&quot;:&quot;360 GRADOS SIN TERMINALES MUERTOS\u3011 Security Cameras tiene una videovigilancia panor\u00e1mica de 360 \u200b\u200bgrados, sin \u00e1rea ciega, un motor de rotaci\u00f3n interna, d\u00f3nde desea ver, el disparo de crucero fijo puede establecer la ubicaci\u00f3n de disparo\\n\u3010IMAGEN HD\u3011 Las c\u00e1maras de seguridad para el hogar admiten una resoluci\u00f3n de alta definici\u00f3n de 1920x1080, p\u00edxeles de 1MP, admiten visi\u00f3n nocturna infrarroja, la visi\u00f3n nocturna infrarroja es de 20 metros y admite intercomunicador de voz bidireccional, grabaci\u00f3n de video continua y videos de detecci\u00f3n anormal, soporte para Android soporte del sistema para el sistema Android, sistema IOS, sistema inform\u00e1tico\\n\u3010ALERTA INTELIGENTE AI\u3011 La c\u00e1mara de seguridad con bombilla tiene pruebas de movimiento inteligentes. Despu\u00e9s de detectar el movimiento de los objetos, el seguimiento puede ser din\u00e1mico, preciso y brindarle una alarma de manera efectiva. \u00c1ngulo de rotaci\u00f3n: 360\u00b0 izquierda y derecha, 90\u00b0 arriba y abajo\\n\u3010INSTALACI\u00d3N SENCILLA\u3011 Monitoreo inteligente inal\u00e1mbrico, abra una nueva era sin necesidad de taladrar la instalaci\u00f3n, las l\u00e1mparas comunes del hogar se pueden reemplazar y usar. Es m\u00e1s conveniente para su uso diario e instalaci\u00f3n para garantizar que pueda estar muy seguro durante el d\u00eda y la noche.\\n\u3010SERVICIO POSTVENTA SATISFACTORIO\u3011tenemos un completo servicio posventa que le brinda un reembolso de 60 d\u00edas y una garant\u00eda de 12 meses. Si encuentra alg\u00fan problema, no dude en contactarnos, si usa Si todav\u00eda est\u00e1 satisfecho despu\u00e9s, tambi\u00e9n puede considerarnos si tiene otras necesidades de productos en el futuro. Haremos tu compra m\u00e1s a gusto.&quot;}\" data-sheets-userformat=\"{&quot;2&quot;:13249,&quot;3&quot;:{&quot;1&quot;:0},&quot;9&quot;:0,&quot;10&quot;:0,&quot;11&quot;:3,&quot;12&quot;:0,&quot;15&quot;:&quot;Calibri&quot;,&quot;16&quot;:12}\"><br \/>\n<strong>INSTALACI\u00d3N SENCILLA :<\/strong> Monitoreo inteligente inal\u00e1mbrico, abra una nueva era sin necesidad de taladrar la instalaci\u00f3n, las l\u00e1mparas comunes del hogar se pueden reemplazar y usar. Es m\u00e1s conveniente para su uso diario e instalaci\u00f3n para garantizar que pueda estar muy seguro durante el d\u00eda y la noche.<\/span><\/p>\n<p>&nbsp;<\/p>\n","protected":false},"excerpt":{"rendered":"<p style=\"text-align: center;\">C\u00e1Mara De Seguridad Con Bombilla | C\u00e1Mara De Seguridad Wifi | Inal\u00e1Mbrica | Para Interiores De 360 \u00b0 Visi\u00f3N Nocturna 1080P|\u00a0 C\u00e1Mara Con Bombilla De Seguimiento Autom\u00e1tico.<\/p>\n","protected":false},"featured_media":4671,"comment_status":"closed","ping_status":"closed","template":"","meta":{"_joinchat":[]},"product_cat":[253,59],"product_tag":[],"class_list":{"0":"post-4443","1":"product","2":"type-product","3":"status-publish","4":"has-post-thumbnail","6":"product_cat-253","7":"product_cat-hogar","9":"first","10":"instock","11":"sale","12":"shipping-taxable","13":"purchasable","14":"product-type-simple"},"_links":{"self":[{"href":"https:\/\/bereketshop.com.mx\/index.php\/wp-json\/wp\/v2\/product\/4443","targetHints":{"allow":["GET"]}}],"collection":[{"href":"https:\/\/bereketshop.com.mx\/index.php\/wp-json\/wp\/v2\/product"}],"about":[{"href":"https:\/\/bereketshop.com.mx\/index.php\/wp-json\/wp\/v2\/types\/product"}],"replies":[{"embeddable":true,"href":"https:\/\/bereketshop.com.mx\/index.php\/wp-json\/wp\/v2\/comments?post=4443"}],"wp:featuredmedia":[{"embeddable":true,"href":"https:\/\/bereketshop.com.mx\/index.php\/wp-json\/wp\/v2\/media\/4671"}],"wp:attachment":[{"href":"https:\/\/bereketshop.com.mx\/index.php\/wp-json\/wp\/v2\/media?parent=4443"}],"wp:term":[{"taxonomy":"product_cat","embeddable":true,"href":"https:\/\/bereketshop.com.mx\/index.php\/wp-json\/wp\/v2\/product_cat?post=4443"},{"taxonomy":"product_tag","embeddable":true,"href":"https:\/\/bereketshop.com.mx\/index.php\/wp-json\/wp\/v2\/product_tag?post=4443"}],"curies":[{"name":"wp","href":"https:\/\/api.w.org\/{rel}","templated":true}]}}