{"id":4445,"date":"2023-11-05T17:16:12","date_gmt":"2023-11-05T16:16:12","guid":{"rendered":"https:\/\/sitio.bereketshop.com.mx\/?post_type=product&#038;p=4445"},"modified":"2024-11-20T22:59:21","modified_gmt":"2024-11-20T21:59:21","slug":"autobus-de-belleza","status":"publish","type":"product","link":"https:\/\/bereketshop.com.mx\/index.php\/product\/autobus-de-belleza\/","title":{"rendered":"Autob\u00fas De Belleza Para Ni\u00f1as 3 En 1 25 Piezas"},"content":{"rendered":"<p>&nbsp;<\/p>\n<h5>CARACTERISTICAS:<\/h5>\n<p>Set 3 En 1 Ya Que Las Peque\u00f1as Pueden Jugar Con El Espejo En Dos Niveles Distintos, Y Al Cerrar Todo El Empaque Puede Jugar Con La Maleta En Forma De Autob\u00fas<\/p>\n<p>Recomendado Para Ni\u00f1as De 3 A\u00f1os En Adelante<\/p>\n<p>No T\u00f3xico y Pr\u00e1ctico<\/p>\n<p>Incluye 25 Piezas: Entre Espejo, Cepillos, Peines, Secadora De Cabello y M\u00e1s Para Que Las Peque\u00f1as Pasen Horas De Diversi\u00f3n<\/p>\n<p>No Usa Bater\u00edas<\/p>\n<p>Peso Del Paquete: 1 kg<\/p>\n<p>Tama\u00f1o Del Set Armado: 44*33*16 cm<\/p>\n<p>Tama\u00f1o Del Paquete: 26*13*18.5 cm<\/p>\n<p>Env\u00edo Inmediato a Toda La Rep\u00fablica Mexicana!!<br \/>\nColor: Rojo<\/p>\n","protected":false},"excerpt":{"rendered":"<p style=\"text-align: center;\">Incre\u00edble Set de Belleza Para Ni\u00f1as |Set 3 En 1\u00a0 | Ya Que Las Peque\u00f1as Pueden Jugar Con El Espejo | En Dos Niveles Distintos | Y Al Cerrar Todo El Empaque Puede Jugar Con La Maleta En Forma De Autob\u00fas| No T\u00f3xico |Pr\u00e1ctico | Incluye 25 Piezas|\u00a0 Pasen Horas De Diversi\u00f3n |No Usa Bater\u00edas.<\/p>\n","protected":false},"featured_media":4597,"comment_status":"closed","ping_status":"closed","template":"","meta":{"_joinchat":[]},"product_cat":[240,99],"product_tag":[],"class_list":{"0":"post-4445","1":"product","2":"type-product","3":"status-publish","4":"has-post-thumbnail","6":"product_cat-240","7":"product_cat-juguetes","9":"first","10":"instock","11":"sale","12":"shipping-taxable","13":"purchasable","14":"product-type-simple"},"_links":{"self":[{"href":"https:\/\/bereketshop.com.mx\/index.php\/wp-json\/wp\/v2\/product\/4445","targetHints":{"allow":["GET"]}}],"collection":[{"href":"https:\/\/bereketshop.com.mx\/index.php\/wp-json\/wp\/v2\/product"}],"about":[{"href":"https:\/\/bereketshop.com.mx\/index.php\/wp-json\/wp\/v2\/types\/product"}],"replies":[{"embeddable":true,"href":"https:\/\/bereketshop.com.mx\/index.php\/wp-json\/wp\/v2\/comments?post=4445"}],"wp:featuredmedia":[{"embeddable":true,"href":"https:\/\/bereketshop.com.mx\/index.php\/wp-json\/wp\/v2\/media\/4597"}],"wp:attachment":[{"href":"https:\/\/bereketshop.com.mx\/index.php\/wp-json\/wp\/v2\/media?parent=4445"}],"wp:term":[{"taxonomy":"product_cat","embeddable":true,"href":"https:\/\/bereketshop.com.mx\/index.php\/wp-json\/wp\/v2\/product_cat?post=4445"},{"taxonomy":"product_tag","embeddable":true,"href":"https:\/\/bereketshop.com.mx\/index.php\/wp-json\/wp\/v2\/product_tag?post=4445"}],"curies":[{"name":"wp","href":"https:\/\/api.w.org\/{rel}","templated":true}]}}