{"id":4450,"date":"2023-11-05T17:16:12","date_gmt":"2023-11-05T16:16:12","guid":{"rendered":"https:\/\/sitio.bereketshop.com.mx\/?post_type=product&#038;p=4450"},"modified":"2024-10-24T23:19:44","modified_gmt":"2024-10-24T21:19:44","slug":"camara-ninos","status":"publish","type":"product","link":"https:\/\/bereketshop.com.mx\/index.php\/product\/camara-ninos\/","title":{"rendered":"Camara HD Para Ni\u00f1os Practica y Divertida"},"content":{"rendered":"<p>CARACTERISTICAS:<\/p>\n<p><strong>C\u00e1mara HD de 8.0MP y 1080P<\/strong> Una imagen clara de 8.0 megap\u00edxeles y un video HD de 1080P proporcionar\u00e1n mejores resultados de disparo y alentar\u00e1n a los ni\u00f1os a desarrollar su creatividad. La maravillosa lente puede capturar el momento claro y v\u00edvido manteniendo los momentos felices de los ni\u00f1os.<br \/>\n<strong>Dise\u00f1ado para ni\u00f1os<\/strong> C\u00e1mara para ni\u00f1os rentable, divertida y pr\u00e1ctica. El tama\u00f1o de la pantalla y los botones son hermosos, lo que facilita la manipulaci\u00f3n de los dedos peque\u00f1os de los ni\u00f1os. Con un cord\u00f3n de cuello para colgar en el cuello, puede proteger la c\u00e1mara de ca\u00eddas y da\u00f1os.<br \/>\n<strong>Diversas funciones y pr\u00e1cticas divertidas<\/strong> Puede agregar los marcos y efectos o filtros en las fotos seg\u00fan la preferencia de los ni\u00f1os. Adopte la conveniente tarjeta de memoria TF de reemplazo, que brinda m\u00e1s posibilidades creativas.<br \/>\n<strong>Regalo de cumplea\u00f1os adorable<\/strong>\u00a0 Esta c\u00e1mara es adorable y a todos los ni\u00f1os que la encontraron les gusta mucho. Es un regalo perfecto para cumplea\u00f1os, Navidad, Reyes Magos y fiestas infantiles. Con funci\u00f3n de foto \/ video, un regalo perfecto para ni\u00f1os.<br \/>\nColor: Azul y Rosa<\/p>\n","protected":false},"excerpt":{"rendered":"<p style=\"text-align: center;\">C\u00e1mara HD | Una Imagen Clara de 8.0 Megap\u00edxeles |\u00a0 Un Video HD de 1080P | Proporcionar\u00e1n Mejores Resultados De Disparo y Alentar\u00e1n a Los Ni\u00f1os A Desarrollar Su Creatividad | Diversas Funciones Y Pr\u00e1cticas Divertidas | Regalo De Cumplea\u00f1os Adorable.<\/p>\n","protected":false},"featured_media":4613,"comment_status":"closed","ping_status":"closed","template":"","meta":{"_joinchat":[]},"product_cat":[241,99],"product_tag":[],"class_list":{"0":"post-4450","1":"product","2":"type-product","3":"status-publish","4":"has-post-thumbnail","6":"product_cat-241","7":"product_cat-juguetes","9":"first","10":"instock","11":"sale","12":"shipping-taxable","13":"purchasable","14":"product-type-variable"},"_links":{"self":[{"href":"https:\/\/bereketshop.com.mx\/index.php\/wp-json\/wp\/v2\/product\/4450","targetHints":{"allow":["GET"]}}],"collection":[{"href":"https:\/\/bereketshop.com.mx\/index.php\/wp-json\/wp\/v2\/product"}],"about":[{"href":"https:\/\/bereketshop.com.mx\/index.php\/wp-json\/wp\/v2\/types\/product"}],"replies":[{"embeddable":true,"href":"https:\/\/bereketshop.com.mx\/index.php\/wp-json\/wp\/v2\/comments?post=4450"}],"wp:featuredmedia":[{"embeddable":true,"href":"https:\/\/bereketshop.com.mx\/index.php\/wp-json\/wp\/v2\/media\/4613"}],"wp:attachment":[{"href":"https:\/\/bereketshop.com.mx\/index.php\/wp-json\/wp\/v2\/media?parent=4450"}],"wp:term":[{"taxonomy":"product_cat","embeddable":true,"href":"https:\/\/bereketshop.com.mx\/index.php\/wp-json\/wp\/v2\/product_cat?post=4450"},{"taxonomy":"product_tag","embeddable":true,"href":"https:\/\/bereketshop.com.mx\/index.php\/wp-json\/wp\/v2\/product_tag?post=4450"}],"curies":[{"name":"wp","href":"https:\/\/api.w.org\/{rel}","templated":true}]}}