{"id":4452,"date":"2023-11-05T17:16:12","date_gmt":"2023-11-05T16:16:12","guid":{"rendered":"https:\/\/sitio.bereketshop.com.mx\/?post_type=product&#038;p=4452"},"modified":"2025-04-09T22:44:29","modified_gmt":"2025-04-09T20:44:29","slug":"castillo-de-luces","status":"publish","type":"product","link":"https:\/\/bereketshop.com.mx\/index.php\/product\/castillo-de-luces\/","title":{"rendered":"Castillo Armable Con Luces Plegable"},"content":{"rendered":"<h5>DESCRIPCION:<\/h5>\n<p><strong>[Regalo especial]<\/strong>: el teatro de ni\u00f1as es la tienda de cuentos de hadas m\u00e1s linda. Los ni\u00f1os pueden tener su propio espacio privado para entretener y leer los castillos secretos, las hadas y los guardianes, lugares que todas las ni\u00f1as adoran.<\/p>\n<p><strong>[Princess Fairy House]<\/strong>: este no es un equipo de campamento, sino un gran juguete para ni\u00f1os. Pueden jugar con sus amigos en la tienda de la princesa para realizar el sue\u00f1o de la princesa.<\/p>\n<p><strong>[Tama\u00f1o y material]<\/strong>: Tama\u00f1o: 55 X 53 pulgadas. Esta c\u00f3moda casa de hadas princesa est\u00e1 hecha de tela duradera y fibra de poli\u00e9ster, duradera, f\u00e1cil de limpiar y coser, y proporciona espacio para juegos y descanso.<\/p>\n<p><strong>[Dise\u00f1o del castillo]:<\/strong> la tienda de la casa hexagonal no solo es similar a la casa de la princesa de cuento de hadas, sino que tambi\u00e9n tiene una estructura m\u00e1s estable. Adem\u00e1s, muchas pantallas alrededor de la sala de juegos pueden proteger a los ni\u00f1os.<\/p>\n<p><strong>[Campo y servicio deportivo]:<\/strong> la mejor opci\u00f3n para actividades en interiores y exteriores. Puede ponerlo en el parque del patio trasero, la familia, la fiesta, el jard\u00edn de infantes y otros lugares.<\/p>\n<p>La carpa del castillo de la princesa ofrece un hermoso espacio secreto para tu linda chica.<br \/>\nLa carpa del juego Princess Castle crear\u00e1 un nuevo espacio,<br \/>\nLa carpa de juego de princesas se convertir\u00e1 en un lugar favorito para los ni\u00f1os, pueden pasar el rato con amigos.<\/p>\n<p>especificaci\u00f3n:<br \/>\nRango de edad: 36 meses a 9 a\u00f1os;<br \/>\nCaracter\u00edsticas: plegable;<br \/>\nMaterial: tela y tubo de PVB;<br \/>\nPeso: 2.1 kg;<br \/>\nDimensiones (L x W x H): 55 x 53 x 53 pulgadas<br \/>\nColor: Verde<br \/>\nEdad: 0-3 a\u00f1os, 3-6 a\u00f1os<br \/>\nMaterial: pl\u00e1stico<\/p>\n<p>INCLUYEN LUCES<\/p>\n","protected":false},"excerpt":{"rendered":"<p style=\"text-align: center;\"><span data-sheets-root=\"1\" data-sheets-value=\"{&quot;1&quot;:2,&quot;2&quot;:&quot;Castillo Princesa Tienda de Campa\u00f1a Carpa Ni\u00f1a Casa Juego Plegable Con Luces&quot;}\" data-sheets-userformat=\"{&quot;2&quot;:13249,&quot;3&quot;:{&quot;1&quot;:0},&quot;9&quot;:0,&quot;10&quot;:0,&quot;11&quot;:3,&quot;12&quot;:0,&quot;15&quot;:&quot;Calibri&quot;,&quot;16&quot;:12}\">Castillo Princesa | Tienda de Campa\u00f1a | Carpa Ni\u00f1a | Casa Juego Plegable | Con Luces | <\/span>La Carpa Del Castillo De La Princesa Ofrece Un Hermoso Espacio |\u00a0Esta Hecha De Tela Y Fibra De Poli\u00e9ster | Duradera | F\u00e1cil De Limpiar | Proporciona Espacio Para Juegos Y Descanso.<\/p>\n","protected":false},"featured_media":5469,"comment_status":"closed","ping_status":"closed","template":"","meta":{"_joinchat":[]},"product_cat":[253,99],"product_tag":[],"class_list":{"0":"post-4452","1":"product","2":"type-product","3":"status-publish","4":"has-post-thumbnail","6":"product_cat-253","7":"product_cat-juguetes","9":"first","10":"instock","11":"sale","12":"shipping-taxable","13":"purchasable","14":"product-type-variable"},"_links":{"self":[{"href":"https:\/\/bereketshop.com.mx\/index.php\/wp-json\/wp\/v2\/product\/4452","targetHints":{"allow":["GET"]}}],"collection":[{"href":"https:\/\/bereketshop.com.mx\/index.php\/wp-json\/wp\/v2\/product"}],"about":[{"href":"https:\/\/bereketshop.com.mx\/index.php\/wp-json\/wp\/v2\/types\/product"}],"replies":[{"embeddable":true,"href":"https:\/\/bereketshop.com.mx\/index.php\/wp-json\/wp\/v2\/comments?post=4452"}],"wp:featuredmedia":[{"embeddable":true,"href":"https:\/\/bereketshop.com.mx\/index.php\/wp-json\/wp\/v2\/media\/5469"}],"wp:attachment":[{"href":"https:\/\/bereketshop.com.mx\/index.php\/wp-json\/wp\/v2\/media?parent=4452"}],"wp:term":[{"taxonomy":"product_cat","embeddable":true,"href":"https:\/\/bereketshop.com.mx\/index.php\/wp-json\/wp\/v2\/product_cat?post=4452"},{"taxonomy":"product_tag","embeddable":true,"href":"https:\/\/bereketshop.com.mx\/index.php\/wp-json\/wp\/v2\/product_tag?post=4452"}],"curies":[{"name":"wp","href":"https:\/\/api.w.org\/{rel}","templated":true}]}}