{"id":4457,"date":"2023-11-05T17:16:12","date_gmt":"2023-11-05T16:16:12","guid":{"rendered":"https:\/\/sitio.bereketshop.com.mx\/?post_type=product&#038;p=4457"},"modified":"2024-09-20T00:59:54","modified_gmt":"2024-09-19T22:59:54","slug":"cosedora","status":"publish","type":"product","link":"https:\/\/bereketshop.com.mx\/index.php\/product\/cosedora\/","title":{"rendered":"Mini Maquina De Coser"},"content":{"rendered":"<h4>CARACTER\u00cdSTICAS:<\/h4>\n<p><strong>Port\u00e1til:<\/strong> Es una mini m\u00e1quina.<\/p>\n<p><strong>Seguridad:<\/strong> Esta mini m\u00e1quina de coser utiliza materiales respetuosos con el medio ambiente, alta calidad, durable, larga vida \u00fatil; dise\u00f1o transparente del protector de aguja, con una cubierta de seguridad, para evitar cualquier peligro potencial de seguridad.<\/p>\n<p><strong>Portable:<\/strong> Esta m\u00e1quina de coser port\u00e1til es peque\u00f1a y linda en tama\u00f1o, ahorrar espacio. Se puede utilizar en casa y al aire libre, viajes. La m\u00e1quina de bobinado autom\u00e1tico del n\u00facleo del transbordador puede enrollar autom\u00e1ticamente el cable en el n\u00facleo del transbordador. El cortador de rosca incorporado corta el hilo de coser autom\u00e1ticamente, expande el campo de visi\u00f3n de costura, protege los ojos de lesiones y hace que el trabajo de costura sea m\u00e1s conveniente.<\/p>\n<p><strong>Rango de aplicaci\u00f3n:<\/strong> Adecuado para tela de algod\u00f3n, lino, seda, ployester, demin fino y jeans finos. Debido a su tama\u00f1o, la potencia de puntada es limitada. Por favor, aseg\u00farese de que la tela no es demasiado gruesa o dura.<\/p>\n<p>Mejor regalo: Este producto es c\u00e1scara blanca, adorno rosa, ser\u00e1 favorecido por todos.<\/p>\n<p>Color: Blanco<\/p>\n","protected":false},"excerpt":{"rendered":"<p style=\"text-align: center;\">Mini M\u00e1quina de Coser Port\u00e1til | Autom\u00e1tico | El\u00e9ctronico| Compacta | Doble Velocidades | Controlar Doble de Hilos | M\u00e1quina de Coser Hogar El\u00e9ctrico.<\/p>\n","protected":false},"featured_media":4657,"comment_status":"closed","ping_status":"closed","template":"","meta":{"_joinchat":[]},"product_cat":[257,59],"product_tag":[],"class_list":{"0":"post-4457","1":"product","2":"type-product","3":"status-publish","4":"has-post-thumbnail","6":"product_cat-30-men-desc","7":"product_cat-hogar","9":"first","10":"instock","11":"sale","12":"shipping-taxable","13":"purchasable","14":"product-type-simple"},"_links":{"self":[{"href":"https:\/\/bereketshop.com.mx\/index.php\/wp-json\/wp\/v2\/product\/4457","targetHints":{"allow":["GET"]}}],"collection":[{"href":"https:\/\/bereketshop.com.mx\/index.php\/wp-json\/wp\/v2\/product"}],"about":[{"href":"https:\/\/bereketshop.com.mx\/index.php\/wp-json\/wp\/v2\/types\/product"}],"replies":[{"embeddable":true,"href":"https:\/\/bereketshop.com.mx\/index.php\/wp-json\/wp\/v2\/comments?post=4457"}],"wp:featuredmedia":[{"embeddable":true,"href":"https:\/\/bereketshop.com.mx\/index.php\/wp-json\/wp\/v2\/media\/4657"}],"wp:attachment":[{"href":"https:\/\/bereketshop.com.mx\/index.php\/wp-json\/wp\/v2\/media?parent=4457"}],"wp:term":[{"taxonomy":"product_cat","embeddable":true,"href":"https:\/\/bereketshop.com.mx\/index.php\/wp-json\/wp\/v2\/product_cat?post=4457"},{"taxonomy":"product_tag","embeddable":true,"href":"https:\/\/bereketshop.com.mx\/index.php\/wp-json\/wp\/v2\/product_tag?post=4457"}],"curies":[{"name":"wp","href":"https:\/\/api.w.org\/{rel}","templated":true}]}}