{"id":4469,"date":"2023-11-05T17:16:17","date_gmt":"2023-11-05T16:16:17","guid":{"rendered":"https:\/\/sitio.bereketshop.com.mx\/?post_type=product&#038;p=4469"},"modified":"2024-09-19T20:49:12","modified_gmt":"2024-09-19T18:49:12","slug":"lampara-proyector","status":"publish","type":"product","link":"https:\/\/bereketshop.com.mx\/index.php\/product\/lampara-proyector\/","title":{"rendered":"Lampara Proyector Estrellas Noche Ni\u00f1os Luz USB O Pilas"},"content":{"rendered":"<h5>CARACTERISTICAS:<\/h5>\n<p><strong>L\u00e1mpara Proyector estrellas noche ni\u00f1os luz USB o pilas<\/strong><\/p>\n<p>Modo de uso \u2013 quitar la tapa para poder proyectar las estrellas brillantes.<br \/>\nBot\u00f3n A se utiliza para la configuraci\u00f3n nocturna<br \/>\nBot\u00f3n B se usa para cambiar el color de las estrellas<br \/>\nBot\u00f3n C hace que el proyector gire.<br \/>\nSe puede usar por medio de pilas AAA (NO incluye) o por medio de USB<\/p>\n<p>\u00a1Juguetes de proyecci\u00f3n de estrellas para ni\u00f1os y ni\u00f1as!<\/p>\n<p><strong>Incre\u00edble regalo para toda ocasi\u00f3n<\/strong><\/p>\n<p>\u00a1OJO! No utilices las bater\u00edas y el cable USB juntos.<br \/>\nCuenta con cuatro bombillas LED que proyectan un cielo estrellado de color completo en las paredes y techo de la habitaci\u00f3n en los ni\u00f1os.<\/p>\n<p>Ocho modos de operaci\u00f3n: 4 cuentas de l\u00e1mpara LED con luces c\u00e1lidas amarillas, azules, rojas y verdes. Proporcionando 8 operaciones de iluminaci\u00f3n \u00fanicas.<\/p>\n<p>Luz nocturna: retira la cubierta interior de pl\u00e1stico con la cubierta exterior y coloca la l\u00e1mpara de escritorio.<\/p>\n<p>Cuenta con cuatro colores y ocho tipos de efectos<br \/>\nTama\u00f1o 12 * 13.5 CM<br \/>\nPeso 1.12 Lbs<\/p>\n<p>Paquete incluye:<br \/>\nL\u00e1mpara de noche<br \/>\nNO incluye bater\u00edas<br \/>\nColor: Morado<\/p>\n","protected":false},"excerpt":{"rendered":"<p style=\"text-align: center;\">L\u00e1mpara Proyector Estrellas Noche |\u00a0 Ni\u00f1os\u00a0 |Luz USB o pilas\u00a0 |Juguetes De Proyecci\u00f3n De Estrellas Para Ni\u00f1os y Ni\u00f1as |\u00a0Cuenta Con Cuatro Bombillas LED\u00a0 | Proyectan Un Cielo Estrellado |\u00a0 De Color Completo En Las Paredes y Techo De La Habitaci\u00f3n.<\/p>\n","protected":false},"featured_media":4585,"comment_status":"closed","ping_status":"closed","template":"","meta":{"_joinchat":[]},"product_cat":[240,99],"product_tag":[],"class_list":{"0":"post-4469","1":"product","2":"type-product","3":"status-publish","4":"has-post-thumbnail","6":"product_cat-240","7":"product_cat-juguetes","9":"first","10":"instock","11":"sale","12":"shipping-taxable","13":"purchasable","14":"product-type-variable"},"_links":{"self":[{"href":"https:\/\/bereketshop.com.mx\/index.php\/wp-json\/wp\/v2\/product\/4469","targetHints":{"allow":["GET"]}}],"collection":[{"href":"https:\/\/bereketshop.com.mx\/index.php\/wp-json\/wp\/v2\/product"}],"about":[{"href":"https:\/\/bereketshop.com.mx\/index.php\/wp-json\/wp\/v2\/types\/product"}],"replies":[{"embeddable":true,"href":"https:\/\/bereketshop.com.mx\/index.php\/wp-json\/wp\/v2\/comments?post=4469"}],"wp:featuredmedia":[{"embeddable":true,"href":"https:\/\/bereketshop.com.mx\/index.php\/wp-json\/wp\/v2\/media\/4585"}],"wp:attachment":[{"href":"https:\/\/bereketshop.com.mx\/index.php\/wp-json\/wp\/v2\/media?parent=4469"}],"wp:term":[{"taxonomy":"product_cat","embeddable":true,"href":"https:\/\/bereketshop.com.mx\/index.php\/wp-json\/wp\/v2\/product_cat?post=4469"},{"taxonomy":"product_tag","embeddable":true,"href":"https:\/\/bereketshop.com.mx\/index.php\/wp-json\/wp\/v2\/product_tag?post=4469"}],"curies":[{"name":"wp","href":"https:\/\/api.w.org\/{rel}","templated":true}]}}