{"id":4470,"date":"2023-11-05T17:16:18","date_gmt":"2023-11-05T16:16:18","guid":{"rendered":"https:\/\/sitio.bereketshop.com.mx\/?post_type=product&#038;p=4470"},"modified":"2024-09-17T02:19:55","modified_gmt":"2024-09-17T00:19:55","slug":"lapiz-infinito","status":"publish","type":"product","link":"https:\/\/bereketshop.com.mx\/index.php\/product\/lapiz-infinito\/","title":{"rendered":"L\u00e1piz Infinito 10 Piezas"},"content":{"rendered":"<h5>CARACTERIASTICAS:<\/h5>\n<p>Incre\u00edble Paquete de 10 L\u00e1pices Infinito<\/p>\n<p>Incre\u00edble l\u00e1piz infinito<\/p>\n<p>F\u00e1cil de borrar, escritura suave, no se ensucia f\u00e1cilmente las manos, escritura duradera.<\/p>\n<p>No ensucia las manos<\/p>\n<p>Las mol\u00e9culas met\u00e1licas de la punta del l\u00e1piz se frotan y oxidan con el papel para dejar rastros similares a los de los l\u00e1pices.<\/p>\n<p>No hay ceniza de l\u00e1piz en las manos, y las manos no son f\u00e1ciles de ensuciar al escribir.<\/p>\n<p>No es necesario afilar porque es la punta de aleaci\u00f3n especial y un l\u00e1piz que no es necesario afilar.<\/p>\n<p>Las mol\u00e9culas met\u00e1licas de la punta del l\u00e1piz se frotan y oxidan con el papel para dejar rastros similares a los de los l\u00e1pices, es ideal para tomar notas o dibujar, y escritura duradera.<\/p>\n<div id=\"gtx-trans\" style=\"position: absolute; left: 327px; top: 47.8px;\">\n<div class=\"gtx-trans-icon\"><\/div>\n<\/div>\n","protected":false},"excerpt":{"rendered":"<p style=\"text-align: center;\">Incre\u00edble L\u00e1piz Infinito |F\u00e1cil De Borrar | Escritura Suave | No Se Ensucia F\u00e1cilmente Las Manos | Escritura Duradera.<\/p>\n<div id=\"gtx-trans\" style=\"position: absolute; left: 68px; top: 37.8px;\">\n<div class=\"gtx-trans-icon\"><\/div>\n<\/div>\n","protected":false},"featured_media":4571,"comment_status":"closed","ping_status":"closed","template":"","meta":{"_joinchat":[]},"product_cat":[244,99],"product_tag":[],"class_list":{"0":"post-4470","1":"product","2":"type-product","3":"status-publish","4":"has-post-thumbnail","6":"product_cat-244","7":"product_cat-juguetes","9":"first","10":"instock","11":"sale","12":"shipping-taxable","13":"purchasable","14":"product-type-simple"},"_links":{"self":[{"href":"https:\/\/bereketshop.com.mx\/index.php\/wp-json\/wp\/v2\/product\/4470","targetHints":{"allow":["GET"]}}],"collection":[{"href":"https:\/\/bereketshop.com.mx\/index.php\/wp-json\/wp\/v2\/product"}],"about":[{"href":"https:\/\/bereketshop.com.mx\/index.php\/wp-json\/wp\/v2\/types\/product"}],"replies":[{"embeddable":true,"href":"https:\/\/bereketshop.com.mx\/index.php\/wp-json\/wp\/v2\/comments?post=4470"}],"wp:featuredmedia":[{"embeddable":true,"href":"https:\/\/bereketshop.com.mx\/index.php\/wp-json\/wp\/v2\/media\/4571"}],"wp:attachment":[{"href":"https:\/\/bereketshop.com.mx\/index.php\/wp-json\/wp\/v2\/media?parent=4470"}],"wp:term":[{"taxonomy":"product_cat","embeddable":true,"href":"https:\/\/bereketshop.com.mx\/index.php\/wp-json\/wp\/v2\/product_cat?post=4470"},{"taxonomy":"product_tag","embeddable":true,"href":"https:\/\/bereketshop.com.mx\/index.php\/wp-json\/wp\/v2\/product_tag?post=4470"}],"curies":[{"name":"wp","href":"https:\/\/api.w.org\/{rel}","templated":true}]}}