{"id":4472,"date":"2023-11-05T17:16:18","date_gmt":"2023-11-05T16:16:18","guid":{"rendered":"https:\/\/sitio.bereketshop.com.mx\/?post_type=product&#038;p=4472"},"modified":"2024-09-20T00:24:14","modified_gmt":"2024-09-19T22:24:14","slug":"masajeador-electrico","status":"publish","type":"product","link":"https:\/\/bereketshop.com.mx\/index.php\/product\/masajeador-electrico\/","title":{"rendered":"Masajeador El\u00e9ctrico Infrarrojo"},"content":{"rendered":"<h5>CARACTERISTICAS:<\/h5>\n<ul>\n<li>Puede calentar el cuerpo para evitar lesiones antes del deporte.<\/li>\n<li>Mejora la circulaci\u00f3n de la sangre.<\/li>\n<li>Alivia la tensi\u00f3n muscular y mejora la circulaci\u00f3n.<\/li>\n<li>\u00datil para aliviar dolores y tensiones musculares.<\/li>\n<li>Ayuda a eliminar la fatiga causado por el deporte.<\/li>\n<li>Acelerar la circulaci\u00f3n de la sangre y el metabolismo del cuerpo.<\/li>\n<li>Aplicable a la fisioterapia para todas las partes del cuerpo.<\/li>\n<li>Libera m\u00fasculo del cansancio y el dolor del nervio.<\/li>\n<li>Con funci\u00f3n de ajuste de velocidad<\/li>\n<li>Tres cabezales de masaje intercambiables de forma gratuita.<\/li>\n<li>Funci\u00f3n infrarroja<\/li>\n<li>Dise\u00f1o aerodin\u00e1mico, ligero y agradable.<\/li>\n<\/ul>\n<p>De los rayos infrarrojos funcionan directamente en la superficie de su cuerpo. Si se combina con la calefacci\u00f3n, el resultado del masaje ser\u00e1 incluso aparente, el potente campo magn\u00e9tico puede fortalecer el funcionamiento de los vasos sangu\u00edneos y mejorar el metabolismo. El cabezal de masaje est\u00e1 hecho de pl\u00e1stico de ingenier\u00eda de alta tecnolog\u00eda que permite un martilleo m\u00e1s potente, con un dispositivo de ajuste de velocidad sin escalones, puede elegir cualquier velocidad que desee.<\/p>\n<p>Dise\u00f1o de contorno elegante y dise\u00f1o de funciones humanizado, m\u00faltiples intensidades y modos y funciones de infrarrojo lejano.<\/p>\n<p style=\"padding-left: 40px;\">1 El masaje de vibraci\u00f3n funciona junto con el dispositivo de ocio del paquete caliente, disfruta del doble de un masaje.<br \/>\n2 El dise\u00f1o aerodin\u00e1mico de cabezal largo, es muy f\u00e1cil de tomar y operar.<br \/>\n3 Control de velocidad sin paso, puede ajustar la m\u00e1quina libremente.<br \/>\n4 Se adhieren a dos conjuntos de piezas de masaje desmontables.<br \/>\n5 El dise\u00f1o de control de tiempo inteligente puede ser seguro y c\u00f3modo.<\/p>\n<ul>\n<li>Funci\u00f3n de masaje fuerte con solapa .<\/li>\n<li>Reduce el dolor, elimina el cansancio.<\/li>\n<li>Regulaci\u00f3n de velocidad progresiva.<\/li>\n<\/ul>\n<p>Color: Gris Claro<br \/>\nMaterial: Metal<br \/>\nFuente de alimentaci\u00f3n: Enchufe de Pared<br \/>\nPilas Incluidas: No<br \/>\nSe Requieren Pilas: No<br \/>\nCertificado de Cargador: FDA<\/p>\n<p><strong>CONTIENE:<\/strong><\/p>\n<p>-Masajeador Infrarrojo de Doble Cabeza<br \/>\n-Dos pares de cabezales intercambiables<br \/>\n-Cable de poder<\/p>\n<div id=\"gtx-trans\" style=\"position: absolute; left: 258px; top: 47.8px;\">\n<div class=\"gtx-trans-icon\"><\/div>\n<\/div>\n","protected":false},"excerpt":{"rendered":"<p style=\"text-align: center;\">Masajeador Infrarrojo de Doble Cabeza | Doble Cabeza Infrarrojo Nueva Tecnolog\u00eda | Dise\u00f1o De Contorno Elegante | Alivia La Tensi\u00f3n Muscular | Mejora La Circulaci\u00f3n.<\/p>\n","protected":false},"featured_media":5349,"comment_status":"closed","ping_status":"closed","template":"","meta":{"_joinchat":[]},"product_cat":[253,101],"product_tag":[],"class_list":{"0":"post-4472","1":"product","2":"type-product","3":"status-publish","4":"has-post-thumbnail","6":"product_cat-253","7":"product_cat-tecnologia","9":"first","10":"instock","11":"sale","12":"shipping-taxable","13":"purchasable","14":"product-type-simple"},"_links":{"self":[{"href":"https:\/\/bereketshop.com.mx\/index.php\/wp-json\/wp\/v2\/product\/4472","targetHints":{"allow":["GET"]}}],"collection":[{"href":"https:\/\/bereketshop.com.mx\/index.php\/wp-json\/wp\/v2\/product"}],"about":[{"href":"https:\/\/bereketshop.com.mx\/index.php\/wp-json\/wp\/v2\/types\/product"}],"replies":[{"embeddable":true,"href":"https:\/\/bereketshop.com.mx\/index.php\/wp-json\/wp\/v2\/comments?post=4472"}],"wp:featuredmedia":[{"embeddable":true,"href":"https:\/\/bereketshop.com.mx\/index.php\/wp-json\/wp\/v2\/media\/5349"}],"wp:attachment":[{"href":"https:\/\/bereketshop.com.mx\/index.php\/wp-json\/wp\/v2\/media?parent=4472"}],"wp:term":[{"taxonomy":"product_cat","embeddable":true,"href":"https:\/\/bereketshop.com.mx\/index.php\/wp-json\/wp\/v2\/product_cat?post=4472"},{"taxonomy":"product_tag","embeddable":true,"href":"https:\/\/bereketshop.com.mx\/index.php\/wp-json\/wp\/v2\/product_tag?post=4472"}],"curies":[{"name":"wp","href":"https:\/\/api.w.org\/{rel}","templated":true}]}}