{"id":4473,"date":"2023-11-05T17:16:18","date_gmt":"2023-11-05T16:16:18","guid":{"rendered":"https:\/\/sitio.bereketshop.com.mx\/?post_type=product&#038;p=4473"},"modified":"2024-05-15T23:37:56","modified_gmt":"2024-05-15T21:37:56","slug":"migitori","status":"publish","type":"product","link":"https:\/\/bereketshop.com.mx\/index.php\/product\/migitori\/","title":{"rendered":"Mingitorio Infantil Cuello De Ba\u00f1o Entrenador"},"content":{"rendered":"<h6>CARACTERISTICAS:<\/h6>\n<p>F\u00e1cil de usar con una pr\u00e1ctica l\u00ednea de cuello Ba\u00f1o entrenador en forma de rana perfecto para el m\u00e1s peque\u00f1o de del hogar<br \/>\n&#8211; Es ideal para los d\u00edas de entrenamiento para ir al ba\u00f1o<br \/>\n&#8211; Se adhiere a la pared gracias a las ventosas<br \/>\n&#8211; La forma de cualquiera de los modelos que ofrecemos y su peque\u00f1o molino de viento har\u00e1 que su bebe se interese m\u00e1s y no se resista a dejar el molesto pa\u00f1al<br \/>\n&#8211; Por su dise\u00f1o innovador es f\u00e1cil la limpieza ya se desmonta la parte del molino<br \/>\n&#8211; No toxico y sin olor<br \/>\n&#8211; Material: Pl\u00e1stico<br \/>\n&#8211; Dimensiones: 29.5cm x 22cm x 16cm<br \/>\n&#8211; Peso: 250 Grs.<br \/>\nProducto hecho con un material de \u00f3ptima calidad y resistente<br \/>\nMingitorio entrenador<br \/>\nUn regalo adecuado para beb\u00e9s F\u00e1cil de limpiar<br \/>\nCuenta con dep\u00f3sito extra\u00edble y con protector contra salpicaduras, lo que lo vuelve f\u00e1cil de limpiar para mantener la higiene y seguridad del beb\u00e9.<\/p>\n<p>Aviso legal<br \/>\n\u2022 La edad m\u00ednima para su uso es 18 meses.<\/p>\n<div id=\"gtx-trans\" style=\"position: absolute; left: 201px; top: 47.8px;\">\n<div class=\"gtx-trans-icon\"><\/div>\n<\/div>\n","protected":false},"excerpt":{"rendered":"<p style=\"text-align: center;\"><span data-sheets-root=\"1\" data-sheets-value=\"{&quot;1&quot;:2,&quot;2&quot;:&quot;Infanti Mingitorio Entrenador, Paquete De 1 Count&quot;}\" data-sheets-userformat=\"{&quot;2&quot;:12737,&quot;3&quot;:{&quot;1&quot;:0,&quot;3&quot;:1},&quot;9&quot;:0,&quot;10&quot;:0,&quot;11&quot;:3,&quot;15&quot;:&quot;Calibri&quot;,&quot;16&quot;:12}\">Infantil Mingitorio Entrenador | F\u00e1cil de usar | Con Una Pr\u00e1ctica L\u00ednea De Cuello | Ba\u00f1o Entrenador En Forma De Rana |\u00a0 Perfecto Para El M\u00e1s Peque\u00f1o\u00a0 Del Hogar.<\/span><\/p>\n<p>&nbsp;<\/p>\n<div id=\"gtx-trans\" style=\"position: absolute; left: 90px; top: 37.8px;\">\n<div class=\"gtx-trans-icon\"><\/div>\n<\/div>\n","protected":false},"featured_media":5514,"comment_status":"closed","ping_status":"closed","template":"","meta":{"_joinchat":[]},"product_cat":[99],"product_tag":[],"class_list":{"0":"post-4473","1":"product","2":"type-product","3":"status-publish","4":"has-post-thumbnail","6":"product_cat-juguetes","8":"first","9":"outofstock","10":"sale","11":"shipping-taxable","12":"purchasable","13":"product-type-simple"},"_links":{"self":[{"href":"https:\/\/bereketshop.com.mx\/index.php\/wp-json\/wp\/v2\/product\/4473","targetHints":{"allow":["GET"]}}],"collection":[{"href":"https:\/\/bereketshop.com.mx\/index.php\/wp-json\/wp\/v2\/product"}],"about":[{"href":"https:\/\/bereketshop.com.mx\/index.php\/wp-json\/wp\/v2\/types\/product"}],"replies":[{"embeddable":true,"href":"https:\/\/bereketshop.com.mx\/index.php\/wp-json\/wp\/v2\/comments?post=4473"}],"wp:featuredmedia":[{"embeddable":true,"href":"https:\/\/bereketshop.com.mx\/index.php\/wp-json\/wp\/v2\/media\/5514"}],"wp:attachment":[{"href":"https:\/\/bereketshop.com.mx\/index.php\/wp-json\/wp\/v2\/media?parent=4473"}],"wp:term":[{"taxonomy":"product_cat","embeddable":true,"href":"https:\/\/bereketshop.com.mx\/index.php\/wp-json\/wp\/v2\/product_cat?post=4473"},{"taxonomy":"product_tag","embeddable":true,"href":"https:\/\/bereketshop.com.mx\/index.php\/wp-json\/wp\/v2\/product_tag?post=4473"}],"curies":[{"name":"wp","href":"https:\/\/api.w.org\/{rel}","templated":true}]}}