{"id":4475,"date":"2023-11-05T17:16:18","date_gmt":"2023-11-05T16:16:18","guid":{"rendered":"https:\/\/sitio.bereketshop.com.mx\/?post_type=product&#038;p=4475"},"modified":"2024-09-20T00:36:33","modified_gmt":"2024-09-19T22:36:33","slug":"mochila-transportadora","status":"publish","type":"product","link":"https:\/\/bereketshop.com.mx\/index.php\/product\/mochila-transportadora\/","title":{"rendered":"Mochila Transportadora Para Mascotas"},"content":{"rendered":"<h5>CARACTERISTICAS:<\/h5>\n<p>Hecho de material de primera calidad, durable, transpirable y c\u00f3modo Dise\u00f1o transparente, permite que tu mascota vea el sol y el paisaje del mundo exterior. Varios orificios de ventilaci\u00f3n en el costado de la mochila, proporcionan suficiente circulaci\u00f3n de aire, hacen que su mascota respire c\u00f3modamente.<\/p>\n<p>Asegure el mecanismo de bloqueo incorporado, evite que su mascota salte, se pierda o se lastime a s\u00ed misma. Alfombrilla desmontable de base suave, f\u00e1cil de limpiar, m\u00e1s higi\u00e9nica.<\/p>\n<p>Cremallera suave, f\u00e1cil de abrir y cerrar, duradera y pr\u00e1ctica La correa de hombro ergon\u00f3mica se ensancha, hace que cargues a tu mascota sin esfuerzo. Perfecto para viajar, caminar, caminar y salir<\/p>\n","protected":false},"excerpt":{"rendered":"<p style=\"text-align: center;\"><span data-sheets-root=\"1\" data-sheets-value=\"{&quot;1&quot;:2,&quot;2&quot;:&quot;Mochila Transportadora Mascota Perro Gato Portatil Exterior&quot;}\" data-sheets-userformat=\"{&quot;2&quot;:12737,&quot;3&quot;:{&quot;1&quot;:0,&quot;3&quot;:1},&quot;9&quot;:0,&quot;10&quot;:0,&quot;11&quot;:3,&quot;15&quot;:&quot;Calibri&quot;,&quot;16&quot;:12}\">Mochila Transportadora | Mascotas | Perros | Gatos | Port\u00e1til Exterior | Con Material Resistente | Permite La Libre Respiraci\u00f3n De Las Mascotas.\u00a0<\/span><\/p>\n","protected":false},"featured_media":4817,"comment_status":"closed","ping_status":"closed","template":"","meta":{"_joinchat":[]},"product_cat":[255,100],"product_tag":[],"class_list":{"0":"post-4475","1":"product","2":"type-product","3":"status-publish","4":"has-post-thumbnail","6":"product_cat-255","7":"product_cat-mascotas","9":"first","10":"instock","11":"sale","12":"shipping-taxable","13":"purchasable","14":"product-type-variable"},"_links":{"self":[{"href":"https:\/\/bereketshop.com.mx\/index.php\/wp-json\/wp\/v2\/product\/4475","targetHints":{"allow":["GET"]}}],"collection":[{"href":"https:\/\/bereketshop.com.mx\/index.php\/wp-json\/wp\/v2\/product"}],"about":[{"href":"https:\/\/bereketshop.com.mx\/index.php\/wp-json\/wp\/v2\/types\/product"}],"replies":[{"embeddable":true,"href":"https:\/\/bereketshop.com.mx\/index.php\/wp-json\/wp\/v2\/comments?post=4475"}],"wp:featuredmedia":[{"embeddable":true,"href":"https:\/\/bereketshop.com.mx\/index.php\/wp-json\/wp\/v2\/media\/4817"}],"wp:attachment":[{"href":"https:\/\/bereketshop.com.mx\/index.php\/wp-json\/wp\/v2\/media?parent=4475"}],"wp:term":[{"taxonomy":"product_cat","embeddable":true,"href":"https:\/\/bereketshop.com.mx\/index.php\/wp-json\/wp\/v2\/product_cat?post=4475"},{"taxonomy":"product_tag","embeddable":true,"href":"https:\/\/bereketshop.com.mx\/index.php\/wp-json\/wp\/v2\/product_tag?post=4475"}],"curies":[{"name":"wp","href":"https:\/\/api.w.org\/{rel}","templated":true}]}}