{"id":4478,"date":"2023-11-05T17:16:18","date_gmt":"2023-11-05T16:16:18","guid":{"rendered":"https:\/\/sitio.bereketshop.com.mx\/?post_type=product&#038;p=4478"},"modified":"2024-09-11T20:00:50","modified_gmt":"2024-09-11T18:00:50","slug":"pechera-arnes","status":"publish","type":"product","link":"https:\/\/bereketshop.com.mx\/index.php\/product\/pechera-arnes\/","title":{"rendered":"Pechera Arn\u00e9s C\u00f3modo Con Correa Para Perros y  Gatos Ajustable Peque\u00f1o"},"content":{"rendered":"<h5>CARACTERISTICAS:<\/h5>\n<p>Pechera Arn\u00e9s c\u00f3modo con correa perro gato Ajustable<\/p>\n<p>Disponible en 8 colores<br \/>\nLos colores que se van a enviar es hembra en color de mujer y para macho es en color de hombre<\/p>\n<p>Tama\u00f1o de las medidas no necesariamente quiere decir que es la raza de su mascota. Por favor, mida a su mascota y consulte la tabla de tallas para ordenar de manera correcta.<\/p>\n<p>&#8211; Arn\u00e9s con clima hecho de tela de malla transpirable.<br \/>\n&#8211; Instalaci\u00f3n f\u00e1cil con cintur\u00f3n ajustable para encajar con el cuerpo del perro.<br \/>\n&#8211; Cierre resistente para fijaci\u00f3n segura de la correa.<br \/>\n&#8211; Arn\u00e9s de seguridad para pasear con confianza a su mascota<\/p>\n<p>Disponible en 4 tallas (S, M, L, XL) NO SIGNIFICA QUE ES PARA RAZAS GRANDES SOLAMENTE PARA RAZAS CHICAS Y MEDIANAS<\/p>\n<p>&#8211; Producto de excelente calidad, con material ligero y resistente<br \/>\n&#8211; Ideal para perros chicos \/ medianos<br \/>\n&#8211; Ideal para gatos<br \/>\n&#8211; Material: Poli\u00e9ster<br \/>\n&#8211; Tiras anti reflejantes<br \/>\n&#8211; Hebilla de pl\u00e1stico segura y duradera<br \/>\n&#8211; Argolla de acero<\/p>\n<p>Compra incluye:<br \/>\n&#8211; 1 x Arnes de tela delgada<br \/>\n&#8211; 1 x Correa sencilla de color 1.20 m<\/p>\n<p>Color: VARIADO<\/p>\n<div id=\"gtx-trans\" style=\"position: absolute; left: 247px; top: 47.8px;\">\n<div class=\"gtx-trans-icon\"><\/div>\n<\/div>\n","protected":false},"excerpt":{"rendered":"<p style=\"text-align: center;\">Pechera Arn\u00e9s | C\u00f3modo | Con Correa | Perro | Gato | Mascota | Ajustable | Disponible en 7 colores.<\/p>\n<div id=\"gtx-trans\" style=\"position: absolute; left: 500px; top: 37.8px;\">\n<div class=\"gtx-trans-icon\"><\/div>\n<\/div>\n","protected":false},"featured_media":5784,"comment_status":"closed","ping_status":"closed","template":"","meta":{"_joinchat":[]},"product_cat":[247,100],"product_tag":[],"class_list":{"0":"post-4478","1":"product","2":"type-product","3":"status-publish","4":"has-post-thumbnail","6":"product_cat-247","7":"product_cat-mascotas","9":"first","10":"outofstock","11":"sale","12":"shipping-taxable","13":"purchasable","14":"product-type-simple"},"_links":{"self":[{"href":"https:\/\/bereketshop.com.mx\/index.php\/wp-json\/wp\/v2\/product\/4478","targetHints":{"allow":["GET"]}}],"collection":[{"href":"https:\/\/bereketshop.com.mx\/index.php\/wp-json\/wp\/v2\/product"}],"about":[{"href":"https:\/\/bereketshop.com.mx\/index.php\/wp-json\/wp\/v2\/types\/product"}],"replies":[{"embeddable":true,"href":"https:\/\/bereketshop.com.mx\/index.php\/wp-json\/wp\/v2\/comments?post=4478"}],"wp:featuredmedia":[{"embeddable":true,"href":"https:\/\/bereketshop.com.mx\/index.php\/wp-json\/wp\/v2\/media\/5784"}],"wp:attachment":[{"href":"https:\/\/bereketshop.com.mx\/index.php\/wp-json\/wp\/v2\/media?parent=4478"}],"wp:term":[{"taxonomy":"product_cat","embeddable":true,"href":"https:\/\/bereketshop.com.mx\/index.php\/wp-json\/wp\/v2\/product_cat?post=4478"},{"taxonomy":"product_tag","embeddable":true,"href":"https:\/\/bereketshop.com.mx\/index.php\/wp-json\/wp\/v2\/product_tag?post=4478"}],"curies":[{"name":"wp","href":"https:\/\/api.w.org\/{rel}","templated":true}]}}