{"id":4482,"date":"2023-11-05T17:16:18","date_gmt":"2023-11-05T16:16:18","guid":{"rendered":"https:\/\/sitio.bereketshop.com.mx\/?post_type=product&#038;p=4482"},"modified":"2024-09-17T00:43:43","modified_gmt":"2024-09-16T22:43:43","slug":"plato-de-comida","status":"publish","type":"product","link":"https:\/\/bereketshop.com.mx\/index.php\/product\/plato-de-comida\/","title":{"rendered":"Plato De Comida Lenta Para Perros y Gatos Mascotas"},"content":{"rendered":"<h5>CARACTERISTICAS:<\/h5>\n<p>Cuenco de comida lenta para mascotas<br \/>\nMaterial: pegamento comestible PP<br \/>\nDi\u00e1metro de la boca del cuenco: 18,5 cm.<br \/>\nTama\u00f1o: 20 * 20 * 4,5 cm<br \/>\nUsos: azul cielo, rosa, verde<br \/>\nCaracter\u00edsticas: fuerte uso interno, f\u00e1cil de limpiar.<\/p>\n<p>Detalles de producto<br \/>\n1. Dise\u00f1o de comida lenta: reduzca la velocidad de alimentaci\u00f3n, las mascotas comen bajo el dise\u00f1o de la columna de comida lenta, aumente el tiempo de alimentaci\u00f3n de las mascotas, reduzca la ingesta de alimentos y proteja la salud<br \/>\n2. Tenga la seguridad de material: utilizando material PP, tenga la seguridad de material, limpio e higi\u00e9nico, cuidando la salud de las mascotas<br \/>\n3. Esquinas redondeadas: las esquinas redondeadas se utilizan en el dise\u00f1o para evitar que las mascotas se lastimen al comer.<br \/>\n4. Fondo antideslizante: la base es antideslizante, lo que aumenta la fricci\u00f3n con el suelo<\/p>\n","protected":false},"excerpt":{"rendered":"<p style=\"text-align: center;\">Plato De Comida Lenta | Para Cachorros y Perros | Con Alimentaci\u00f3n Lenta | Para Todo Tipo de Razas y Tama\u00f1os |\u00a0 Antideslizante | No T\u00f3xico | Dise\u00f1o Divertido | F\u00e1cil de Lavar.<\/p>\n<div id=\"gtx-trans\" style=\"position: absolute; left: 187px; top: 37.8px;\">\n<div class=\"gtx-trans-icon\"><\/div>\n<\/div>\n","protected":false},"featured_media":4819,"comment_status":"closed","ping_status":"closed","template":"","meta":{"_joinchat":[]},"product_cat":[242,100],"product_tag":[],"class_list":{"0":"post-4482","1":"product","2":"type-product","3":"status-publish","4":"has-post-thumbnail","6":"product_cat-242","7":"product_cat-mascotas","9":"first","10":"instock","11":"sale","12":"shipping-taxable","13":"purchasable","14":"product-type-variable"},"_links":{"self":[{"href":"https:\/\/bereketshop.com.mx\/index.php\/wp-json\/wp\/v2\/product\/4482","targetHints":{"allow":["GET"]}}],"collection":[{"href":"https:\/\/bereketshop.com.mx\/index.php\/wp-json\/wp\/v2\/product"}],"about":[{"href":"https:\/\/bereketshop.com.mx\/index.php\/wp-json\/wp\/v2\/types\/product"}],"replies":[{"embeddable":true,"href":"https:\/\/bereketshop.com.mx\/index.php\/wp-json\/wp\/v2\/comments?post=4482"}],"wp:featuredmedia":[{"embeddable":true,"href":"https:\/\/bereketshop.com.mx\/index.php\/wp-json\/wp\/v2\/media\/4819"}],"wp:attachment":[{"href":"https:\/\/bereketshop.com.mx\/index.php\/wp-json\/wp\/v2\/media?parent=4482"}],"wp:term":[{"taxonomy":"product_cat","embeddable":true,"href":"https:\/\/bereketshop.com.mx\/index.php\/wp-json\/wp\/v2\/product_cat?post=4482"},{"taxonomy":"product_tag","embeddable":true,"href":"https:\/\/bereketshop.com.mx\/index.php\/wp-json\/wp\/v2\/product_tag?post=4482"}],"curies":[{"name":"wp","href":"https:\/\/api.w.org\/{rel}","templated":true}]}}