{"id":4489,"date":"2023-11-05T17:16:19","date_gmt":"2023-11-05T16:16:19","guid":{"rendered":"https:\/\/sitio.bereketshop.com.mx\/?post_type=product&#038;p=4489"},"modified":"2024-10-21T22:14:51","modified_gmt":"2024-10-21T20:14:51","slug":"scooter-para-ninos","status":"publish","type":"product","link":"https:\/\/bereketshop.com.mx\/index.php\/product\/scooter-para-ninos\/","title":{"rendered":"Scooter Pat\u00edn Con Asiento Dos Posiciones"},"content":{"rendered":"<h5>CARACTERISTICAS:<\/h5>\n<p>Pat\u00edn scooter con asiento armable material de pl\u00e1stico r\u00edgido, manubrio de metal, bot\u00f3n de presi\u00f3n para desarmar el manubrio, rosca de presi\u00f3n para fijaci\u00f3n del manubrio, 5 niveles de altura ajustables, ruedas con luces con LEDS en color rojo, azul y verde (al girar encienden), modalidad de giro de ruedas delanteras con el manubrio, freno trasero. Ideal para ni\u00f1os de un m\u00e1ximo de 5 a\u00f1os de edad y con un peso que no exceda de los 40kg. Recomendamos usar bajo la supervisi\u00f3n de un adulto.<\/p>\n<p>Ayuda a los ni\u00f1os a aprender a caminar, equilibrar el ejercicio y las habilidades de coordinaci\u00f3n del ejercicio. Dise\u00f1ado para el crecimiento saludable de su beb\u00e9, use su propio equilibrio para controlar la direcci\u00f3n de la bicicleta y mejorar la capacidad de su beb\u00e9. Ejercicio de equilibrio, coordinaci\u00f3n cerebral y sentido de direcci\u00f3n.<\/p>\n<p>C\u00f3mo girar y girar el manillar:<br \/>\nEstructura de estabilidad triangular dise\u00f1o de direcci\u00f3n de gravedad l\u00edmite, direcci\u00f3n de gravedad l\u00edmite de 45 \u00b0. Equilibrio inteligente de la direcci\u00f3n de gravedad, confiando en la fuerza f\u00edsica del ni\u00f1o para inclinar naturalmente el mango para completar la direcci\u00f3n, el centro de gravedad a la izquierda y luego girar a la izquierda, el centro de gravedad a la derecha y a la derecha. Consejos: Los ni\u00f1os de menor edad deben usar este producto en el caso del cuidado de adultos.<\/p>\n<p>El dispositivo de freno trasero y el dise\u00f1o de la rueda de flash:<br \/>\nla ingeniosa combinaci\u00f3n de la protecci\u00f3n contra el agua y el freno se puede frenar r\u00e1pidamente con un solo paso. Rueda de flash resistente al desgaste, sin bater\u00eda, luz duradera, rueda de destello brillante, brillo deslumbrante intermitente, No requiere bater\u00eda, Solo desl\u00edzalo y iluminar\u00e1.<\/p>\n<p>Detalles de apariencia:<br \/>\n1. Ruedas: El material PU altamente el\u00e1stico y resistente al desgaste se utiliza para mejorar eficazmente la resistencia al desgaste y la comodidad de conducci\u00f3n de las ruedas. Excelentes capacidades de absorci\u00f3n de impactos y reducci\u00f3n de ruido, y no da\u00f1ar\u00e1n el piso.<br \/>\n2. Coj\u00edn: el coj\u00edn de esponja suave es m\u00e1s c\u00f3modo para sentarse.<br \/>\n3. Pedal: c\u00f3modo pedal antideslizante ensanchado. El mango de pl\u00e1stico del reposabrazos est\u00e1 dise\u00f1ado para que los ni\u00f1os lo sujeten con m\u00e1s facilidad y lo sujeten c\u00f3modamente sin resbalar.<\/p>\n<p>Escena aplicable:<br \/>\nLos ni\u00f1os aprenden a caminar. Interact\u00faa con ni\u00f1os en el parque. Deslizarse en casa bajo el cuidado de los padres para desarrollar el equilibrio de un ni\u00f1o. Juega en clase con tus compa\u00f1eros en el jard\u00edn de infantes<\/p>\n<p>Colores Disponibles: Rosa, Azul, Naranja<\/p>\n<p>Peso m\u00e1ximo de apoyo: 20-35 kg<br \/>\nTama\u00f1o del producto: 56 * 27.5cm<br \/>\nEl manillar y el asiento se pueden ajustar en 3 alturas:<br \/>\nAltura regulable del manillar: 68cm, 73cm, 78cm.<br \/>\nAltura regulable del asiento: 25cm, 28cm, 31cm.<br \/>\nEl freno del scooter se coloca en la rueda trasera (la hoja de pl\u00e1stico que retiene el agua se puede utilizar como freno. El ni\u00f1o puede pisar ligeramente la hoja de pl\u00e1stico que retiene el agua para frenar durante el uso)<\/p>\n<p>NO INCLUYE CAJA<br \/>\nEdad: 3-6 a\u00f1os<br \/>\nFuente de alimentaci\u00f3n: Ninguno<br \/>\nMaterial: pl\u00e1stico<\/p>\n","protected":false},"excerpt":{"rendered":"<p style=\"text-align: center;\"><span data-sheets-root=\"1\" data-sheets-value=\"{&quot;1&quot;:2,&quot;2&quot;:&quot;Pat\u00edn con asiento, Scooter con dos posiciones, dos en uno&quot;}\" data-sheets-userformat=\"{&quot;2&quot;:12737,&quot;3&quot;:{&quot;1&quot;:0,&quot;3&quot;:1},&quot;9&quot;:0,&quot;10&quot;:0,&quot;11&quot;:3,&quot;15&quot;:&quot;Calibri&quot;,&quot;16&quot;:12}\">Scooter Pat\u00edn Con Asiento | Scooter Con Dos Posiciones | Dos En Uno<\/span><\/p>\n<p>&nbsp;<\/p>\n","protected":false},"featured_media":5529,"comment_status":"closed","ping_status":"closed","template":"","meta":{"_joinchat":[]},"product_cat":[253,99],"product_tag":[],"class_list":{"0":"post-4489","1":"product","2":"type-product","3":"status-publish","4":"has-post-thumbnail","6":"product_cat-253","7":"product_cat-juguetes","9":"first","10":"instock","11":"sale","12":"shipping-taxable","13":"purchasable","14":"product-type-variable"},"_links":{"self":[{"href":"https:\/\/bereketshop.com.mx\/index.php\/wp-json\/wp\/v2\/product\/4489","targetHints":{"allow":["GET"]}}],"collection":[{"href":"https:\/\/bereketshop.com.mx\/index.php\/wp-json\/wp\/v2\/product"}],"about":[{"href":"https:\/\/bereketshop.com.mx\/index.php\/wp-json\/wp\/v2\/types\/product"}],"replies":[{"embeddable":true,"href":"https:\/\/bereketshop.com.mx\/index.php\/wp-json\/wp\/v2\/comments?post=4489"}],"wp:featuredmedia":[{"embeddable":true,"href":"https:\/\/bereketshop.com.mx\/index.php\/wp-json\/wp\/v2\/media\/5529"}],"wp:attachment":[{"href":"https:\/\/bereketshop.com.mx\/index.php\/wp-json\/wp\/v2\/media?parent=4489"}],"wp:term":[{"taxonomy":"product_cat","embeddable":true,"href":"https:\/\/bereketshop.com.mx\/index.php\/wp-json\/wp\/v2\/product_cat?post=4489"},{"taxonomy":"product_tag","embeddable":true,"href":"https:\/\/bereketshop.com.mx\/index.php\/wp-json\/wp\/v2\/product_tag?post=4489"}],"curies":[{"name":"wp","href":"https:\/\/api.w.org\/{rel}","templated":true}]}}