{"id":4492,"date":"2023-11-05T17:16:19","date_gmt":"2023-11-05T16:16:19","guid":{"rendered":"https:\/\/sitio.bereketshop.com.mx\/?post_type=product&#038;p=4492"},"modified":"2024-09-13T23:02:20","modified_gmt":"2024-09-13T21:02:20","slug":"tableta","status":"publish","type":"product","link":"https:\/\/bereketshop.com.mx\/index.php\/product\/tableta\/","title":{"rendered":"Tableta De Escritura Para Ni\u00f1os LCD &#8211; Desarrolla La Imaginaci\u00f3n"},"content":{"rendered":"<h5>CARACTERISTICAS:<\/h5>\n<p>Tablero o Pizarra tapo tableta LCD Para Escritura o Dibujo Para Ni\u00f1os.<br \/>\n* F\u00e1cil de usar, f\u00e1cil de llevar.<br \/>\n* \u00danico y divertido!<br \/>\n* Pinta y dibuja!<br \/>\nIncluye el Stylus (l\u00e1piz) con el que podr\u00e1s escribir lo que quieras.<br \/>\nLuz de alta calidad y materiales resistentes.<br \/>\nBot\u00f3n de borrar, con un solo toque podr\u00e1s limpiar completamente el tablero, para que sigas dibujando y puedas seguir realizando tus obras de arte, evitaras gastar hojas innecesariamente evitando la tala de arboles y siendo amigable con el medio ambiente.<\/p>\n<p><strong>ESPECIFICACIONES:<\/strong><\/p>\n<p>Este tablero de escritura es adecuado para dise\u00f1adores, hombres de negocios, maestros, estudiantes como un buen ayudante cuando usted est\u00e1 haciendo notas, bocetos o haciendo matem\u00e1ticas. Y tambi\u00e9n puedes dejar un mensaje importante para los miembros de tu familia.<br \/>\nSensible a la presi\u00f3n f\u00e1cil de Usar y Jugar Pantalla trasparente y limpia con un solo bot\u00f3n Dise\u00f1o ultra fino y c\u00f3modo de llevar La tableta recargable ahorra papel y es ecol\u00f3gica<br \/>\n<strong>Ahorre dinero<\/strong> Esta pizarra electr\u00f3nica inteligente le permite escribir, dibujar y hacer graffitis. F\u00e1cil de transportar y borrar, mejor que la pizarra o la pizarra, y barato.<br \/>\n<strong>Mejora del rendimiento<\/strong> Hecho de tecnolog\u00eda LCD sensible a la presi\u00f3n, s\u00faper brillante y s\u00faper ligero Todos los c\u00e1lculos se pueden realizar perfectamente.<br \/>\n<strong>Seguro y duradero<\/strong> El tablero de dibujo electr\u00f3nico est\u00e1 hecho de material LCD de alta calidad, sin luz azul, sin radiaci\u00f3n, antica\u00edda, resistente al agua y tiene una buena protecci\u00f3n para los ojos. Este tablero de dibujo es un gran regalo.<br \/>\n<strong>Protecci\u00f3n del medio ambiente<\/strong> La pizarra de escritura electr\u00f3nica puede proteger mejor el medio ambiente y no requiere papel, l\u00e1piz ni borrador.<\/p>\n<p><strong>Dise\u00f1o razonable<\/strong> la carcasa est\u00e1 hecha de pl\u00e1sticos duraderos y no t\u00f3xicos; Con cara suave, que se puede lavar y limpiar f\u00e1cilmente, f\u00e1cil de mantener. 3 f\u00e1cil de usar y f\u00e1cil de llevar: una vez pulsado el bot\u00f3n, limpiar\u00e1 claramente la escritura.<\/p>\n<p>La tableta es ultra delgada y f\u00e1cil de llevar en un bolso, planificador, malet\u00edn o mochila.<br \/>\nEspecificaciones:<br \/>\nMaterial: ABS<br \/>\nVoltaje de entrada: 3V<br \/>\nTipo: pantalla lcd 1 x tablero de escritura 1 x pluma<\/p>\n<div id=\"gtx-trans\" style=\"position: absolute; left: -103px; top: 47.8px;\">\n<div class=\"gtx-trans-icon\"><\/div>\n<\/div>\n","protected":false},"excerpt":{"rendered":"<p style=\"text-align: center;\">Tableta Para Ni\u00f1o y Ni\u00f1a Entre 4 a 15 A\u00f1os\u00a0 | Ideal Para Dibujar\u00a0 | Escribir |\u00a0 Hacer Notas .<\/p>\n<div id=\"gtx-trans\" style=\"position: absolute; left: -25px; top: 37.8px;\">\n<div class=\"gtx-trans-icon\"><\/div>\n<\/div>\n","protected":false},"featured_media":4531,"comment_status":"closed","ping_status":"closed","template":"","meta":{"_joinchat":[]},"product_cat":[99],"product_tag":[],"class_list":{"0":"post-4492","1":"product","2":"type-product","3":"status-publish","4":"has-post-thumbnail","6":"product_cat-juguetes","8":"first","9":"outofstock","10":"sale","11":"shipping-taxable","12":"purchasable","13":"product-type-simple"},"_links":{"self":[{"href":"https:\/\/bereketshop.com.mx\/index.php\/wp-json\/wp\/v2\/product\/4492","targetHints":{"allow":["GET"]}}],"collection":[{"href":"https:\/\/bereketshop.com.mx\/index.php\/wp-json\/wp\/v2\/product"}],"about":[{"href":"https:\/\/bereketshop.com.mx\/index.php\/wp-json\/wp\/v2\/types\/product"}],"replies":[{"embeddable":true,"href":"https:\/\/bereketshop.com.mx\/index.php\/wp-json\/wp\/v2\/comments?post=4492"}],"wp:featuredmedia":[{"embeddable":true,"href":"https:\/\/bereketshop.com.mx\/index.php\/wp-json\/wp\/v2\/media\/4531"}],"wp:attachment":[{"href":"https:\/\/bereketshop.com.mx\/index.php\/wp-json\/wp\/v2\/media?parent=4492"}],"wp:term":[{"taxonomy":"product_cat","embeddable":true,"href":"https:\/\/bereketshop.com.mx\/index.php\/wp-json\/wp\/v2\/product_cat?post=4492"},{"taxonomy":"product_tag","embeddable":true,"href":"https:\/\/bereketshop.com.mx\/index.php\/wp-json\/wp\/v2\/product_tag?post=4492"}],"curies":[{"name":"wp","href":"https:\/\/api.w.org\/{rel}","templated":true}]}}