{"id":4493,"date":"2023-11-05T17:16:19","date_gmt":"2023-11-05T16:16:19","guid":{"rendered":"https:\/\/sitio.bereketshop.com.mx\/?post_type=product&#038;p=4493"},"modified":"2025-04-09T23:01:36","modified_gmt":"2025-04-09T21:01:36","slug":"termo-portatil-2","status":"publish","type":"product","link":"https:\/\/bereketshop.com.mx\/index.php\/product\/termo-portatil-2\/","title":{"rendered":"Botella De  Acero Inoxidable 500 ML"},"content":{"rendered":"<p>&nbsp;<\/p>\n<h5 class=\"a-size-base-plus a-text-bold\">CARACTERISTICAS:<\/h5>\n<ul class=\"a-unordered-list a-vertical a-spacing-mini\">\n<li class=\"a-spacing-mini\"><span class=\"a-list-item\"><strong>Alta calidad y barato:<\/strong> Hecho de acero inoxidable 18\/8 de calidad premium de grado alimenticio. Tapa hecha de material seguro que no contiene BPA ni ftalatos.<\/span><\/li>\n<li class=\"a-spacing-mini\"><span class=\"a-list-item\"><strong>Dise\u00f1o cuidadoso de la tapa de la taza:<\/strong> la versi\u00f3n gruesa del anillo de goma impermeable se utiliza para hacer que el sello sea m\u00e1s seguro. La pajita est\u00e1 hecha de material de polipropileno suave para garantizar que no se rompa despu\u00e9s de un uso prolongado.<\/span><\/li>\n<li class=\"a-spacing-mini\"><span class=\"a-list-item\"><strong>Opciones de paquete m\u00faltiple y multicolor:<\/strong> le proporcionamos m\u00e1s de 10 colores. Te permite una compra para satisfacer las necesidades de toda la familia. Perfecto para ese gran evento, como gran inauguraci\u00f3n o fiesta de cumplea\u00f1os.<\/span><\/li>\n<li class=\"a-spacing-mini\"><span class=\"a-list-item\"><strong>Tama\u00f1o perfecto y mantiene el calor durante mucho tiempo:<\/strong> la botella de agua de acero inoxidable de 24 onzas es perfecta para el uso diario para tu senderismo, ciclismo, playa, campamento y fitness<\/span><\/li>\n<li class=\"a-spacing-mini\"><span class=\"a-list-item\"><strong>100% SATISFACCI\u00d3N<\/strong>: Si hay alg\u00fan problema con el producto que recibi\u00f3, p\u00f3ngase en contacto con el servicio de atenci\u00f3n al cliente de la tienda lo antes posible.<\/span><\/li>\n<\/ul>\n<p>&nbsp;<\/p>\n<p>&nbsp;<\/p>\n","protected":false},"excerpt":{"rendered":"<p style=\"text-align: center;\"><span data-sheets-root=\"1\" data-sheets-value=\"{&quot;1&quot;:2,&quot;2&quot;:&quot;Botella de Agua de Acero Inoxidable 500 ML&quot;}\" data-sheets-userformat=\"{&quot;2&quot;:12737,&quot;3&quot;:{&quot;1&quot;:0,&quot;3&quot;:1},&quot;9&quot;:0,&quot;10&quot;:0,&quot;11&quot;:3,&quot;15&quot;:&quot;Calibri&quot;,&quot;16&quot;:12}\">Botella Acero Inoxidable 500 ML | <\/span>Experimenta La Calidad De Este Termo | Disfrutar De Cualquier Infusi\u00f3n |\u00a0 Ll\u00e9valo a donde quieras\u00a0 |\u00a0 Ten Listo Tu Caf\u00e9 | T\u00e9 |\u00a0 Jugo\u00a0 | R\u00e1pidamente.<\/p>\n<p>&nbsp;<\/p>\n","protected":false},"featured_media":5307,"comment_status":"closed","ping_status":"closed","template":"","meta":{"_joinchat":[]},"product_cat":[241,59],"product_tag":[],"class_list":{"0":"post-4493","1":"product","2":"type-product","3":"status-publish","4":"has-post-thumbnail","6":"product_cat-241","7":"product_cat-hogar","9":"first","10":"outofstock","11":"shipping-taxable","12":"purchasable","13":"product-type-variable"},"_links":{"self":[{"href":"https:\/\/bereketshop.com.mx\/index.php\/wp-json\/wp\/v2\/product\/4493","targetHints":{"allow":["GET"]}}],"collection":[{"href":"https:\/\/bereketshop.com.mx\/index.php\/wp-json\/wp\/v2\/product"}],"about":[{"href":"https:\/\/bereketshop.com.mx\/index.php\/wp-json\/wp\/v2\/types\/product"}],"replies":[{"embeddable":true,"href":"https:\/\/bereketshop.com.mx\/index.php\/wp-json\/wp\/v2\/comments?post=4493"}],"wp:featuredmedia":[{"embeddable":true,"href":"https:\/\/bereketshop.com.mx\/index.php\/wp-json\/wp\/v2\/media\/5307"}],"wp:attachment":[{"href":"https:\/\/bereketshop.com.mx\/index.php\/wp-json\/wp\/v2\/media?parent=4493"}],"wp:term":[{"taxonomy":"product_cat","embeddable":true,"href":"https:\/\/bereketshop.com.mx\/index.php\/wp-json\/wp\/v2\/product_cat?post=4493"},{"taxonomy":"product_tag","embeddable":true,"href":"https:\/\/bereketshop.com.mx\/index.php\/wp-json\/wp\/v2\/product_tag?post=4493"}],"curies":[{"name":"wp","href":"https:\/\/api.w.org\/{rel}","templated":true}]}}