{"id":4495,"date":"2023-11-05T17:16:19","date_gmt":"2023-11-05T16:16:19","guid":{"rendered":"https:\/\/sitio.bereketshop.com.mx\/?post_type=product&#038;p=4495"},"modified":"2024-09-19T20:43:27","modified_gmt":"2024-09-19T18:43:27","slug":"tienda-plegable","status":"publish","type":"product","link":"https:\/\/bereketshop.com.mx\/index.php\/product\/tienda-plegable\/","title":{"rendered":"Tienda Campa\u00f1a Infantil Carpa Plegable Para Ni\u00f1os Con Dise\u00f1o"},"content":{"rendered":"<h5>CARACTERISTICAS:<\/h5>\n<p>Tienda de Campa\u00f1a infantil \u2013 Carpa plegable para ni\u00f1os.<\/p>\n<p>Inspirado para crear para los ni\u00f1os y ni\u00f1as un lugar donde puedan estar con sus hermanos\/amigos y divertirse dentro de una casa de juegos puedan leer, entretenerse y relajarse.<\/p>\n<p>Hecho con tela durable de poli\u00e9ster haciendo resistente la carpa con los postes de PVC. F\u00e1cil de armar \u2013 Set r\u00e1pido y f\u00e1cil configuraci\u00f3n sin necesidad de herramientas.<\/p>\n<p>Incluye 1 Casa de Campa\u00f1a Infantil 1 Manual 30 Soportes de PVC 19 Conectores 1 Bolsa de Almacenamiento.<\/p>\n<p>Tama\u00f1o empaque: 2.5 cm x 42 cm x 42 cm<br \/>\nEdad: 0-3 a\u00f1os<br \/>\nCertificado del Test: ASTM-F963<br \/>\nMaterial: pl\u00e1stico<\/p>\n<p>&nbsp;<\/p>\n","protected":false},"excerpt":{"rendered":"<p style=\"text-align: center;\">Tienda De Campa\u00f1a Infantil\u00a0 | Port\u00e1til En Forma De Castillo |\u00a0 Carpa Inspirado Para Los Ni\u00f1os Y Ni\u00f1as | Un Lugar Donde Puedan Estar Con Sus Hermanos |\u00a0 Amigos |\u00a0 Divertirse Dentro De Una Casa De Juegos | Pueden Leer | Entretenerse | Relajarse.<\/p>\n<div id=\"gtx-trans\" style=\"position: absolute; left: -128px; top: 37.8px;\">\n<div class=\"gtx-trans-icon\"><\/div>\n<\/div>\n","protected":false},"featured_media":4535,"comment_status":"closed","ping_status":"closed","template":"","meta":{"_joinchat":[]},"product_cat":[240,99],"product_tag":[],"class_list":{"0":"post-4495","1":"product","2":"type-product","3":"status-publish","4":"has-post-thumbnail","6":"product_cat-240","7":"product_cat-juguetes","9":"first","10":"instock","11":"sale","12":"shipping-taxable","13":"purchasable","14":"product-type-variable"},"_links":{"self":[{"href":"https:\/\/bereketshop.com.mx\/index.php\/wp-json\/wp\/v2\/product\/4495","targetHints":{"allow":["GET"]}}],"collection":[{"href":"https:\/\/bereketshop.com.mx\/index.php\/wp-json\/wp\/v2\/product"}],"about":[{"href":"https:\/\/bereketshop.com.mx\/index.php\/wp-json\/wp\/v2\/types\/product"}],"replies":[{"embeddable":true,"href":"https:\/\/bereketshop.com.mx\/index.php\/wp-json\/wp\/v2\/comments?post=4495"}],"wp:featuredmedia":[{"embeddable":true,"href":"https:\/\/bereketshop.com.mx\/index.php\/wp-json\/wp\/v2\/media\/4535"}],"wp:attachment":[{"href":"https:\/\/bereketshop.com.mx\/index.php\/wp-json\/wp\/v2\/media?parent=4495"}],"wp:term":[{"taxonomy":"product_cat","embeddable":true,"href":"https:\/\/bereketshop.com.mx\/index.php\/wp-json\/wp\/v2\/product_cat?post=4495"},{"taxonomy":"product_tag","embeddable":true,"href":"https:\/\/bereketshop.com.mx\/index.php\/wp-json\/wp\/v2\/product_tag?post=4495"}],"curies":[{"name":"wp","href":"https:\/\/api.w.org\/{rel}","templated":true}]}}