{"id":4496,"date":"2023-11-05T17:16:19","date_gmt":"2023-11-05T16:16:19","guid":{"rendered":"https:\/\/sitio.bereketshop.com.mx\/?post_type=product&#038;p=4496"},"modified":"2024-10-24T22:59:07","modified_gmt":"2024-10-24T20:59:07","slug":"tunel-alberca","status":"publish","type":"product","link":"https:\/\/bereketshop.com.mx\/index.php\/product\/tunel-alberca\/","title":{"rendered":"T\u00fanel Alberca Gusano"},"content":{"rendered":"<h5>CARACTERISTICAS:<\/h5>\n<p>Prepare a sus hijos para pasar momentos de diversi\u00f3n sin fin con sus juegos personalizados vibrantes e intercambiables.<\/p>\n<p style=\"text-align: left;\">Seguro para ni\u00f1os e incluso mascotas. Nuestro Tienda Campa\u00f1a Infantil ha sido especialmente dise\u00f1ado para ser adecuado para ni\u00f1os de todas las edades, \u00a1incluso para beb\u00e9s y perros!<br \/>\nLe ofrecemos la mayor importancia a la creaci\u00f3n de un ambiente seguro para que los ni\u00f1os jueguen.<br \/>\nF\u00e1cil de transportar e instalar, Acompa\u00f1ados de instrucciones f\u00e1ciles de seguir, los componentes individuales son sorprendentemente f\u00e1ciles de configurar y pueden usarse tanto en interiores como en exteriores.<\/p>\n<p style=\"text-align: left;\">Viene con un bag que facilita el transporte de la carpa de juegos junto con estacas en el suelo que se pueden usar para asegurar la casa de juegos al suelo.<\/p>\n<p style=\"text-align: left;\">Estable y Duradera, Esta tienda de juegos es estable gracias al alambre de acero de alta calidad, lo que tiene una elasticidad fuerte y no se dobla durante el uso.<\/p>\n<p style=\"text-align: left;\">La fibra de poli\u00e9ster resistente al desgarro y el enlace doble cosido hacen que el t\u00fanel de juego sea duradera<br \/>\nApto para todas las ocasiones, Ya se trate de fiestas, picnics, fechas de juegos, parques infantiles, guarder\u00edas y pijamadas.<\/p>\n<p style=\"text-align: left;\">Carpa de la casa de juegos se puede usar tanto como una pista de obst\u00e1culos al aire libre como como un gimnasio cubierto en la jungla.<\/p>\n<p style=\"text-align: left;\">\u2022 <em>NO INCLUYE PELOTAS<\/em><br \/>\n<em>\u2022 Divertido juguete de aprendizaje ideal para el hogar, viajar, terapias o m\u00e1s.<\/em><br \/>\n<em>\u2022 Seguro, no t\u00f3xico, no contiene PVC y f\u00e1cil de limpiar.<\/em><br \/>\n<em>\u2022 F\u00e1cil de armar por su dise\u00f1o pop-up.<\/em><br \/>\n<em>\u2022 Ligero y port\u00e1til con una bolsa de transporte.<\/em><br \/>\n<em>\u2022 Los padres podr\u00e1n observar la actividad del beb\u00e9 en cualquier momento y en cualquier lugar.<\/em><br \/>\n<em>\u2022 Juguete did\u00e1ctico que sirve para cultivar la capacidad de comunicaci\u00f3n social, la capacidad de deportes, la\u00a0 \u00a0 capacidad de espacio.<\/em><br \/>\n<em>\u2022 Rango de edad: De 2 a 6 a\u00f1os.<\/em><\/p>\n<p style=\"text-align: left;\"><strong>CARACTER\u00cdSTICAS DEL PRODUCTO:<\/strong><br \/>\n&#8211; Juguete plegable.<br \/>\n&#8211; Material: Resistente poli\u00e9ster<br \/>\n&#8211; Peso del paquete: 1.38 kg<br \/>\n&#8211; Contenido del paquete: 1 t\u00fanel, 1 alberca y 1 casita.<br \/>\n&#8211; NO INCLUYE PELOTAS<\/p>\n<p style=\"text-align: left;\">Edad: 3-6 a\u00f1os<br \/>\nCertificado del Test: GCTS<br \/>\nMaterial: pl\u00e1stico<\/p>\n<div id=\"gtx-trans\" style=\"position: absolute; left: 267px; top: 47.8px;\">\n<div class=\"gtx-trans-icon\"><\/div>\n<\/div>\n","protected":false},"excerpt":{"rendered":"<p style=\"text-align: center;\">T\u00fanel Alberca Gusano|\u00a0 Pelotas\u00a0 | Casa Did\u00e1ctica |\u00a0 Juegos Canasta| El Regalo Perfecto Para Ni\u00f1os | 3 en 1 Casita Infantil | T\u00fanel\u00a0 Infantil | Equipada Con Un T\u00fanel De Arrastre | Un Hoyo Para Pelotas | Un Aro De Baloncesto.<\/p>\n<p style=\"text-align: left;\">\n","protected":false},"featured_media":4542,"comment_status":"closed","ping_status":"closed","template":"","meta":{"_joinchat":[]},"product_cat":[255,99],"product_tag":[],"class_list":{"0":"post-4496","1":"product","2":"type-product","3":"status-publish","4":"has-post-thumbnail","6":"product_cat-255","7":"product_cat-juguetes","9":"first","10":"instock","11":"sale","12":"shipping-taxable","13":"purchasable","14":"product-type-variable"},"_links":{"self":[{"href":"https:\/\/bereketshop.com.mx\/index.php\/wp-json\/wp\/v2\/product\/4496","targetHints":{"allow":["GET"]}}],"collection":[{"href":"https:\/\/bereketshop.com.mx\/index.php\/wp-json\/wp\/v2\/product"}],"about":[{"href":"https:\/\/bereketshop.com.mx\/index.php\/wp-json\/wp\/v2\/types\/product"}],"replies":[{"embeddable":true,"href":"https:\/\/bereketshop.com.mx\/index.php\/wp-json\/wp\/v2\/comments?post=4496"}],"wp:featuredmedia":[{"embeddable":true,"href":"https:\/\/bereketshop.com.mx\/index.php\/wp-json\/wp\/v2\/media\/4542"}],"wp:attachment":[{"href":"https:\/\/bereketshop.com.mx\/index.php\/wp-json\/wp\/v2\/media?parent=4496"}],"wp:term":[{"taxonomy":"product_cat","embeddable":true,"href":"https:\/\/bereketshop.com.mx\/index.php\/wp-json\/wp\/v2\/product_cat?post=4496"},{"taxonomy":"product_tag","embeddable":true,"href":"https:\/\/bereketshop.com.mx\/index.php\/wp-json\/wp\/v2\/product_tag?post=4496"}],"curies":[{"name":"wp","href":"https:\/\/api.w.org\/{rel}","templated":true}]}}