{"id":5003,"date":"2024-01-15T02:05:19","date_gmt":"2024-01-15T01:05:19","guid":{"rendered":"https:\/\/bereketshop.com.mx\/?post_type=product&#038;p=5003"},"modified":"2024-09-19T22:06:44","modified_gmt":"2024-09-19T20:06:44","slug":"utensilios-de-cocina-set-de-12-piezas","status":"publish","type":"product","link":"https:\/\/bereketshop.com.mx\/index.php\/product\/utensilios-de-cocina-set-de-12-piezas\/","title":{"rendered":"Utensilios De Cocina Set De 12 Piezas"},"content":{"rendered":"<h3><span data-sheets-root=\"1\" data-sheets-value=\"{&quot;1&quot;:2,&quot;2&quot;:&quot;Set de 12 piezas para cocina de silicona con mango de madera\\n\\nCaracter\u00edsticas:\\n\\n- Materiales de alta calidad para cocinar: No tiene BPA, no se rompe ni dobla, silicona te ayuda a proteger tus utensilios de cocina previniendo rayones. Mango brinda protecci\u00f3n contra la oxidaci\u00f3n, protegiendo tus manos de quemaduras.\\n- Resistentes al calor: Soportan hasta 230 C \/ 446 F y son antiadherentes por lo que no rayar\u00e1n tus utensilios de cocina. Limpian con facilidad y no se manchan o acumulan olores.\\n- Kit de cocina completo (12 piezas): Contiene volteador, esp\u00e1tula, cuchar\u00f3n de sopa, cucharas para servir, servidor de pasta, pinzas, etc. Muy buen regalo para considerar para una inauguraci\u00f3n de casa, boda, cumplea\u00f1os.\\n- Ligero, robusto, pr\u00e1ctico: Combinaci\u00f3n correcta de materiales con silicona y madera natural hecha para mejorar la experiencia de la cocina con mangos firmes, dise\u00f1o ergon\u00f3mico.\\n\\nIncluye:\\n- 1 Cuchara grande\\n- 1 cuchara de sopa\\n- 1 volteador ranurado\\n- 1 esp\u00e1tula cuchara\\n- 1 cuchara ranurada\\n- 1 esp\u00e1tula\\n- 1 ranurado\\n- 1 servidor de pasta\\n- 1 cepillo para rociar\\n- 1 batidor\\n- 1 pinzas\\n- 1 organizador de pl\u00e1stico\\n\\nNO se recomienda usar en lavavajillas&quot;}\" data-sheets-userformat=\"{&quot;2&quot;:13249,&quot;3&quot;:{&quot;1&quot;:0},&quot;9&quot;:0,&quot;10&quot;:0,&quot;11&quot;:3,&quot;12&quot;:0,&quot;15&quot;:&quot;Calibri&quot;,&quot;16&quot;:12}\"><strong>Caracter\u00edsticas:<\/strong><\/span><\/h3>\n<ul>\n<li><span data-sheets-root=\"1\" data-sheets-value=\"{&quot;1&quot;:2,&quot;2&quot;:&quot;Set de 12 piezas para cocina de silicona con mango de madera\\n\\nCaracter\u00edsticas:\\n\\n- Materiales de alta calidad para cocinar: No tiene BPA, no se rompe ni dobla, silicona te ayuda a proteger tus utensilios de cocina previniendo rayones. Mango brinda protecci\u00f3n contra la oxidaci\u00f3n, protegiendo tus manos de quemaduras.\\n- Resistentes al calor: Soportan hasta 230 C \/ 446 F y son antiadherentes por lo que no rayar\u00e1n tus utensilios de cocina. Limpian con facilidad y no se manchan o acumulan olores.\\n- Kit de cocina completo (12 piezas): Contiene volteador, esp\u00e1tula, cuchar\u00f3n de sopa, cucharas para servir, servidor de pasta, pinzas, etc. Muy buen regalo para considerar para una inauguraci\u00f3n de casa, boda, cumplea\u00f1os.\\n- Ligero, robusto, pr\u00e1ctico: Combinaci\u00f3n correcta de materiales con silicona y madera natural hecha para mejorar la experiencia de la cocina con mangos firmes, dise\u00f1o ergon\u00f3mico.\\n\\nIncluye:\\n- 1 Cuchara grande\\n- 1 cuchara de sopa\\n- 1 volteador ranurado\\n- 1 esp\u00e1tula cuchara\\n- 1 cuchara ranurada\\n- 1 esp\u00e1tula\\n- 1 ranurado\\n- 1 servidor de pasta\\n- 1 cepillo para rociar\\n- 1 batidor\\n- 1 pinzas\\n- 1 organizador de pl\u00e1stico\\n\\nNO se recomienda usar en lavavajillas&quot;}\" data-sheets-userformat=\"{&quot;2&quot;:13249,&quot;3&quot;:{&quot;1&quot;:0},&quot;9&quot;:0,&quot;10&quot;:0,&quot;11&quot;:3,&quot;12&quot;:0,&quot;15&quot;:&quot;Calibri&quot;,&quot;16&quot;:12}\">Materiales de alta calidad para cocinar: No tiene BPA, no se rompe ni dobla, silicona te ayuda a proteger tus utensilios de cocina previniendo rayones. Mango brinda protecci\u00f3n contra la oxidaci\u00f3n, protegiendo tus manos de quemaduras.<\/span><\/li>\n<li><span data-sheets-root=\"1\" data-sheets-value=\"{&quot;1&quot;:2,&quot;2&quot;:&quot;Set de 12 piezas para cocina de silicona con mango de madera\\n\\nCaracter\u00edsticas:\\n\\n- Materiales de alta calidad para cocinar: No tiene BPA, no se rompe ni dobla, silicona te ayuda a proteger tus utensilios de cocina previniendo rayones. Mango brinda protecci\u00f3n contra la oxidaci\u00f3n, protegiendo tus manos de quemaduras.\\n- Resistentes al calor: Soportan hasta 230 C \/ 446 F y son antiadherentes por lo que no rayar\u00e1n tus utensilios de cocina. Limpian con facilidad y no se manchan o acumulan olores.\\n- Kit de cocina completo (12 piezas): Contiene volteador, esp\u00e1tula, cuchar\u00f3n de sopa, cucharas para servir, servidor de pasta, pinzas, etc. Muy buen regalo para considerar para una inauguraci\u00f3n de casa, boda, cumplea\u00f1os.\\n- Ligero, robusto, pr\u00e1ctico: Combinaci\u00f3n correcta de materiales con silicona y madera natural hecha para mejorar la experiencia de la cocina con mangos firmes, dise\u00f1o ergon\u00f3mico.\\n\\nIncluye:\\n- 1 Cuchara grande\\n- 1 cuchara de sopa\\n- 1 volteador ranurado\\n- 1 esp\u00e1tula cuchara\\n- 1 cuchara ranurada\\n- 1 esp\u00e1tula\\n- 1 ranurado\\n- 1 servidor de pasta\\n- 1 cepillo para rociar\\n- 1 batidor\\n- 1 pinzas\\n- 1 organizador de pl\u00e1stico\\n\\nNO se recomienda usar en lavavajillas&quot;}\" data-sheets-userformat=\"{&quot;2&quot;:13249,&quot;3&quot;:{&quot;1&quot;:0},&quot;9&quot;:0,&quot;10&quot;:0,&quot;11&quot;:3,&quot;12&quot;:0,&quot;15&quot;:&quot;Calibri&quot;,&quot;16&quot;:12}\">Resistentes al calor: Soportan hasta 230 C \/ 446 F y son antiadherentes por lo que no rayar\u00e1n tus utensilios de cocina. Limpian con facilidad y no se manchan o acumulan olores.<\/span><\/li>\n<li><span data-sheets-root=\"1\" data-sheets-value=\"{&quot;1&quot;:2,&quot;2&quot;:&quot;Set de 12 piezas para cocina de silicona con mango de madera\\n\\nCaracter\u00edsticas:\\n\\n- Materiales de alta calidad para cocinar: No tiene BPA, no se rompe ni dobla, silicona te ayuda a proteger tus utensilios de cocina previniendo rayones. Mango brinda protecci\u00f3n contra la oxidaci\u00f3n, protegiendo tus manos de quemaduras.\\n- Resistentes al calor: Soportan hasta 230 C \/ 446 F y son antiadherentes por lo que no rayar\u00e1n tus utensilios de cocina. Limpian con facilidad y no se manchan o acumulan olores.\\n- Kit de cocina completo (12 piezas): Contiene volteador, esp\u00e1tula, cuchar\u00f3n de sopa, cucharas para servir, servidor de pasta, pinzas, etc. Muy buen regalo para considerar para una inauguraci\u00f3n de casa, boda, cumplea\u00f1os.\\n- Ligero, robusto, pr\u00e1ctico: Combinaci\u00f3n correcta de materiales con silicona y madera natural hecha para mejorar la experiencia de la cocina con mangos firmes, dise\u00f1o ergon\u00f3mico.\\n\\nIncluye:\\n- 1 Cuchara grande\\n- 1 cuchara de sopa\\n- 1 volteador ranurado\\n- 1 esp\u00e1tula cuchara\\n- 1 cuchara ranurada\\n- 1 esp\u00e1tula\\n- 1 ranurado\\n- 1 servidor de pasta\\n- 1 cepillo para rociar\\n- 1 batidor\\n- 1 pinzas\\n- 1 organizador de pl\u00e1stico\\n\\nNO se recomienda usar en lavavajillas&quot;}\" data-sheets-userformat=\"{&quot;2&quot;:13249,&quot;3&quot;:{&quot;1&quot;:0},&quot;9&quot;:0,&quot;10&quot;:0,&quot;11&quot;:3,&quot;12&quot;:0,&quot;15&quot;:&quot;Calibri&quot;,&quot;16&quot;:12}\">Kit de cocina completo (12 piezas): Contiene volteador, esp\u00e1tula, cuchar\u00f3n de sopa, cucharas para servir, servidor de pasta, pinzas, etc. Muy buen regalo para considerar para una inauguraci\u00f3n de casa, boda, cumplea\u00f1os.<\/span><\/li>\n<li><span data-sheets-root=\"1\" data-sheets-value=\"{&quot;1&quot;:2,&quot;2&quot;:&quot;Set de 12 piezas para cocina de silicona con mango de madera\\n\\nCaracter\u00edsticas:\\n\\n- Materiales de alta calidad para cocinar: No tiene BPA, no se rompe ni dobla, silicona te ayuda a proteger tus utensilios de cocina previniendo rayones. Mango brinda protecci\u00f3n contra la oxidaci\u00f3n, protegiendo tus manos de quemaduras.\\n- Resistentes al calor: Soportan hasta 230 C \/ 446 F y son antiadherentes por lo que no rayar\u00e1n tus utensilios de cocina. Limpian con facilidad y no se manchan o acumulan olores.\\n- Kit de cocina completo (12 piezas): Contiene volteador, esp\u00e1tula, cuchar\u00f3n de sopa, cucharas para servir, servidor de pasta, pinzas, etc. Muy buen regalo para considerar para una inauguraci\u00f3n de casa, boda, cumplea\u00f1os.\\n- Ligero, robusto, pr\u00e1ctico: Combinaci\u00f3n correcta de materiales con silicona y madera natural hecha para mejorar la experiencia de la cocina con mangos firmes, dise\u00f1o ergon\u00f3mico.\\n\\nIncluye:\\n- 1 Cuchara grande\\n- 1 cuchara de sopa\\n- 1 volteador ranurado\\n- 1 esp\u00e1tula cuchara\\n- 1 cuchara ranurada\\n- 1 esp\u00e1tula\\n- 1 ranurado\\n- 1 servidor de pasta\\n- 1 cepillo para rociar\\n- 1 batidor\\n- 1 pinzas\\n- 1 organizador de pl\u00e1stico\\n\\nNO se recomienda usar en lavavajillas&quot;}\" data-sheets-userformat=\"{&quot;2&quot;:13249,&quot;3&quot;:{&quot;1&quot;:0},&quot;9&quot;:0,&quot;10&quot;:0,&quot;11&quot;:3,&quot;12&quot;:0,&quot;15&quot;:&quot;Calibri&quot;,&quot;16&quot;:12}\">Ligero, robusto, pr\u00e1ctico: Combinaci\u00f3n correcta de materiales con silicona y madera natural hecha para mejorar la experiencia de la cocina con mangos firmes, dise\u00f1o ergon\u00f3mico.<\/span><\/li>\n<\/ul>\n<p><strong>Incluye:<\/strong><br \/>\n&#8211; 1 Cuchara grande<br \/>\n&#8211; 1 cuchara de sopa<br \/>\n&#8211; 1 volteador ranurado<br \/>\n&#8211; 1 esp\u00e1tula cuchara<br \/>\n&#8211; 1 cuchara ranurada<br \/>\n&#8211; 1 esp\u00e1tula<br \/>\n&#8211; 1 ranurado<br \/>\n&#8211; 1 servidor de pasta<br \/>\n&#8211; 1 cepillo para rociar<br \/>\n&#8211; 1 batidor<br \/>\n&#8211; 1 pinzas<br \/>\n&#8211; 1 organizador de pl\u00e1stico<\/p>\n<p>NO se recomienda usar en lavavajillas<\/p>\n","protected":false},"excerpt":{"rendered":"<p class=\"product_title entry-title\" style=\"text-align: center;\">Set De Utensilios | Para Cocina | En Silicona|\u00a0 Con Mango De Madera\u00a0 | 12 Piezas.<\/p>\n<p style=\"text-align: center;\">\n","protected":false},"featured_media":5004,"comment_status":"open","ping_status":"closed","template":"","meta":{"_joinchat":[]},"product_cat":[255,59],"product_tag":[],"class_list":{"0":"post-5003","1":"product","2":"type-product","3":"status-publish","4":"has-post-thumbnail","6":"product_cat-255","7":"product_cat-hogar","9":"first","10":"instock","11":"sale","12":"shipping-taxable","13":"purchasable","14":"product-type-variable"},"_links":{"self":[{"href":"https:\/\/bereketshop.com.mx\/index.php\/wp-json\/wp\/v2\/product\/5003","targetHints":{"allow":["GET"]}}],"collection":[{"href":"https:\/\/bereketshop.com.mx\/index.php\/wp-json\/wp\/v2\/product"}],"about":[{"href":"https:\/\/bereketshop.com.mx\/index.php\/wp-json\/wp\/v2\/types\/product"}],"replies":[{"embeddable":true,"href":"https:\/\/bereketshop.com.mx\/index.php\/wp-json\/wp\/v2\/comments?post=5003"}],"wp:featuredmedia":[{"embeddable":true,"href":"https:\/\/bereketshop.com.mx\/index.php\/wp-json\/wp\/v2\/media\/5004"}],"wp:attachment":[{"href":"https:\/\/bereketshop.com.mx\/index.php\/wp-json\/wp\/v2\/media?parent=5003"}],"wp:term":[{"taxonomy":"product_cat","embeddable":true,"href":"https:\/\/bereketshop.com.mx\/index.php\/wp-json\/wp\/v2\/product_cat?post=5003"},{"taxonomy":"product_tag","embeddable":true,"href":"https:\/\/bereketshop.com.mx\/index.php\/wp-json\/wp\/v2\/product_tag?post=5003"}],"curies":[{"name":"wp","href":"https:\/\/api.w.org\/{rel}","templated":true}]}}