{"id":5014,"date":"2024-01-15T18:25:38","date_gmt":"2024-01-15T17:25:38","guid":{"rendered":"https:\/\/bereketshop.com.mx\/?post_type=product&#038;p=5014"},"modified":"2024-09-13T20:51:34","modified_gmt":"2024-09-13T18:51:34","slug":"rallador-mandolina-multiusos-de-acero-inoxidable","status":"publish","type":"product","link":"https:\/\/bereketshop.com.mx\/index.php\/product\/rallador-mandolina-multiusos-de-acero-inoxidable\/","title":{"rendered":"Rallador Mandolina Multiusos De Acero Inoxidable"},"content":{"rendered":"<h3><span data-sheets-root=\"1\" data-sheets-value=\"{&quot;1&quot;:2,&quot;2&quot;:&quot;Rallador Cortador Picador Rebanador Manual de Verduras 12 en 1\\n\\n7 cuchillas de acero inoxidable intercambiables\\n1 cesta de drenaje\\n1 separador de huevos\\n1 pelador\\n1 protector de mano\\n\\nNavaja de acero inoxidable afilada y duradera.\\n\\nHojas de acero inoxidable de alta resistencia para cortar, rebanar, triturar y picar frutas y verduras como por ejemplo cebolla, champi\u00f1\u00f3n, pepino, zanahoria, papa, jengibre, ajo, queso y m\u00e1s.\\n\\nPicador de alimentos con dise\u00f1o ergon\u00f3mico \u2013 soft grip handle\\nRebanar, picar, cortar y picar frutas de manera sencilla.\\nMedidas 32*11*10 cm\\nCapacidad de 1.2 Litros&quot;}\" data-sheets-userformat=\"{&quot;2&quot;:13249,&quot;3&quot;:{&quot;1&quot;:0},&quot;9&quot;:0,&quot;10&quot;:0,&quot;11&quot;:3,&quot;12&quot;:0,&quot;15&quot;:&quot;Calibri&quot;,&quot;16&quot;:12}\"><strong>Rallador Cortador Picador Rebanador Manual de Verduras 12 en 1<\/strong><\/span><\/h3>\n<p>7 cuchillas de acero inoxidable intercambiables<br \/>\n1 cesta de drenaje<br \/>\n1 separador de huevos<br \/>\n1 pelador<br \/>\n1 protector de mano<\/p>\n<p>Navaja de acero inoxidable afilada y duradera.<\/p>\n<p>Hojas de acero inoxidable de alta resistencia para cortar, rebanar, triturar y picar frutas y verduras como por ejemplo cebolla, champi\u00f1\u00f3n, pepino, zanahoria, papa, jengibre, ajo, queso y m\u00e1s.<\/p>\n<p>Picador de alimentos con dise\u00f1o ergon\u00f3mico \u2013 soft grip handle<br \/>\nRebanar, picar, cortar y picar frutas de manera sencilla.<br \/>\nMedidas 32*11*10 cm<br \/>\nCapacidad de 1.2 Litros<\/p>\n","protected":false},"excerpt":{"rendered":"<p style=\"text-align: center;\"><span data-sheets-root=\"1\" data-sheets-value=\"{&quot;1&quot;:2,&quot;2&quot;:&quot;RALLADOR, Mandolina multiusos, rallador, picador, cortador porfesional, acero inoxidable &quot;}\" data-sheets-userformat=\"{&quot;2&quot;:12737,&quot;3&quot;:{&quot;1&quot;:0,&quot;3&quot;:1},&quot;9&quot;:0,&quot;10&quot;:0,&quot;11&quot;:3,&quot;15&quot;:&quot;Calibri&quot;,&quot;16&quot;:12}\">Rallador |\u00a0 Mandolina Multiusos |\u00a0 Rallador | Picador |\u00a0 Cortador Profesional | De Acero Inoxidable.<\/span><\/p>\n","protected":false},"featured_media":5015,"comment_status":"open","ping_status":"closed","template":"","meta":{"_joinchat":[]},"product_cat":[59],"product_tag":[],"class_list":{"0":"post-5014","1":"product","2":"type-product","3":"status-publish","4":"has-post-thumbnail","6":"product_cat-hogar","8":"first","9":"outofstock","10":"sale","11":"shipping-taxable","12":"purchasable","13":"product-type-simple"},"_links":{"self":[{"href":"https:\/\/bereketshop.com.mx\/index.php\/wp-json\/wp\/v2\/product\/5014","targetHints":{"allow":["GET"]}}],"collection":[{"href":"https:\/\/bereketshop.com.mx\/index.php\/wp-json\/wp\/v2\/product"}],"about":[{"href":"https:\/\/bereketshop.com.mx\/index.php\/wp-json\/wp\/v2\/types\/product"}],"replies":[{"embeddable":true,"href":"https:\/\/bereketshop.com.mx\/index.php\/wp-json\/wp\/v2\/comments?post=5014"}],"wp:featuredmedia":[{"embeddable":true,"href":"https:\/\/bereketshop.com.mx\/index.php\/wp-json\/wp\/v2\/media\/5015"}],"wp:attachment":[{"href":"https:\/\/bereketshop.com.mx\/index.php\/wp-json\/wp\/v2\/media?parent=5014"}],"wp:term":[{"taxonomy":"product_cat","embeddable":true,"href":"https:\/\/bereketshop.com.mx\/index.php\/wp-json\/wp\/v2\/product_cat?post=5014"},{"taxonomy":"product_tag","embeddable":true,"href":"https:\/\/bereketshop.com.mx\/index.php\/wp-json\/wp\/v2\/product_tag?post=5014"}],"curies":[{"name":"wp","href":"https:\/\/api.w.org\/{rel}","templated":true}]}}