{"id":5045,"date":"2024-01-15T22:19:18","date_gmt":"2024-01-15T21:19:18","guid":{"rendered":"https:\/\/bereketshop.com.mx\/?post_type=product&#038;p=5045"},"modified":"2024-09-10T21:33:11","modified_gmt":"2024-09-10T19:33:11","slug":"vaso-termo-30-onz-acero-inoxidable-termico-doble-capa","status":"publish","type":"product","link":"https:\/\/bereketshop.com.mx\/index.php\/product\/vaso-termo-30-onz-acero-inoxidable-termico-doble-capa\/","title":{"rendered":"Vaso Termo 30 Onz Acero Inoxidable Termico Doble Capa"},"content":{"rendered":"<h3 class=\"a-size-base-plus a-text-bold\">Caracter\u00edsticas<strong>:<\/strong><\/h3>\n<ul class=\"a-unordered-list a-vertical a-spacing-mini\">\n<li class=\"a-spacing-mini\"><span class=\"a-list-item\">TU TERMO IDEAL- Estos termos tienen la \u00fanica tapa de bebida que utiliza el poder de los imanes para mantener tu agua, cerveza o bebida favorita bloqueada. Son libres de BPA, aptos para lavaplatos y tienen un dise\u00f1o que no suda para asegurar que tus manos permanezcan secas.<\/span><\/li>\n<li class=\"a-spacing-mini\"><span class=\"a-list-item\">TAPA MAG SLIDER- La tapa Mag Slider significa disfrutar de una bebida caliente de nuestros termos sin tener que preocuparte por salpicaduras sobre la marcha. A diferencia de otras tapas de bebidas cerrables, los nuestros aprovechan el poder de los imanes para una apertura y cierre suave, tiene una tapa transparente para que siempre puedas ver cuanto que hay en el interior.<\/span><\/li>\n<li class=\"a-spacing-mini\"><span class=\"a-list-item\">DOBLE CAPA- Adem\u00e1s de la doble capa, cuenta con una capa de color duradera que no se decolora, pela ni agrieta a trav\u00e9s del uso prolongado en el campo y tambi\u00e9n proporciona un agarre adicional al exterior del termo.<\/span><\/li>\n<li class=\"a-spacing-mini\"><span class=\"a-list-item\">ACERO INOXIDABLE &#8211; Hemos sobredise\u00f1ado estos vasos aislados de doble pared con un cuerpo de acero inoxidable, lo que significa que tu bebida mantiene su temperatura sin importar cu\u00e1nto golpe tome esta taza.<\/span><\/li>\n<\/ul>\n<p>&#8211; Volumen: 30 onzas (887 ml)<br \/>\n&#8211; Acero Inoxidable &#8211; Mant\u00e9n tus bebidas fr\u00edas o calientes por un periodo m\u00e1s de 4 horas<\/p>\n<p>&#8211; Dise\u00f1o ergon\u00f3mico &#8211; Tapa herm\u00e9tica anti derrame (1 pieza) Disfruta de tus bebidas favoritas a la temperatura exacta, con envase t\u00e9rmico. Pr\u00e1ctico para transportar, ideal para llevarlo a la playa o al parque sin preocuparte por el sol.<\/p>\n","protected":false},"excerpt":{"rendered":"<p id=\"title\" class=\"a-size-large a-spacing-none\" style=\"text-align: center;\"><span id=\"productTitle\" class=\"a-size-large product-title-word-break\">Vaso Termo De 30 Onzas | Vaso T\u00e9rmico | Mantiene Temperaturas Frio\u00a0 | Caliente | De Acero Inoxidable | Con Doble Capa Aislado | Al Vac\u00edo | Botella T\u00e9rmica | Deportiva.<\/span><\/p>\n","protected":false},"featured_media":7466,"comment_status":"open","ping_status":"closed","template":"","meta":{"_joinchat":[]},"product_cat":[241,59],"product_tag":[],"class_list":{"0":"post-5045","1":"product","2":"type-product","3":"status-publish","4":"has-post-thumbnail","6":"product_cat-241","7":"product_cat-hogar","9":"first","10":"instock","11":"sale","12":"shipping-taxable","13":"purchasable","14":"product-type-variable","15":"has-default-attributes"},"_links":{"self":[{"href":"https:\/\/bereketshop.com.mx\/index.php\/wp-json\/wp\/v2\/product\/5045","targetHints":{"allow":["GET"]}}],"collection":[{"href":"https:\/\/bereketshop.com.mx\/index.php\/wp-json\/wp\/v2\/product"}],"about":[{"href":"https:\/\/bereketshop.com.mx\/index.php\/wp-json\/wp\/v2\/types\/product"}],"replies":[{"embeddable":true,"href":"https:\/\/bereketshop.com.mx\/index.php\/wp-json\/wp\/v2\/comments?post=5045"}],"wp:featuredmedia":[{"embeddable":true,"href":"https:\/\/bereketshop.com.mx\/index.php\/wp-json\/wp\/v2\/media\/7466"}],"wp:attachment":[{"href":"https:\/\/bereketshop.com.mx\/index.php\/wp-json\/wp\/v2\/media?parent=5045"}],"wp:term":[{"taxonomy":"product_cat","embeddable":true,"href":"https:\/\/bereketshop.com.mx\/index.php\/wp-json\/wp\/v2\/product_cat?post=5045"},{"taxonomy":"product_tag","embeddable":true,"href":"https:\/\/bereketshop.com.mx\/index.php\/wp-json\/wp\/v2\/product_tag?post=5045"}],"curies":[{"name":"wp","href":"https:\/\/api.w.org\/{rel}","templated":true}]}}