{"id":5076,"date":"2024-01-16T20:43:30","date_gmt":"2024-01-16T19:43:30","guid":{"rendered":"https:\/\/bereketshop.com.mx\/?post_type=product&#038;p=5076"},"modified":"2024-09-13T20:41:30","modified_gmt":"2024-09-13T18:41:30","slug":"set-de-cuchillos-de-chef-color-negro-6-piezas","status":"publish","type":"product","link":"https:\/\/bereketshop.com.mx\/index.php\/product\/set-de-cuchillos-de-chef-color-negro-6-piezas\/","title":{"rendered":"Set De Cuchillos De Chef Color Negro 6 piezas."},"content":{"rendered":"<h5 class=\"stylesDescription_h3__QEpp5\">DESCRIPCI\u00d3N:<\/h5>\n<p>&nbsp;<\/p>\n<div class=\"stylesDescription_textDescription__hTECf\">Set de 6 cuchillos profesionales en color negro.<\/div>\n<div><\/div>\n<div><\/div>\n<div class=\"stylesDescription_textDescription__hTECf\">Este exclusivo set de cuchillos ha sido meticulosamente dise\u00f1ado y fabricado utilizando materiales de la m\u00e1s alta calidad, para proporcionar productos duraderos, precisos y seguros.<\/div>\n<div class=\"stylesDescription_textDescription__hTECf\">Cada uno de los mangos ha sido dise\u00f1ado con formas ergon\u00f3micas, ofreciendo un agarre superior que te brinda comodidad y seguridad mientras trabajas.<\/div>\n<div class=\"stylesDescription_textDescription__hTECf\">Las hojas de acero inoxidable de alto contenido de carbono son resistentes a las manchas y a la corrosi\u00f3n.<\/div>\n<div class=\"stylesDescription_textDescription__hTECf\">Han sido cuidadosamente endurecidas para asegurar su filo por largo tiempo, garantizando un rendimiento excepcional.<\/div>\n<div class=\"stylesDescription_textDescription__hTECf\">Estos cuchillos cuentan con una capa de recubrimiento de cer\u00e1mica en su superficie de acero inoxidable, y los mangos est\u00e1n fabricados en Pl\u00e1stico ABS, proporcionando una combinaci\u00f3n perfecta de funcionalidad y estilo.<\/div>\n<div><\/div>\n<div><\/div>\n<div><\/div>\n<div class=\"stylesDescription_textDescription__hTECf\"><strong> Caracter\u00edsticas destacadas:<\/strong><\/div>\n<div><\/div>\n<div><\/div>\n<div><\/div>\n<div class=\"stylesDescription_textDescription__hTECf\">Material de la cuchilla: acero inoxidable.<\/div>\n<div class=\"stylesDescription_textDescription__hTECf\">Mango antideslizante y antibacteriano.<\/div>\n<div class=\"stylesDescription_textDescription__hTECf\">Material de la manija: PP TPR.<\/div>\n<div><\/div>\n<div><\/div>\n<div><\/div>\n<div class=\"stylesDescription_textDescription__hTECf\"><strong>El set incluye: <\/strong><\/div>\n<div><\/div>\n<div><\/div>\n<div><\/div>\n<div class=\"stylesDescription_textDescription__hTECf\">Cuchillo de carne: 31.5 cm<\/div>\n<div class=\"stylesDescription_textDescription__hTECf\">Cuchillo para pan: 32 cm<\/div>\n<div class=\"stylesDescription_textDescription__hTECf\">Cuchillo de chef 8&#8243;: 32.5 cm<\/div>\n<div class=\"stylesDescription_textDescription__hTECf\">Cuchillo de fruta 3.5&#8243;: 18.5 cm<\/div>\n<div class=\"stylesDescription_textDescription__hTECf\">Pelador de cer\u00e1mica: 14.4 cm<\/div>\n<div class=\"stylesDescription_textDescription__hTECf\">Tijeras de cocina: 20 cm<\/div>\n<div><\/div>\n","protected":false},"excerpt":{"rendered":"<p style=\"text-align: center;\">Juego Set De Cuchillos | De Chef | Color Negro |\u00a0 6 Piezas |\u00a0 Acero inoxidable | Antideslizante Profesional.<\/p>\n","protected":false},"featured_media":5083,"comment_status":"open","ping_status":"closed","template":"","meta":{"_joinchat":[]},"product_cat":[243,59],"product_tag":[],"class_list":{"0":"post-5076","1":"product","2":"type-product","3":"status-publish","4":"has-post-thumbnail","6":"product_cat-243","7":"product_cat-hogar","9":"first","10":"outofstock","11":"shipping-taxable","12":"purchasable","13":"product-type-simple"},"_links":{"self":[{"href":"https:\/\/bereketshop.com.mx\/index.php\/wp-json\/wp\/v2\/product\/5076","targetHints":{"allow":["GET"]}}],"collection":[{"href":"https:\/\/bereketshop.com.mx\/index.php\/wp-json\/wp\/v2\/product"}],"about":[{"href":"https:\/\/bereketshop.com.mx\/index.php\/wp-json\/wp\/v2\/types\/product"}],"replies":[{"embeddable":true,"href":"https:\/\/bereketshop.com.mx\/index.php\/wp-json\/wp\/v2\/comments?post=5076"}],"wp:featuredmedia":[{"embeddable":true,"href":"https:\/\/bereketshop.com.mx\/index.php\/wp-json\/wp\/v2\/media\/5083"}],"wp:attachment":[{"href":"https:\/\/bereketshop.com.mx\/index.php\/wp-json\/wp\/v2\/media?parent=5076"}],"wp:term":[{"taxonomy":"product_cat","embeddable":true,"href":"https:\/\/bereketshop.com.mx\/index.php\/wp-json\/wp\/v2\/product_cat?post=5076"},{"taxonomy":"product_tag","embeddable":true,"href":"https:\/\/bereketshop.com.mx\/index.php\/wp-json\/wp\/v2\/product_tag?post=5076"}],"curies":[{"name":"wp","href":"https:\/\/api.w.org\/{rel}","templated":true}]}}