{"id":5097,"date":"2024-01-17T01:41:03","date_gmt":"2024-01-17T00:41:03","guid":{"rendered":"https:\/\/bereketshop.com.mx\/?post_type=product&#038;p=5097"},"modified":"2024-09-11T17:19:31","modified_gmt":"2024-09-11T15:19:31","slug":"juego-de-cortaunas-electrico-para-bebe","status":"publish","type":"product","link":"https:\/\/bereketshop.com.mx\/index.php\/product\/juego-de-cortaunas-electrico-para-bebe\/","title":{"rendered":"Juego De Cortau\u00f1as El\u00e9ctrico Para Beb\u00e9"},"content":{"rendered":"<p><strong><span style=\"vertical-align: inherit;\"><span style=\"vertical-align: inherit;\">CARACTER\u00cdSTICAS:<\/span><\/span><\/strong><\/p>\n<p><span data-sheets-root=\"1\" data-sheets-value=\"{&quot;1&quot;:2,&quot;2&quot;:&quot;-Seguro Y Eficaz: La lima de u\u00f1as para beb\u00e9s est\u00e1 hecha de material ABS de alta calidad, es m\u00e1s segura y confiable para limar las u\u00f1as de los beb\u00e9s. Una opci\u00f3n segura para los padres.\\n\\n-F\u00e1cil de usar:Interruptor de una tecla, velocidad alta y baja de 2 velocidades, puede elegir el modo que m\u00e1s le convenga (en sentido horario\/antihorario), pulido completo de 360 grados.\\n\\n-LUZ LED MUTE: La lima de u\u00f1as el\u00e9ctrica tiene una luz LED en el frente, puede funcionar incluso en la oscuridad. Puedes cortarle las u\u00f1as a tu beb\u00e9 mientras duerme sin preocuparte de despertarlo porque est\u00e1 en modo silencioso.\\n\\n-M\u00faltiples cabezales molienda: 6 cabezales de pulido fino diferentes para satisfacer las necesidades de beb\u00e9s y adultos. Tambi\u00e9n hay un hermoso corta\u00fa\u00f1as para ni\u00f1os, las u\u00f1as largas se pueden cortar con un corta\u00fa\u00f1as y luego la lima de u\u00f1as pulida.&quot;}\" data-sheets-userformat=\"{&quot;2&quot;:13249,&quot;3&quot;:{&quot;1&quot;:0},&quot;9&quot;:0,&quot;10&quot;:0,&quot;11&quot;:3,&quot;12&quot;:0,&quot;15&quot;:&quot;Calibri&quot;,&quot;16&quot;:12}\"><em><strong><span style=\"vertical-align: inherit;\"><span style=\"vertical-align: inherit;\">Seguro Y Eficaz:<\/span><\/span><\/strong><\/em><span style=\"vertical-align: inherit;\"><span style=\"vertical-align: inherit;\"> La lima de u\u00f1as para beb\u00e9s est\u00e1 hecha de material ABS de alta calidad, es m\u00e1s segura y confiable para limar las u\u00f1as de los beb\u00e9s. Una opci\u00f3n segura para los padres.<\/span><\/span><\/span><\/p>\n<p>&nbsp;<\/p>\n<p><em><strong><span style=\"vertical-align: inherit;\"><span style=\"vertical-align: inherit;\">F\u00e1cil de usar:<\/span><\/span><\/strong><\/em><span style=\"vertical-align: inherit;\"><span style=\"vertical-align: inherit;\"> Interruptor de una tecla, velocidad alta y baja de 2 velocidades, puede elegir el modo que m\u00e1s le convenga (en sentido horario\/antihorario), pulido completo de 360 \u200b\u200bgrados.<\/span><\/span><\/p>\n<p>&nbsp;<\/p>\n<p><em><strong><span style=\"vertical-align: inherit;\"><span style=\"vertical-align: inherit;\">Luz Led mute:<\/span><\/span><\/strong><\/em><span style=\"vertical-align: inherit;\"><span style=\"vertical-align: inherit;\"> La lima de u\u00f1as el\u00e9ctrica tiene una luz LED en el frente, puede funcionar incluso en la oscuridad. Puedes cortarle las u\u00f1as a tu beb\u00e9 mientras duerme sin preocuparte de despertarlo porque est\u00e1 en modo silencioso.<\/span><\/span><\/p>\n<p>&nbsp;<\/p>\n<p><strong><span style=\"vertical-align: inherit;\"><span style=\"vertical-align: inherit;\">M\u00faltiples cabezales de molienda:<\/span><\/span><\/strong><span style=\"vertical-align: inherit;\"><span style=\"vertical-align: inherit;\"> 6 cabezales de pulido fino diferentes para satisfacer las necesidades de beb\u00e9s y adultos.<\/span><\/span><\/p>\n<p>&nbsp;<\/p>\n<p><span data-sheets-root=\"1\" data-sheets-value=\"{&quot;1&quot;:2,&quot;2&quot;:&quot;-Seguro Y Eficaz: La lima de u\u00f1as para beb\u00e9s est\u00e1 hecha de material ABS de alta calidad, es m\u00e1s segura y confiable para limar las u\u00f1as de los beb\u00e9s. Una opci\u00f3n segura para los padres.\\n\\n-F\u00e1cil de usar:Interruptor de una tecla, velocidad alta y baja de 2 velocidades, puede elegir el modo que m\u00e1s le convenga (en sentido horario\/antihorario), pulido completo de 360 grados.\\n\\n-LUZ LED MUTE: La lima de u\u00f1as el\u00e9ctrica tiene una luz LED en el frente, puede funcionar incluso en la oscuridad. Puedes cortarle las u\u00f1as a tu beb\u00e9 mientras duerme sin preocuparte de despertarlo porque est\u00e1 en modo silencioso.\\n\\n-M\u00faltiples cabezales molienda: 6 cabezales de pulido fino diferentes para satisfacer las necesidades de beb\u00e9s y adultos. Tambi\u00e9n hay un hermoso corta\u00fa\u00f1as para ni\u00f1os, las u\u00f1as largas se pueden cortar con un corta\u00fa\u00f1as y luego la lima de u\u00f1as pulida.&quot;}\" data-sheets-userformat=\"{&quot;2&quot;:13249,&quot;3&quot;:{&quot;1&quot;:0},&quot;9&quot;:0,&quot;10&quot;:0,&quot;11&quot;:3,&quot;12&quot;:0,&quot;15&quot;:&quot;Calibri&quot;,&quot;16&quot;:12}\"><span style=\"vertical-align: inherit;\"><span style=\"vertical-align: inherit;\">Tambi\u00e9n hay un hermoso corta u\u00f1as para ni\u00f1os, las u\u00f1as largas se pueden cortar con un corta u\u00f1as y luego la lima de u\u00f1as pulida.<\/span><\/span><\/span><\/p>\n","protected":false},"excerpt":{"rendered":"<p style=\"text-align: center;\"><span style=\"vertical-align: inherit;\"><span style=\"vertical-align: inherit;\">Corta\u00fa\u00f1as El\u00e9ctricas Para Beb\u00e9 | Lima De U\u00f1as Segura Para Beb\u00e9 | Cortau\u00f1as De Beb\u00e9 Con Luz | 6 Almohadillas De Pulido Para Reci\u00e9n Nacidos O Adultos | Dedos De Los Pies | U\u00f1as De Los Ni\u00f1os | Cuidado De U\u00f1as | Esmalte y moldura.<\/span><\/span><\/p>\n","protected":false},"featured_media":5098,"comment_status":"open","ping_status":"closed","template":"","meta":{"_joinchat":[]},"product_cat":[243,59],"product_tag":[],"class_list":{"0":"post-5097","1":"product","2":"type-product","3":"status-publish","4":"has-post-thumbnail","6":"product_cat-243","7":"product_cat-hogar","9":"first","10":"instock","11":"shipping-taxable","12":"purchasable","13":"product-type-variable"},"_links":{"self":[{"href":"https:\/\/bereketshop.com.mx\/index.php\/wp-json\/wp\/v2\/product\/5097","targetHints":{"allow":["GET"]}}],"collection":[{"href":"https:\/\/bereketshop.com.mx\/index.php\/wp-json\/wp\/v2\/product"}],"about":[{"href":"https:\/\/bereketshop.com.mx\/index.php\/wp-json\/wp\/v2\/types\/product"}],"replies":[{"embeddable":true,"href":"https:\/\/bereketshop.com.mx\/index.php\/wp-json\/wp\/v2\/comments?post=5097"}],"wp:featuredmedia":[{"embeddable":true,"href":"https:\/\/bereketshop.com.mx\/index.php\/wp-json\/wp\/v2\/media\/5098"}],"wp:attachment":[{"href":"https:\/\/bereketshop.com.mx\/index.php\/wp-json\/wp\/v2\/media?parent=5097"}],"wp:term":[{"taxonomy":"product_cat","embeddable":true,"href":"https:\/\/bereketshop.com.mx\/index.php\/wp-json\/wp\/v2\/product_cat?post=5097"},{"taxonomy":"product_tag","embeddable":true,"href":"https:\/\/bereketshop.com.mx\/index.php\/wp-json\/wp\/v2\/product_tag?post=5097"}],"curies":[{"name":"wp","href":"https:\/\/api.w.org\/{rel}","templated":true}]}}