{"id":5131,"date":"2024-01-18T00:15:50","date_gmt":"2024-01-17T23:15:50","guid":{"rendered":"https:\/\/bereketshop.com.mx\/?post_type=product&#038;p=5131"},"modified":"2024-09-13T20:29:46","modified_gmt":"2024-09-13T18:29:46","slug":"toalla-de-bano-dama","status":"publish","type":"product","link":"https:\/\/bereketshop.com.mx\/index.php\/product\/toalla-de-bano-dama\/","title":{"rendered":"Toalla De Ba\u00f1o Dama"},"content":{"rendered":"<h5><strong>DESCRIPCI\u00d3N DEL PRODUCTO:<\/strong><\/h5>\n<ul>\n<li><span data-sheets-root=\"1\" data-sheets-value=\"{&quot;1&quot;:2,&quot;2&quot;:&quot;Toalla De Ba\u00f1o Usable Con Patr\u00f3n De Conejo Lindo De 1 Pieza\\nFalda De Ba\u00f1o Suave Para Adultos\\nBata De Ba\u00f1o Absorbente De Secado R\u00e1pido\\nToalla Envolvente De Ba\u00f1o De Playa Spa Amigable Con La Piel\\nSuministros De Ba\u00f1o\\n\\nSe envia de diferentes colores&quot;}\" data-sheets-userformat=\"{&quot;2&quot;:13249,&quot;3&quot;:{&quot;1&quot;:0},&quot;9&quot;:0,&quot;10&quot;:0,&quot;11&quot;:3,&quot;12&quot;:0,&quot;15&quot;:&quot;Calibri&quot;,&quot;16&quot;:12}\">Toalla De Ba\u00f1o Usable Con Patr\u00f3n De Conejo Lindo De 1 Pieza<\/span><\/li>\n<li><span data-sheets-root=\"1\" data-sheets-value=\"{&quot;1&quot;:2,&quot;2&quot;:&quot;Toalla De Ba\u00f1o Usable Con Patr\u00f3n De Conejo Lindo De 1 Pieza\\nFalda De Ba\u00f1o Suave Para Adultos\\nBata De Ba\u00f1o Absorbente De Secado R\u00e1pido\\nToalla Envolvente De Ba\u00f1o De Playa Spa Amigable Con La Piel\\nSuministros De Ba\u00f1o\\n\\nSe envia de diferentes colores&quot;}\" data-sheets-userformat=\"{&quot;2&quot;:13249,&quot;3&quot;:{&quot;1&quot;:0},&quot;9&quot;:0,&quot;10&quot;:0,&quot;11&quot;:3,&quot;12&quot;:0,&quot;15&quot;:&quot;Calibri&quot;,&quot;16&quot;:12}\">Falda De Ba\u00f1o Suave Para Adultos<\/span><\/li>\n<li><span data-sheets-root=\"1\" data-sheets-value=\"{&quot;1&quot;:2,&quot;2&quot;:&quot;Toalla De Ba\u00f1o Usable Con Patr\u00f3n De Conejo Lindo De 1 Pieza\\nFalda De Ba\u00f1o Suave Para Adultos\\nBata De Ba\u00f1o Absorbente De Secado R\u00e1pido\\nToalla Envolvente De Ba\u00f1o De Playa Spa Amigable Con La Piel\\nSuministros De Ba\u00f1o\\n\\nSe envia de diferentes colores&quot;}\" data-sheets-userformat=\"{&quot;2&quot;:13249,&quot;3&quot;:{&quot;1&quot;:0},&quot;9&quot;:0,&quot;10&quot;:0,&quot;11&quot;:3,&quot;12&quot;:0,&quot;15&quot;:&quot;Calibri&quot;,&quot;16&quot;:12}\">Bata De Ba\u00f1o Absorbente De Secado R\u00e1pido<\/span><\/li>\n<li><span data-sheets-root=\"1\" data-sheets-value=\"{&quot;1&quot;:2,&quot;2&quot;:&quot;Toalla De Ba\u00f1o Usable Con Patr\u00f3n De Conejo Lindo De 1 Pieza\\nFalda De Ba\u00f1o Suave Para Adultos\\nBata De Ba\u00f1o Absorbente De Secado R\u00e1pido\\nToalla Envolvente De Ba\u00f1o De Playa Spa Amigable Con La Piel\\nSuministros De Ba\u00f1o\\n\\nSe envia de diferentes colores&quot;}\" data-sheets-userformat=\"{&quot;2&quot;:13249,&quot;3&quot;:{&quot;1&quot;:0},&quot;9&quot;:0,&quot;10&quot;:0,&quot;11&quot;:3,&quot;12&quot;:0,&quot;15&quot;:&quot;Calibri&quot;,&quot;16&quot;:12}\">Toalla Envolvente De Ba\u00f1o De Playa Spa Amigable Con La Piel<\/span><\/li>\n<li><span data-sheets-root=\"1\" data-sheets-value=\"{&quot;1&quot;:2,&quot;2&quot;:&quot;Toalla De Ba\u00f1o Usable Con Patr\u00f3n De Conejo Lindo De 1 Pieza\\nFalda De Ba\u00f1o Suave Para Adultos\\nBata De Ba\u00f1o Absorbente De Secado R\u00e1pido\\nToalla Envolvente De Ba\u00f1o De Playa Spa Amigable Con La Piel\\nSuministros De Ba\u00f1o\\n\\nSe envia de diferentes colores&quot;}\" data-sheets-userformat=\"{&quot;2&quot;:13249,&quot;3&quot;:{&quot;1&quot;:0},&quot;9&quot;:0,&quot;10&quot;:0,&quot;11&quot;:3,&quot;12&quot;:0,&quot;15&quot;:&quot;Calibri&quot;,&quot;16&quot;:12}\"><span data-sheets-root=\"1\" data-sheets-value=\"{&quot;1&quot;:2,&quot;2&quot;:&quot;Toalla De Ba\u00f1o Usable Con Patr\u00f3n De Conejo Lindo De 1 Pieza\\nFalda De Ba\u00f1o Suave Para Adultos\\nBata De Ba\u00f1o Absorbente De Secado R\u00e1pido\\nToalla Envolvente De Ba\u00f1o De Playa Spa Amigable Con La Piel\\nSuministros De Ba\u00f1o\\n\\nSe envia de diferentes colores&quot;}\" data-sheets-userformat=\"{&quot;2&quot;:13249,&quot;3&quot;:{&quot;1&quot;:0},&quot;9&quot;:0,&quot;10&quot;:0,&quot;11&quot;:3,&quot;12&quot;:0,&quot;15&quot;:&quot;Calibri&quot;,&quot;16&quot;:12}\">Suministros De Ba\u00f1o<\/span><\/span>Se env\u00eda de diferentes colores<\/li>\n<\/ul>\n","protected":false},"excerpt":{"rendered":"<p style=\"text-align: center;\">Toalla De Ba\u00f1o Usable |\u00a0 Con Patr\u00f3n De Conejo | Lindo De 1 Pieza | Falda De Ba\u00f1o Suave Para Adultos | Bata De Ba\u00f1o Absorbente | De Secado R\u00e1pido.<\/p>\n","protected":false},"featured_media":5132,"comment_status":"open","ping_status":"closed","template":"","meta":{"_joinchat":[]},"product_cat":[247,59],"product_tag":[],"class_list":{"0":"post-5131","1":"product","2":"type-product","3":"status-publish","4":"has-post-thumbnail","6":"product_cat-247","7":"product_cat-hogar","9":"first","10":"outofstock","11":"shipping-taxable","12":"purchasable","13":"product-type-variable"},"_links":{"self":[{"href":"https:\/\/bereketshop.com.mx\/index.php\/wp-json\/wp\/v2\/product\/5131","targetHints":{"allow":["GET"]}}],"collection":[{"href":"https:\/\/bereketshop.com.mx\/index.php\/wp-json\/wp\/v2\/product"}],"about":[{"href":"https:\/\/bereketshop.com.mx\/index.php\/wp-json\/wp\/v2\/types\/product"}],"replies":[{"embeddable":true,"href":"https:\/\/bereketshop.com.mx\/index.php\/wp-json\/wp\/v2\/comments?post=5131"}],"wp:featuredmedia":[{"embeddable":true,"href":"https:\/\/bereketshop.com.mx\/index.php\/wp-json\/wp\/v2\/media\/5132"}],"wp:attachment":[{"href":"https:\/\/bereketshop.com.mx\/index.php\/wp-json\/wp\/v2\/media?parent=5131"}],"wp:term":[{"taxonomy":"product_cat","embeddable":true,"href":"https:\/\/bereketshop.com.mx\/index.php\/wp-json\/wp\/v2\/product_cat?post=5131"},{"taxonomy":"product_tag","embeddable":true,"href":"https:\/\/bereketshop.com.mx\/index.php\/wp-json\/wp\/v2\/product_tag?post=5131"}],"curies":[{"name":"wp","href":"https:\/\/api.w.org\/{rel}","templated":true}]}}