{"id":5139,"date":"2024-01-18T00:33:01","date_gmt":"2024-01-17T23:33:01","guid":{"rendered":"https:\/\/bereketshop.com.mx\/?post_type=product&#038;p=5139"},"modified":"2025-03-04T19:53:46","modified_gmt":"2025-03-04T18:53:46","slug":"kit-de-soldador-electrico","status":"publish","type":"product","link":"https:\/\/bereketshop.com.mx\/index.php\/product\/kit-de-soldador-electrico\/","title":{"rendered":"Kit De Soldador El\u00e9ctrico"},"content":{"rendered":"<h4>CARACTER\u00cdSTICAS:<\/h4>\n<p><span data-sheets-root=\"1\" data-sheets-value=\"{&quot;1&quot;:2,&quot;2&quot;:&quot;Temperatura ajustable, El soldador de 110V 60W se calienta r\u00e1pidamente con un tubo de cer\u00e1mica y la temperatura puede ser controlada con un dedo para ser ajustada entre 200 - 450 Celsius.\\n17-en-1, El kit de soldador viene con un soldador de temperatura ajustable, un mult\u00edmetro con Premium Probesa, un soporte de soldador, una bomba desoldadora, un destornillador en forma de bol\u00edgrafo, 5 puntas de soldadura reemplazables, un tubo de soldadura de alambre de esta\u00f1o, 2 pinzas, un cortador pelacables y 2 cables electr\u00f3nicos. Todas las herramientas del soldador se pueden guardar en una peque\u00f1a caja de transporte.\\nLa bomba desoldadora es muy f\u00e1cil de usar, se puede amartillar y presionar el bot\u00f3n de disparo con una sola mano. El vac\u00edo de presi\u00f3n eliminar\u00eda la soldadura de una placa de circuito con eficacia.\\n\\nLista de paquetes:\\n1 X Soldador de temperatura ajustable (110V 60 W)\\n1 X Mult\u00edmetro con sondas de calidad\\n1 X Soporte para el soldador\\n1 X Bomba desoldadora\\n1 X Pinzas\\n1 X Tubo de soldadura de alambre de esta\u00f1o\\n1 X Cortador Pelador de Alambre,\\n5 X Puntas de Soldador\\n2 X Cables electr\u00f3nicos\\n1 X Destornillador en forma de bol\u00edgrafo (incluye 8 cabezas de destornillador: 1\/ 16 pulgadas, 5\/ 64 pulgadas, 3\/ 32 pulgadas, 1\/ 8 pulgadas, #00, #0, #1 y #2)\\n1 X Bolsa de PU&quot;}\" data-sheets-userformat=\"{&quot;2&quot;:13249,&quot;3&quot;:{&quot;1&quot;:0},&quot;9&quot;:0,&quot;10&quot;:0,&quot;11&quot;:3,&quot;12&quot;:0,&quot;15&quot;:&quot;Calibri&quot;,&quot;16&quot;:12}\">Temperatura ajustable.<\/span><\/p>\n<p><span data-sheets-root=\"1\" data-sheets-value=\"{&quot;1&quot;:2,&quot;2&quot;:&quot;Temperatura ajustable, El soldador de 110V 60W se calienta r\u00e1pidamente con un tubo de cer\u00e1mica y la temperatura puede ser controlada con un dedo para ser ajustada entre 200 - 450 Celsius.\\n17-en-1, El kit de soldador viene con un soldador de temperatura ajustable, un mult\u00edmetro con Premium Probesa, un soporte de soldador, una bomba desoldadora, un destornillador en forma de bol\u00edgrafo, 5 puntas de soldadura reemplazables, un tubo de soldadura de alambre de esta\u00f1o, 2 pinzas, un cortador pelacables y 2 cables electr\u00f3nicos. Todas las herramientas del soldador se pueden guardar en una peque\u00f1a caja de transporte.\\nLa bomba desoldadora es muy f\u00e1cil de usar, se puede amartillar y presionar el bot\u00f3n de disparo con una sola mano. El vac\u00edo de presi\u00f3n eliminar\u00eda la soldadura de una placa de circuito con eficacia.\\n\\nLista de paquetes:\\n1 X Soldador de temperatura ajustable (110V 60 W)\\n1 X Mult\u00edmetro con sondas de calidad\\n1 X Soporte para el soldador\\n1 X Bomba desoldadora\\n1 X Pinzas\\n1 X Tubo de soldadura de alambre de esta\u00f1o\\n1 X Cortador Pelador de Alambre,\\n5 X Puntas de Soldador\\n2 X Cables electr\u00f3nicos\\n1 X Destornillador en forma de bol\u00edgrafo (incluye 8 cabezas de destornillador: 1\/ 16 pulgadas, 5\/ 64 pulgadas, 3\/ 32 pulgadas, 1\/ 8 pulgadas, #00, #0, #1 y #2)\\n1 X Bolsa de PU&quot;}\" data-sheets-userformat=\"{&quot;2&quot;:13249,&quot;3&quot;:{&quot;1&quot;:0},&quot;9&quot;:0,&quot;10&quot;:0,&quot;11&quot;:3,&quot;12&quot;:0,&quot;15&quot;:&quot;Calibri&quot;,&quot;16&quot;:12}\"> El soldador de 110V 60W se calienta r\u00e1pidamente con un tubo de cer\u00e1mica y la temperatura puede ser controlada con un dedo para ser ajustada entre 200 &#8211; 450 Celsius.<\/span><\/p>\n<p><span data-sheets-root=\"1\" data-sheets-value=\"{&quot;1&quot;:2,&quot;2&quot;:&quot;Temperatura ajustable, El soldador de 110V 60W se calienta r\u00e1pidamente con un tubo de cer\u00e1mica y la temperatura puede ser controlada con un dedo para ser ajustada entre 200 - 450 Celsius.\\n17-en-1, El kit de soldador viene con un soldador de temperatura ajustable, un mult\u00edmetro con Premium Probesa, un soporte de soldador, una bomba desoldadora, un destornillador en forma de bol\u00edgrafo, 5 puntas de soldadura reemplazables, un tubo de soldadura de alambre de esta\u00f1o, 2 pinzas, un cortador pelacables y 2 cables electr\u00f3nicos. Todas las herramientas del soldador se pueden guardar en una peque\u00f1a caja de transporte.\\nLa bomba desoldadora es muy f\u00e1cil de usar, se puede amartillar y presionar el bot\u00f3n de disparo con una sola mano. El vac\u00edo de presi\u00f3n eliminar\u00eda la soldadura de una placa de circuito con eficacia.\\n\\nLista de paquetes:\\n1 X Soldador de temperatura ajustable (110V 60 W)\\n1 X Mult\u00edmetro con sondas de calidad\\n1 X Soporte para el soldador\\n1 X Bomba desoldadora\\n1 X Pinzas\\n1 X Tubo de soldadura de alambre de esta\u00f1o\\n1 X Cortador Pelador de Alambre,\\n5 X Puntas de Soldador\\n2 X Cables electr\u00f3nicos\\n1 X Destornillador en forma de bol\u00edgrafo (incluye 8 cabezas de destornillador: 1\/ 16 pulgadas, 5\/ 64 pulgadas, 3\/ 32 pulgadas, 1\/ 8 pulgadas, #00, #0, #1 y #2)\\n1 X Bolsa de PU&quot;}\" data-sheets-userformat=\"{&quot;2&quot;:13249,&quot;3&quot;:{&quot;1&quot;:0},&quot;9&quot;:0,&quot;10&quot;:0,&quot;11&quot;:3,&quot;12&quot;:0,&quot;15&quot;:&quot;Calibri&quot;,&quot;16&quot;:12}\"><br \/>\n17-en-1, El kit de soldador viene con un soldador de temperatura ajustable, un mult\u00edmetro con Premium Probesa, un soporte de soldador, una bomba desoldadora, un destornillador en forma de bol\u00edgrafo, 5 puntas de soldadura reemplazables, un tubo de soldadura de alambre de esta\u00f1o, 2 pinzas, un cortador pelacables y 2 cables electr\u00f3nicos. <\/span><\/p>\n<p><span data-sheets-root=\"1\" data-sheets-value=\"{&quot;1&quot;:2,&quot;2&quot;:&quot;Temperatura ajustable, El soldador de 110V 60W se calienta r\u00e1pidamente con un tubo de cer\u00e1mica y la temperatura puede ser controlada con un dedo para ser ajustada entre 200 - 450 Celsius.\\n17-en-1, El kit de soldador viene con un soldador de temperatura ajustable, un mult\u00edmetro con Premium Probesa, un soporte de soldador, una bomba desoldadora, un destornillador en forma de bol\u00edgrafo, 5 puntas de soldadura reemplazables, un tubo de soldadura de alambre de esta\u00f1o, 2 pinzas, un cortador pelacables y 2 cables electr\u00f3nicos. Todas las herramientas del soldador se pueden guardar en una peque\u00f1a caja de transporte.\\nLa bomba desoldadora es muy f\u00e1cil de usar, se puede amartillar y presionar el bot\u00f3n de disparo con una sola mano. El vac\u00edo de presi\u00f3n eliminar\u00eda la soldadura de una placa de circuito con eficacia.\\n\\nLista de paquetes:\\n1 X Soldador de temperatura ajustable (110V 60 W)\\n1 X Mult\u00edmetro con sondas de calidad\\n1 X Soporte para el soldador\\n1 X Bomba desoldadora\\n1 X Pinzas\\n1 X Tubo de soldadura de alambre de esta\u00f1o\\n1 X Cortador Pelador de Alambre,\\n5 X Puntas de Soldador\\n2 X Cables electr\u00f3nicos\\n1 X Destornillador en forma de bol\u00edgrafo (incluye 8 cabezas de destornillador: 1\/ 16 pulgadas, 5\/ 64 pulgadas, 3\/ 32 pulgadas, 1\/ 8 pulgadas, #00, #0, #1 y #2)\\n1 X Bolsa de PU&quot;}\" data-sheets-userformat=\"{&quot;2&quot;:13249,&quot;3&quot;:{&quot;1&quot;:0},&quot;9&quot;:0,&quot;10&quot;:0,&quot;11&quot;:3,&quot;12&quot;:0,&quot;15&quot;:&quot;Calibri&quot;,&quot;16&quot;:12}\">Todas las herramientas del soldador se pueden guardar en una peque\u00f1a caja de transporte.<\/span><\/p>\n<p><span data-sheets-root=\"1\" data-sheets-value=\"{&quot;1&quot;:2,&quot;2&quot;:&quot;Temperatura ajustable, El soldador de 110V 60W se calienta r\u00e1pidamente con un tubo de cer\u00e1mica y la temperatura puede ser controlada con un dedo para ser ajustada entre 200 - 450 Celsius.\\n17-en-1, El kit de soldador viene con un soldador de temperatura ajustable, un mult\u00edmetro con Premium Probesa, un soporte de soldador, una bomba desoldadora, un destornillador en forma de bol\u00edgrafo, 5 puntas de soldadura reemplazables, un tubo de soldadura de alambre de esta\u00f1o, 2 pinzas, un cortador pelacables y 2 cables electr\u00f3nicos. Todas las herramientas del soldador se pueden guardar en una peque\u00f1a caja de transporte.\\nLa bomba desoldadora es muy f\u00e1cil de usar, se puede amartillar y presionar el bot\u00f3n de disparo con una sola mano. El vac\u00edo de presi\u00f3n eliminar\u00eda la soldadura de una placa de circuito con eficacia.\\n\\nLista de paquetes:\\n1 X Soldador de temperatura ajustable (110V 60 W)\\n1 X Mult\u00edmetro con sondas de calidad\\n1 X Soporte para el soldador\\n1 X Bomba desoldadora\\n1 X Pinzas\\n1 X Tubo de soldadura de alambre de esta\u00f1o\\n1 X Cortador Pelador de Alambre,\\n5 X Puntas de Soldador\\n2 X Cables electr\u00f3nicos\\n1 X Destornillador en forma de bol\u00edgrafo (incluye 8 cabezas de destornillador: 1\/ 16 pulgadas, 5\/ 64 pulgadas, 3\/ 32 pulgadas, 1\/ 8 pulgadas, #00, #0, #1 y #2)\\n1 X Bolsa de PU&quot;}\" data-sheets-userformat=\"{&quot;2&quot;:13249,&quot;3&quot;:{&quot;1&quot;:0},&quot;9&quot;:0,&quot;10&quot;:0,&quot;11&quot;:3,&quot;12&quot;:0,&quot;15&quot;:&quot;Calibri&quot;,&quot;16&quot;:12}\"><br \/>\nLa bomba de soldadura es muy f\u00e1cil de usar, se puede amartillar y presionar el bot\u00f3n de disparo con una sola mano. <\/span><\/p>\n<p><span data-sheets-root=\"1\" data-sheets-value=\"{&quot;1&quot;:2,&quot;2&quot;:&quot;Temperatura ajustable, El soldador de 110V 60W se calienta r\u00e1pidamente con un tubo de cer\u00e1mica y la temperatura puede ser controlada con un dedo para ser ajustada entre 200 - 450 Celsius.\\n17-en-1, El kit de soldador viene con un soldador de temperatura ajustable, un mult\u00edmetro con Premium Probesa, un soporte de soldador, una bomba desoldadora, un destornillador en forma de bol\u00edgrafo, 5 puntas de soldadura reemplazables, un tubo de soldadura de alambre de esta\u00f1o, 2 pinzas, un cortador pelacables y 2 cables electr\u00f3nicos. Todas las herramientas del soldador se pueden guardar en una peque\u00f1a caja de transporte.\\nLa bomba desoldadora es muy f\u00e1cil de usar, se puede amartillar y presionar el bot\u00f3n de disparo con una sola mano. El vac\u00edo de presi\u00f3n eliminar\u00eda la soldadura de una placa de circuito con eficacia.\\n\\nLista de paquetes:\\n1 X Soldador de temperatura ajustable (110V 60 W)\\n1 X Mult\u00edmetro con sondas de calidad\\n1 X Soporte para el soldador\\n1 X Bomba desoldadora\\n1 X Pinzas\\n1 X Tubo de soldadura de alambre de esta\u00f1o\\n1 X Cortador Pelador de Alambre,\\n5 X Puntas de Soldador\\n2 X Cables electr\u00f3nicos\\n1 X Destornillador en forma de bol\u00edgrafo (incluye 8 cabezas de destornillador: 1\/ 16 pulgadas, 5\/ 64 pulgadas, 3\/ 32 pulgadas, 1\/ 8 pulgadas, #00, #0, #1 y #2)\\n1 X Bolsa de PU&quot;}\" data-sheets-userformat=\"{&quot;2&quot;:13249,&quot;3&quot;:{&quot;1&quot;:0},&quot;9&quot;:0,&quot;10&quot;:0,&quot;11&quot;:3,&quot;12&quot;:0,&quot;15&quot;:&quot;Calibri&quot;,&quot;16&quot;:12}\">El vac\u00edo de presi\u00f3n eliminar\u00eda la soldadura de una placa de circuito con eficacia.<\/span><\/p>\n<p><strong>Lista de paquetes:<\/strong><\/p>\n<p><span data-sheets-root=\"1\" data-sheets-value=\"{&quot;1&quot;:2,&quot;2&quot;:&quot;Temperatura ajustable, El soldador de 110V 60W se calienta r\u00e1pidamente con un tubo de cer\u00e1mica y la temperatura puede ser controlada con un dedo para ser ajustada entre 200 - 450 Celsius.\\n17-en-1, El kit de soldador viene con un soldador de temperatura ajustable, un mult\u00edmetro con Premium Probesa, un soporte de soldador, una bomba desoldadora, un destornillador en forma de bol\u00edgrafo, 5 puntas de soldadura reemplazables, un tubo de soldadura de alambre de esta\u00f1o, 2 pinzas, un cortador pelacables y 2 cables electr\u00f3nicos. Todas las herramientas del soldador se pueden guardar en una peque\u00f1a caja de transporte.\\nLa bomba desoldadora es muy f\u00e1cil de usar, se puede amartillar y presionar el bot\u00f3n de disparo con una sola mano. El vac\u00edo de presi\u00f3n eliminar\u00eda la soldadura de una placa de circuito con eficacia.\\n\\nLista de paquetes:\\n1 X Soldador de temperatura ajustable (110V 60 W)\\n1 X Mult\u00edmetro con sondas de calidad\\n1 X Soporte para el soldador\\n1 X Bomba desoldadora\\n1 X Pinzas\\n1 X Tubo de soldadura de alambre de esta\u00f1o\\n1 X Cortador Pelador de Alambre,\\n5 X Puntas de Soldador\\n2 X Cables electr\u00f3nicos\\n1 X Destornillador en forma de bol\u00edgrafo (incluye 8 cabezas de destornillador: 1\/ 16 pulgadas, 5\/ 64 pulgadas, 3\/ 32 pulgadas, 1\/ 8 pulgadas, #00, #0, #1 y #2)\\n1 X Bolsa de PU&quot;}\" data-sheets-userformat=\"{&quot;2&quot;:13249,&quot;3&quot;:{&quot;1&quot;:0},&quot;9&quot;:0,&quot;10&quot;:0,&quot;11&quot;:3,&quot;12&quot;:0,&quot;15&quot;:&quot;Calibri&quot;,&quot;16&quot;:12}\"><br \/>\n1 X Soldador de temperatura ajustable (110V 60W)<br \/>\n1 X Mult\u00edmetro con sondas de calidad<br \/>\n1 X Soporte para el soldador<br \/>\n1 X Bomba desoldadora<br \/>\n1 X Pinzas<br \/>\n1 X Tubo de soldadura de alambre de esta\u00f1o<br \/>\n1 X Cortador Pelador de Alambre,<br \/>\n5 X Puntas de Soldador<br \/>\n2 X Cables electr\u00f3nicos<br \/>\n1 X Destornillador en forma de bol\u00edgrafo (incluye 8 cabezas de destornillador: 1\/ 16 pulgadas, 5\/ 64 pulgadas, 3\/ 32 pulgadas, 1\/ 8 pulgadas, #00, #0, #1 y #2)<br \/>\n1 X Bolsa de PU<\/span><\/p>\n","protected":false},"excerpt":{"rendered":"<p style=\"text-align: center;\"><span data-sheets-root=\"1\" data-sheets-value=\"{&quot;1&quot;:2,&quot;2&quot;:&quot;Kit De Soldador El\u00e9ctrico C\/herramientas, Puntas, Mult\u00edmetro - 5 Soldadores&quot;}\" data-sheets-userformat=\"{&quot;2&quot;:12737,&quot;3&quot;:{&quot;1&quot;:0,&quot;3&quot;:1},&quot;9&quot;:0,&quot;10&quot;:0,&quot;11&quot;:3,&quot;15&quot;:&quot;Calibri&quot;,&quot;16&quot;:12}\">Kit De Soldador El\u00e9ctrico con herramienta | Puntas | Mult\u00edmetro |\u00a0 5\u00a0 Soldadores.<\/span><\/p>\n","protected":false},"featured_media":5140,"comment_status":"open","ping_status":"closed","template":"","meta":{"_joinchat":[]},"product_cat":[255,59],"product_tag":[],"class_list":{"0":"post-5139","1":"product","2":"type-product","3":"status-publish","4":"has-post-thumbnail","6":"product_cat-255","7":"product_cat-hogar","9":"first","10":"instock","11":"sale","12":"shipping-taxable","13":"purchasable","14":"product-type-simple"},"_links":{"self":[{"href":"https:\/\/bereketshop.com.mx\/index.php\/wp-json\/wp\/v2\/product\/5139","targetHints":{"allow":["GET"]}}],"collection":[{"href":"https:\/\/bereketshop.com.mx\/index.php\/wp-json\/wp\/v2\/product"}],"about":[{"href":"https:\/\/bereketshop.com.mx\/index.php\/wp-json\/wp\/v2\/types\/product"}],"replies":[{"embeddable":true,"href":"https:\/\/bereketshop.com.mx\/index.php\/wp-json\/wp\/v2\/comments?post=5139"}],"wp:featuredmedia":[{"embeddable":true,"href":"https:\/\/bereketshop.com.mx\/index.php\/wp-json\/wp\/v2\/media\/5140"}],"wp:attachment":[{"href":"https:\/\/bereketshop.com.mx\/index.php\/wp-json\/wp\/v2\/media?parent=5139"}],"wp:term":[{"taxonomy":"product_cat","embeddable":true,"href":"https:\/\/bereketshop.com.mx\/index.php\/wp-json\/wp\/v2\/product_cat?post=5139"},{"taxonomy":"product_tag","embeddable":true,"href":"https:\/\/bereketshop.com.mx\/index.php\/wp-json\/wp\/v2\/product_tag?post=5139"}],"curies":[{"name":"wp","href":"https:\/\/api.w.org\/{rel}","templated":true}]}}