{"id":5171,"date":"2024-01-18T17:52:33","date_gmt":"2024-01-18T16:52:33","guid":{"rendered":"https:\/\/bereketshop.com.mx\/?post_type=product&#038;p=5171"},"modified":"2024-10-24T23:11:31","modified_gmt":"2024-10-24T21:11:31","slug":"organizador-de-ollas-y-sartenes","status":"publish","type":"product","link":"https:\/\/bereketshop.com.mx\/index.php\/product\/organizador-de-ollas-y-sartenes\/","title":{"rendered":"Organizador De Ollas y Sartenes"},"content":{"rendered":"<h5>CARACTERISTICAS:<\/h5>\n<p><span data-sheets-root=\"1\" data-sheets-value=\"{&quot;1&quot;:2,&quot;2&quot;:&quot;Gran capacidad de almacenamiento y ajustable\u3011 La altura y la posici\u00f3n del organizador de ollas y sartenes son ajustables, almacena hasta 8 sartenes, sartenes, planchas u ollas de varios tama\u00f1os. Es una soluci\u00f3n perfecta para almacenar todas las ollas y sartenes, ahorr\u00e1ndole mucho espacio en la cocina o en el gabinete y la encimera.\\n\u3010Construcci\u00f3n s\u00f3lida\u3011 Este organizador de sartenes para gabinete est\u00e1 hecho de hierro resistente con proceso de pintura en aerosol terminado. Es muy firme y elegante. Dise\u00f1o s\u00f3lido que es m\u00e1s estable y menos probable que se caiga.\\n\u30103 m\u00e9todos de bricolaje\u3011 \u00a1Es muy f\u00e1cil de armar y solo toma 2 minutos convertir su encimera en un aspecto ordenado! De acuerdo con sus necesidades, elija 3 formas de bricolaje para instalar el estante para macetas. Horizontal en un lado, vertical en un lado, vertical en ambos lados. Gran organizador de ollas y sartenes debajo del gabinete o en el gabinete.\\n\u3010Dise\u00f1o de ranura profunda en forma de U\u3011 Cuando este agarrador se usa como soporte de tapa, un dise\u00f1o especial de ranura profunda en forma de U mantiene la tapa en su lugar de manera segura. Y asegura que las sartenes\/ollas peque\u00f1as permanezcan estables en el nivel sin deslizarse.\\n\u3010Ahorre espacio en su cocina\u3011 Use nuestros estantes para ollas para evitar que sus gabinetes se arruinen y ahorre mucho espacio. Puede recoger la sart\u00e9n que desea r\u00e1pidamente y es m\u00e1s f\u00e1cil guardar la olla cuando no la necesita en lugar de tener que volver a apilarla cada vez que la guarda.&quot;}\" data-sheets-userformat=\"{&quot;2&quot;:13249,&quot;3&quot;:{&quot;1&quot;:0},&quot;9&quot;:0,&quot;10&quot;:0,&quot;11&quot;:3,&quot;12&quot;:0,&quot;15&quot;:&quot;Calibri&quot;,&quot;16&quot;:12}\"><strong>Gran capacidad de almacenamiento y ajustable<\/strong> La altura y la posici\u00f3n del organizador de ollas y sartenes son ajustables, almacena hasta 8 sartenes, sartenes, planchas u ollas de varios tama\u00f1os. Es una soluci\u00f3n perfecta para almacenar todas las ollas y sartenes, ahorr\u00e1ndole mucho espacio en la cocina o en el gabinete y la encimera.<\/span><\/p>\n<p><span data-sheets-root=\"1\" data-sheets-value=\"{&quot;1&quot;:2,&quot;2&quot;:&quot;Gran capacidad de almacenamiento y ajustable\u3011 La altura y la posici\u00f3n del organizador de ollas y sartenes son ajustables, almacena hasta 8 sartenes, sartenes, planchas u ollas de varios tama\u00f1os. Es una soluci\u00f3n perfecta para almacenar todas las ollas y sartenes, ahorr\u00e1ndole mucho espacio en la cocina o en el gabinete y la encimera.\\n\u3010Construcci\u00f3n s\u00f3lida\u3011 Este organizador de sartenes para gabinete est\u00e1 hecho de hierro resistente con proceso de pintura en aerosol terminado. Es muy firme y elegante. Dise\u00f1o s\u00f3lido que es m\u00e1s estable y menos probable que se caiga.\\n\u30103 m\u00e9todos de bricolaje\u3011 \u00a1Es muy f\u00e1cil de armar y solo toma 2 minutos convertir su encimera en un aspecto ordenado! De acuerdo con sus necesidades, elija 3 formas de bricolaje para instalar el estante para macetas. Horizontal en un lado, vertical en un lado, vertical en ambos lados. Gran organizador de ollas y sartenes debajo del gabinete o en el gabinete.\\n\u3010Dise\u00f1o de ranura profunda en forma de U\u3011 Cuando este agarrador se usa como soporte de tapa, un dise\u00f1o especial de ranura profunda en forma de U mantiene la tapa en su lugar de manera segura. Y asegura que las sartenes\/ollas peque\u00f1as permanezcan estables en el nivel sin deslizarse.\\n\u3010Ahorre espacio en su cocina\u3011 Use nuestros estantes para ollas para evitar que sus gabinetes se arruinen y ahorre mucho espacio. Puede recoger la sart\u00e9n que desea r\u00e1pidamente y es m\u00e1s f\u00e1cil guardar la olla cuando no la necesita en lugar de tener que volver a apilarla cada vez que la guarda.&quot;}\" data-sheets-userformat=\"{&quot;2&quot;:13249,&quot;3&quot;:{&quot;1&quot;:0},&quot;9&quot;:0,&quot;10&quot;:0,&quot;11&quot;:3,&quot;12&quot;:0,&quot;15&quot;:&quot;Calibri&quot;,&quot;16&quot;:12}\"><br \/>\n<strong>Construcci\u00f3n s\u00f3lida<\/strong>\u00a0 Este organizador de sartenes para gabinete est\u00e1 hecho de hierro resistente con proceso de pintura en aerosol terminado. Es muy firme y elegante. Dise\u00f1o s\u00f3lido que es m\u00e1s estable y menos probable que se caiga.<\/span><\/p>\n<p><span data-sheets-root=\"1\" data-sheets-value=\"{&quot;1&quot;:2,&quot;2&quot;:&quot;Gran capacidad de almacenamiento y ajustable\u3011 La altura y la posici\u00f3n del organizador de ollas y sartenes son ajustables, almacena hasta 8 sartenes, sartenes, planchas u ollas de varios tama\u00f1os. Es una soluci\u00f3n perfecta para almacenar todas las ollas y sartenes, ahorr\u00e1ndole mucho espacio en la cocina o en el gabinete y la encimera.\\n\u3010Construcci\u00f3n s\u00f3lida\u3011 Este organizador de sartenes para gabinete est\u00e1 hecho de hierro resistente con proceso de pintura en aerosol terminado. Es muy firme y elegante. Dise\u00f1o s\u00f3lido que es m\u00e1s estable y menos probable que se caiga.\\n\u30103 m\u00e9todos de bricolaje\u3011 \u00a1Es muy f\u00e1cil de armar y solo toma 2 minutos convertir su encimera en un aspecto ordenado! De acuerdo con sus necesidades, elija 3 formas de bricolaje para instalar el estante para macetas. Horizontal en un lado, vertical en un lado, vertical en ambos lados. Gran organizador de ollas y sartenes debajo del gabinete o en el gabinete.\\n\u3010Dise\u00f1o de ranura profunda en forma de U\u3011 Cuando este agarrador se usa como soporte de tapa, un dise\u00f1o especial de ranura profunda en forma de U mantiene la tapa en su lugar de manera segura. Y asegura que las sartenes\/ollas peque\u00f1as permanezcan estables en el nivel sin deslizarse.\\n\u3010Ahorre espacio en su cocina\u3011 Use nuestros estantes para ollas para evitar que sus gabinetes se arruinen y ahorre mucho espacio. Puede recoger la sart\u00e9n que desea r\u00e1pidamente y es m\u00e1s f\u00e1cil guardar la olla cuando no la necesita en lugar de tener que volver a apilarla cada vez que la guarda.&quot;}\" data-sheets-userformat=\"{&quot;2&quot;:13249,&quot;3&quot;:{&quot;1&quot;:0},&quot;9&quot;:0,&quot;10&quot;:0,&quot;11&quot;:3,&quot;12&quot;:0,&quot;15&quot;:&quot;Calibri&quot;,&quot;16&quot;:12}\"><br \/>\n<strong>3 m\u00e9todos de bricolaje<\/strong> \u00a1Es muy f\u00e1cil de armar y solo toma 2 minutos convertir su encimera en un aspecto ordenado! De acuerdo con sus necesidades, elija 3 formas de bricolaje para instalar el estante para macetas. Horizontal en un lado, vertical en un lado, vertical en ambos lados. Gran organizador de ollas y sartenes debajo del gabinete o en el gabinete.<\/span><\/p>\n<p><span data-sheets-root=\"1\" data-sheets-value=\"{&quot;1&quot;:2,&quot;2&quot;:&quot;Gran capacidad de almacenamiento y ajustable\u3011 La altura y la posici\u00f3n del organizador de ollas y sartenes son ajustables, almacena hasta 8 sartenes, sartenes, planchas u ollas de varios tama\u00f1os. Es una soluci\u00f3n perfecta para almacenar todas las ollas y sartenes, ahorr\u00e1ndole mucho espacio en la cocina o en el gabinete y la encimera.\\n\u3010Construcci\u00f3n s\u00f3lida\u3011 Este organizador de sartenes para gabinete est\u00e1 hecho de hierro resistente con proceso de pintura en aerosol terminado. Es muy firme y elegante. Dise\u00f1o s\u00f3lido que es m\u00e1s estable y menos probable que se caiga.\\n\u30103 m\u00e9todos de bricolaje\u3011 \u00a1Es muy f\u00e1cil de armar y solo toma 2 minutos convertir su encimera en un aspecto ordenado! De acuerdo con sus necesidades, elija 3 formas de bricolaje para instalar el estante para macetas. Horizontal en un lado, vertical en un lado, vertical en ambos lados. Gran organizador de ollas y sartenes debajo del gabinete o en el gabinete.\\n\u3010Dise\u00f1o de ranura profunda en forma de U\u3011 Cuando este agarrador se usa como soporte de tapa, un dise\u00f1o especial de ranura profunda en forma de U mantiene la tapa en su lugar de manera segura. Y asegura que las sartenes\/ollas peque\u00f1as permanezcan estables en el nivel sin deslizarse.\\n\u3010Ahorre espacio en su cocina\u3011 Use nuestros estantes para ollas para evitar que sus gabinetes se arruinen y ahorre mucho espacio. Puede recoger la sart\u00e9n que desea r\u00e1pidamente y es m\u00e1s f\u00e1cil guardar la olla cuando no la necesita en lugar de tener que volver a apilarla cada vez que la guarda.&quot;}\" data-sheets-userformat=\"{&quot;2&quot;:13249,&quot;3&quot;:{&quot;1&quot;:0},&quot;9&quot;:0,&quot;10&quot;:0,&quot;11&quot;:3,&quot;12&quot;:0,&quot;15&quot;:&quot;Calibri&quot;,&quot;16&quot;:12}\"><br \/>\n<strong>Dise\u00f1o de ranura profunda en forma de U<\/strong>\u00a0 Cuando este agarrador se usa como soporte de tapa, un dise\u00f1o especial de ranura profunda en forma de U mantiene la tapa en su lugar de manera segura. Y asegura que las sartenes\/ollas peque\u00f1as permanezcan estables en el nivel sin deslizarse.<\/span><\/p>\n<p><span data-sheets-root=\"1\" data-sheets-value=\"{&quot;1&quot;:2,&quot;2&quot;:&quot;Gran capacidad de almacenamiento y ajustable\u3011 La altura y la posici\u00f3n del organizador de ollas y sartenes son ajustables, almacena hasta 8 sartenes, sartenes, planchas u ollas de varios tama\u00f1os. Es una soluci\u00f3n perfecta para almacenar todas las ollas y sartenes, ahorr\u00e1ndole mucho espacio en la cocina o en el gabinete y la encimera.\\n\u3010Construcci\u00f3n s\u00f3lida\u3011 Este organizador de sartenes para gabinete est\u00e1 hecho de hierro resistente con proceso de pintura en aerosol terminado. Es muy firme y elegante. Dise\u00f1o s\u00f3lido que es m\u00e1s estable y menos probable que se caiga.\\n\u30103 m\u00e9todos de bricolaje\u3011 \u00a1Es muy f\u00e1cil de armar y solo toma 2 minutos convertir su encimera en un aspecto ordenado! De acuerdo con sus necesidades, elija 3 formas de bricolaje para instalar el estante para macetas. Horizontal en un lado, vertical en un lado, vertical en ambos lados. Gran organizador de ollas y sartenes debajo del gabinete o en el gabinete.\\n\u3010Dise\u00f1o de ranura profunda en forma de U\u3011 Cuando este agarrador se usa como soporte de tapa, un dise\u00f1o especial de ranura profunda en forma de U mantiene la tapa en su lugar de manera segura. Y asegura que las sartenes\/ollas peque\u00f1as permanezcan estables en el nivel sin deslizarse.\\n\u3010Ahorre espacio en su cocina\u3011 Use nuestros estantes para ollas para evitar que sus gabinetes se arruinen y ahorre mucho espacio. Puede recoger la sart\u00e9n que desea r\u00e1pidamente y es m\u00e1s f\u00e1cil guardar la olla cuando no la necesita en lugar de tener que volver a apilarla cada vez que la guarda.&quot;}\" data-sheets-userformat=\"{&quot;2&quot;:13249,&quot;3&quot;:{&quot;1&quot;:0},&quot;9&quot;:0,&quot;10&quot;:0,&quot;11&quot;:3,&quot;12&quot;:0,&quot;15&quot;:&quot;Calibri&quot;,&quot;16&quot;:12}\"><br \/>\n<strong>Ahorre espacio en su cocina\u00a0<\/strong> Use nuestros estantes para ollas para evitar que sus gabinetes se arruinen y ahorre mucho espacio. Puede recoger la sart\u00e9n que desea r\u00e1pidamente y es m\u00e1s f\u00e1cil guardar la olla cuando no la necesita en lugar de tener que volver a apilarla cada vez que la guarda.<\/span><\/p>\n","protected":false},"excerpt":{"rendered":"<p style=\"text-align: center;\"><span data-sheets-root=\"1\" data-sheets-value=\"{&quot;1&quot;:2,&quot;2&quot;:&quot;Organizador de ollas y sartenes para gabinete, Estante para ollas ajustable de 8 niveles con 3 m\u00e9todos de bricolaje, Organizador de tapa de olla para mostrador de cocina y gabinete&quot;}\" data-sheets-userformat=\"{&quot;2&quot;:12737,&quot;3&quot;:{&quot;1&quot;:0,&quot;3&quot;:1},&quot;9&quot;:0,&quot;10&quot;:0,&quot;11&quot;:3,&quot;15&quot;:&quot;Calibri&quot;,&quot;16&quot;:12}\">Organizador de ollas y sartenes para gabinete | Estante para ollas ajustable de 8 niveles con 3 m\u00e9todos de bricolaje |\u00a0 Organizador de tapa de olla para mostrador de cocina y gabinete.<\/span><\/p>\n","protected":false},"featured_media":5172,"comment_status":"open","ping_status":"closed","template":"","meta":{"_joinchat":[]},"product_cat":[240,59],"product_tag":[],"class_list":{"0":"post-5171","1":"product","2":"type-product","3":"status-publish","4":"has-post-thumbnail","6":"product_cat-240","7":"product_cat-hogar","9":"first","10":"instock","11":"sale","12":"shipping-taxable","13":"purchasable","14":"product-type-simple"},"_links":{"self":[{"href":"https:\/\/bereketshop.com.mx\/index.php\/wp-json\/wp\/v2\/product\/5171","targetHints":{"allow":["GET"]}}],"collection":[{"href":"https:\/\/bereketshop.com.mx\/index.php\/wp-json\/wp\/v2\/product"}],"about":[{"href":"https:\/\/bereketshop.com.mx\/index.php\/wp-json\/wp\/v2\/types\/product"}],"replies":[{"embeddable":true,"href":"https:\/\/bereketshop.com.mx\/index.php\/wp-json\/wp\/v2\/comments?post=5171"}],"wp:featuredmedia":[{"embeddable":true,"href":"https:\/\/bereketshop.com.mx\/index.php\/wp-json\/wp\/v2\/media\/5172"}],"wp:attachment":[{"href":"https:\/\/bereketshop.com.mx\/index.php\/wp-json\/wp\/v2\/media?parent=5171"}],"wp:term":[{"taxonomy":"product_cat","embeddable":true,"href":"https:\/\/bereketshop.com.mx\/index.php\/wp-json\/wp\/v2\/product_cat?post=5171"},{"taxonomy":"product_tag","embeddable":true,"href":"https:\/\/bereketshop.com.mx\/index.php\/wp-json\/wp\/v2\/product_tag?post=5171"}],"curies":[{"name":"wp","href":"https:\/\/api.w.org\/{rel}","templated":true}]}}