{"id":5177,"date":"2024-01-18T18:05:21","date_gmt":"2024-01-18T17:05:21","guid":{"rendered":"https:\/\/bereketshop.com.mx\/?post_type=product&#038;p=5177"},"modified":"2025-04-09T23:00:54","modified_gmt":"2025-04-09T21:00:54","slug":"afilador-de-cuchillos","status":"publish","type":"product","link":"https:\/\/bereketshop.com.mx\/index.php\/product\/afilador-de-cuchillos\/","title":{"rendered":"Afilador De Cuchillos"},"content":{"rendered":"<h5>CARACTERISTICAS DEL PRODUCTO:<\/h5>\n<p><span data-sheets-root=\"1\" data-sheets-value=\"{&quot;1&quot;:2,&quot;2&quot;:&quot;Mant\u00e9n tus cuchillos y tijeras siempre listos con nuestro Afilador De Cuchillos \\nEste producto de marca gen\u00e9rica es una herramienta esencial para cualquier hogar o profesional de la cocina, garantizando un filo perfecto en tus utensilios de corte.\\n\\nEl modelo de piedra de afilar es f\u00e1cil de usar y port\u00e1til, lo que te permite llevarlo contigo a donde quieras. Su dise\u00f1o compacto y ligero no ocupar\u00e1 mucho espacio en tu cocina o en tu bolsa de herramientas. Adem\u00e1s, su uso manual te da un control total sobre el proceso de afilado, permiti\u00e9ndote obtener el filo deseado en tus cuchillos.\\n\\nEste afilador es adecuado para una amplia gama de cuchillos, desde los de cocina hasta los de jardiner\u00eda. Su versatilidad lo convierte en una herramienta imprescindible para cualquier hogar o profesional. Adem\u00e1s, su durabilidad y resistencia aseguran que te proporcionar\u00e1 un servicio de afilado de alta calidad durante mucho tiempo.\\n\\nEn resumen, nuestro Afilador De Cuchillos, Amolador Portatil Manual es una inversi\u00f3n inteligente para mantener tus herramientas de corte en \u00f3ptimas condiciones. No esperes m\u00e1s, dale a tus cuchillos y tijeras el cuidado que merecen con este afilador de alta calidad.&quot;}\" data-sheets-userformat=\"{&quot;2&quot;:13249,&quot;3&quot;:{&quot;1&quot;:0},&quot;9&quot;:0,&quot;10&quot;:0,&quot;11&quot;:3,&quot;12&quot;:0,&quot;15&quot;:&quot;Calibri&quot;,&quot;16&quot;:12}\"><strong>Mant\u00e9n tus cuchillos y tijeras siempre listos con nuestro Afilador De Cuchillos<\/strong><br \/>\nEste producto de marca gen\u00e9rica es una herramienta esencial para cualquier hogar o profesional de la cocina, garantizando un filo perfecto en tus utensilios de corte.<\/span><\/p>\n<p>El modelo de piedra de afilar es f\u00e1cil de usar y port\u00e1til, lo que te permite llevarlo contigo a donde quieras. Su dise\u00f1o compacto y ligero no ocupar\u00e1 mucho espacio en tu cocina o en tu bolsa de herramientas. Adem\u00e1s, su uso manual te da un control total sobre el proceso de afilado, permiti\u00e9ndote obtener el filo deseado en tus cuchillos.<\/p>\n<p>Este afilador es adecuado para una amplia gama de cuchillos, desde los de cocina hasta los de jardiner\u00eda. Su versatilidad lo convierte en una herramienta imprescindible para cualquier hogar o profesional. Adem\u00e1s, su durabilidad y resistencia aseguran que te proporcionar\u00e1 un servicio de afilado de alta calidad durante mucho tiempo.<\/p>\n<p>En resumen, nuestro Afilador De Cuchillos, Amolador Port\u00e1til Manual es una inversi\u00f3n inteligente para mantener tus herramientas de corte en \u00f3ptimas condiciones. No esperes m\u00e1s, dale a tus cuchillos y tijeras el cuidado que merecen con este afilador de alta calidad.<\/p>\n","protected":false},"excerpt":{"rendered":"<p style=\"text-align: center;\"><span data-sheets-root=\"1\" data-sheets-value=\"{&quot;1&quot;:2,&quot;2&quot;:&quot;Mant\u00e9n tus cuchillos y tijeras siempre listos con nuestro Afilador De Cuchillos \\nEste producto de marca gen\u00e9rica es una herramienta esencial para cualquier hogar o profesional de la cocina, garantizando un filo perfecto en tus utensilios de corte.\\n\\nEl modelo de piedra de afilar es f\u00e1cil de usar y port\u00e1til, lo que te permite llevarlo contigo a donde quieras. Su dise\u00f1o compacto y ligero no ocupar\u00e1 mucho espacio en tu cocina o en tu bolsa de herramientas. Adem\u00e1s, su uso manual te da un control total sobre el proceso de afilado, permiti\u00e9ndote obtener el filo deseado en tus cuchillos.\\n\\nEste afilador es adecuado para una amplia gama de cuchillos, desde los de cocina hasta los de jardiner\u00eda. Su versatilidad lo convierte en una herramienta imprescindible para cualquier hogar o profesional. Adem\u00e1s, su durabilidad y resistencia aseguran que te proporcionar\u00e1 un servicio de afilado de alta calidad durante mucho tiempo.\\n\\nEn resumen, nuestro Afilador De Cuchillos, Amolador Portatil Manual es una inversi\u00f3n inteligente para mantener tus herramientas de corte en \u00f3ptimas condiciones. No esperes m\u00e1s, dale a tus cuchillos y tijeras el cuidado que merecen con este afilador de alta calidad.&quot;}\" data-sheets-userformat=\"{&quot;2&quot;:13249,&quot;3&quot;:{&quot;1&quot;:0},&quot;9&quot;:0,&quot;10&quot;:0,&quot;11&quot;:3,&quot;12&quot;:0,&quot;15&quot;:&quot;Calibri&quot;,&quot;16&quot;:12}\">Afilador de cuchillos para cocina con 3 ranuras |\u00a0 Nuestro Afilador De Cuchillos | Amolador Port\u00e1til Manual |\u00a0 Es una inversi\u00f3n inteligente para mantener tus herramientas de corte en \u00f3ptimas condiciones.<\/span><\/p>\n","protected":false},"featured_media":5178,"comment_status":"open","ping_status":"closed","template":"","meta":{"_joinchat":[]},"product_cat":[248,59],"product_tag":[],"class_list":{"0":"post-5177","1":"product","2":"type-product","3":"status-publish","4":"has-post-thumbnail","6":"product_cat-248","7":"product_cat-hogar","9":"first","10":"instock","11":"sale","12":"shipping-taxable","13":"purchasable","14":"product-type-simple"},"_links":{"self":[{"href":"https:\/\/bereketshop.com.mx\/index.php\/wp-json\/wp\/v2\/product\/5177","targetHints":{"allow":["GET"]}}],"collection":[{"href":"https:\/\/bereketshop.com.mx\/index.php\/wp-json\/wp\/v2\/product"}],"about":[{"href":"https:\/\/bereketshop.com.mx\/index.php\/wp-json\/wp\/v2\/types\/product"}],"replies":[{"embeddable":true,"href":"https:\/\/bereketshop.com.mx\/index.php\/wp-json\/wp\/v2\/comments?post=5177"}],"wp:featuredmedia":[{"embeddable":true,"href":"https:\/\/bereketshop.com.mx\/index.php\/wp-json\/wp\/v2\/media\/5178"}],"wp:attachment":[{"href":"https:\/\/bereketshop.com.mx\/index.php\/wp-json\/wp\/v2\/media?parent=5177"}],"wp:term":[{"taxonomy":"product_cat","embeddable":true,"href":"https:\/\/bereketshop.com.mx\/index.php\/wp-json\/wp\/v2\/product_cat?post=5177"},{"taxonomy":"product_tag","embeddable":true,"href":"https:\/\/bereketshop.com.mx\/index.php\/wp-json\/wp\/v2\/product_tag?post=5177"}],"curies":[{"name":"wp","href":"https:\/\/api.w.org\/{rel}","templated":true}]}}