{"id":5209,"date":"2024-01-19T01:52:02","date_gmt":"2024-01-19T00:52:02","guid":{"rendered":"https:\/\/bereketshop.com.mx\/?post_type=product&#038;p=5209"},"modified":"2024-09-10T21:42:48","modified_gmt":"2024-09-10T19:42:48","slug":"vaporera-hervidor-de-huevos-de-dos-niveles","status":"publish","type":"product","link":"https:\/\/bereketshop.com.mx\/index.php\/product\/vaporera-hervidor-de-huevos-de-dos-niveles\/","title":{"rendered":"Vaporera Hervidor De Huevos  De Dos Niveles"},"content":{"rendered":"<div class=\"expand-collapse-header flex justify-between items-center w-100\">\n<h3 class=\"w-100 ma0 pa3 f5 lh-copy normal\">Detalles del art\u00edculo:<\/h3>\n<div class=\"pr3\"><\/div>\n<\/div>\n<div class=\"w_zz0G expand-collapse-content\" data-testid=\"ui-collapse-panel\">\n<div class=\"ph3 pb4 pt1\">\n<div class=\"nb3\" data-testid=\"product-description-content\">\n<div class=\"mb3\">\n<div class=\"dangerous-html mb3\">\n<p><strong>Producto de importaci\u00f3n<\/strong><\/p>\n<p>Olla el\u00e9ctrica para huevos Mini olla multifuncional para huevos<\/p>\n<p>Hervidor de huevos Capacidad de 14 huevos Hervidor de huevos el\u00e9ctrico<\/p>\n<p>Capacidad para 14 huevos Cocina el\u00e9ctrica para huevos Huevos cocidos<\/p>\n<p>Producto de importaci\u00f3n No hay factura disponible<\/p>\n<p>&nbsp;<\/p>\n<p><strong>Descripci\u00f3n:<\/strong><\/p>\n<\/div>\n<\/div>\n<div class=\"mb3\">\n<div class=\"dangerous-html mb3\">\n<p><strong>F\u00c1CIL DE USAR<\/strong>: sin aceite, cocine como desee y comodidad para su vida.<\/p>\n<p><strong>F\u00c1CIL DE LIMPIAR<\/strong>: simplemente retire el estante y el recipiente, luego l\u00edmpielos con detergente y una esponja.<\/p>\n<p><strong>PROP\u00d3SITO M\u00daLTIPLE<\/strong>: no solo puede hervir huevos, sino que tambi\u00e9n puede cocinar alimentos como verduras.<\/p>\n<p><strong>R\u00c1PIDO<\/strong>: solo agregue agua, coloque , con\u00e9ctelo y espere unos minutos.<\/p>\n<p><strong>MATERIAL:<\/strong> Hecho de material PP de alta calidad, no se da\u00f1ar\u00e1 f\u00e1cilmente y se puede usar durante mucho tiempo.<\/p>\n<p><strong>Especificaci\u00f3n:<\/strong><\/p>\n<p>Tipo de art\u00edculo: Hervidor de huevos el\u00e9ctrico<\/p>\n<p>Material: polipropileno.<\/p>\n<p>Carta del tama\u00f1o: 15,6 cm x 21 cm\/6,14 pulgadas x 8,27 pulgadas<\/p>\n<p>&nbsp;<\/p>\n<p><strong>El paquete incluye:<\/strong><\/p>\n<p>1 vaporizador de huevos (adaptador: )<\/p>\n<p>&nbsp;<\/p>\n<\/div>\n<\/div>\n<\/div>\n<\/div>\n<\/div>\n","protected":false},"excerpt":{"rendered":"<p style=\"text-align: center;\"><span data-sheets-root=\"1\" data-sheets-value=\"{&quot;1&quot;:2,&quot;2&quot;:&quot;Vaporera Hervidor De Huevos, Hervidor Multifuncional De Dos Niveles&quot;}\" data-sheets-userformat=\"{&quot;2&quot;:12737,&quot;3&quot;:{&quot;1&quot;:0,&quot;3&quot;:1},&quot;9&quot;:0,&quot;10&quot;:0,&quot;11&quot;:3,&quot;15&quot;:&quot;Calibri&quot;,&quot;16&quot;:12}\">Vaporera Hervidor De Huevos | Hervidor Multifuncional De Dos Niveles | Hasta 14 huevos.<\/span><\/p>\n","protected":false},"featured_media":5210,"comment_status":"open","ping_status":"closed","template":"","meta":{"_joinchat":[]},"product_cat":[241,59],"product_tag":[],"class_list":{"0":"post-5209","1":"product","2":"type-product","3":"status-publish","4":"has-post-thumbnail","6":"product_cat-241","7":"product_cat-hogar","9":"first","10":"instock","11":"sale","12":"shipping-taxable","13":"purchasable","14":"product-type-simple"},"_links":{"self":[{"href":"https:\/\/bereketshop.com.mx\/index.php\/wp-json\/wp\/v2\/product\/5209","targetHints":{"allow":["GET"]}}],"collection":[{"href":"https:\/\/bereketshop.com.mx\/index.php\/wp-json\/wp\/v2\/product"}],"about":[{"href":"https:\/\/bereketshop.com.mx\/index.php\/wp-json\/wp\/v2\/types\/product"}],"replies":[{"embeddable":true,"href":"https:\/\/bereketshop.com.mx\/index.php\/wp-json\/wp\/v2\/comments?post=5209"}],"wp:featuredmedia":[{"embeddable":true,"href":"https:\/\/bereketshop.com.mx\/index.php\/wp-json\/wp\/v2\/media\/5210"}],"wp:attachment":[{"href":"https:\/\/bereketshop.com.mx\/index.php\/wp-json\/wp\/v2\/media?parent=5209"}],"wp:term":[{"taxonomy":"product_cat","embeddable":true,"href":"https:\/\/bereketshop.com.mx\/index.php\/wp-json\/wp\/v2\/product_cat?post=5209"},{"taxonomy":"product_tag","embeddable":true,"href":"https:\/\/bereketshop.com.mx\/index.php\/wp-json\/wp\/v2\/product_tag?post=5209"}],"curies":[{"name":"wp","href":"https:\/\/api.w.org\/{rel}","templated":true}]}}