{"id":5249,"date":"2024-01-20T00:44:50","date_gmt":"2024-01-19T23:44:50","guid":{"rendered":"https:\/\/bereketshop.com.mx\/?post_type=product&#038;p=5249"},"modified":"2024-09-17T02:07:48","modified_gmt":"2024-09-17T00:07:48","slug":"mini-plancha-de-vapor-portatil-para-viaje","status":"publish","type":"product","link":"https:\/\/bereketshop.com.mx\/index.php\/product\/mini-plancha-de-vapor-portatil-para-viaje\/","title":{"rendered":"Mini Plancha De Vapor Port\u00e1til Para Viaje"},"content":{"rendered":"<h5>CARACTERISTICAS:<\/h5>\n<ul>\n<li><span class=\"a-list-item\"><strong>Referencia de tallas:<\/strong> nuestra mini plancha para manualidades viene con un tama\u00f1o peque\u00f1o, mide aproximadamente 108 x 63 x 66 mm\/4.25 x 2.48 x 2.6 pulgadas, port\u00e1til para llevar y almacenar, la mini plancha es m\u00e1s adecuada para tus necesidades manuales de bricolaje y satisface tus peque\u00f1os proyectos. Comprueba el tama\u00f1o de la imagen claramente. Si te importa el tama\u00f1o de la mini plancha, ten cuidado de comprarla<\/span><\/li>\n<li><span class=\"a-list-item\"><strong>Caracter\u00edsticas:<\/strong> la plancha peque\u00f1a tiene un tama\u00f1o adecuado y funciones \u00fatiles, aporta mucha comodidad a proyectos de costura y planchar ropa con patrones de vinilo, funciona bien en \u00e1reas peque\u00f1as y estrechas, es adecuada para proyectos peque\u00f1os; la mini plancha de manualidades viene empaquetada con la l\u00ednea el\u00e9ctrica, que mide aproximadamente 1 metro \/ 39 pulgadas de largo; Consejos: si te importa la longitud de la l\u00ednea el\u00e9ctrica, compra con precauci\u00f3n<\/span><\/li>\n<\/ul>\n<ul class=\"a-unordered-list a-vertical a-spacing-mini\">\n<li class=\"a-spacing-mini\"><span class=\"a-list-item\"><strong>Pr\u00e1ctica para<\/strong>: La mini plancha de calor port\u00e1til y pr\u00e1ctica es adecuada para personas que aman la artesan\u00eda y el bricolaje, con la que puedes hacer varios objetos peque\u00f1os, como plancha, vinilo de transferencia de calor, diamantes, etc., herramienta pr\u00e1ctica que te ayuda a lograr ese prop\u00f3sito f\u00e1cilmente.<\/span><\/li>\n<li class=\"a-spacing-mini\"><strong>F\u00e1cil de operar:<\/strong> La mini prensa de calor port\u00e1til viene con accesorios de base de carga; cuando quieras utilizar la plancha, simplemente enchufa, y ser\u00e1 hasta una temperatura bastante alta en 2-3 minutos; se puede precalentar completamente en 1,5 minutos, con su temperatura restante a unos 170 grados Celsius; Nota: la temperatura de calentamiento espec\u00edfica del producto tambi\u00e9n se ver\u00e1 afectada por la temperatura del medio ambiente.<\/li>\n<li class=\"a-spacing-mini\"><strong>Varias aplicaciones:<\/strong> la peque\u00f1a m\u00e1quina de hierro es adecuada para una variedad de materiales de tela, incluyendo lana, poli\u00e9ster, felpa, seda, fibra, nailon, terciopelo y lino; se adapta a entusiastas de las manualidades y amas de casa, tambi\u00e9n puedes tomarlo como un regalo \u00fatil para amigos; Aviso: despu\u00e9s de enchufar la alimentaci\u00f3n, recuerda encender el interruptor de cable, y la luz indicadora roja se encender\u00e1, luego precalienta durante aproximadamente un minuto para usar, no desenchufar la alimentaci\u00f3n cuando la uses.<\/li>\n<\/ul>\n<p><span data-sheets-root=\"1\" data-sheets-value=\"{&quot;1&quot;:2,&quot;2&quot;:&quot;Planchar es una actividad que debe hacerse con cuidado y delicadeza si no queremos da\u00f1ar la ropa o incluso arrugarla m\u00e1s; por eso, es importante tener una plancha de buena calidad que nos permita conseguir buenos resultados. Ya sea en la oficina, con amigos o en alguna ocasi\u00f3n especial, lucir tu ropa impecable habla de ti. \u00a1Esta plancha Generic ser\u00e1 tu aliada para que te veas bien en todo momento!&quot;}\" data-sheets-userformat=\"{&quot;2&quot;:13249,&quot;3&quot;:{&quot;1&quot;:0},&quot;9&quot;:0,&quot;10&quot;:0,&quot;11&quot;:3,&quot;12&quot;:0,&quot;15&quot;:&quot;Calibri&quot;,&quot;16&quot;:12}\">Planchar es una actividad que debe hacerse con cuidado y delicadeza si no queremos da\u00f1ar la ropa o incluso arrugarla m\u00e1s, por eso, es importante tener una plancha de buena calidad que nos permita conseguir buenos resultados. <\/span><\/p>\n<p><span data-sheets-root=\"1\" data-sheets-value=\"{&quot;1&quot;:2,&quot;2&quot;:&quot;Planchar es una actividad que debe hacerse con cuidado y delicadeza si no queremos da\u00f1ar la ropa o incluso arrugarla m\u00e1s; por eso, es importante tener una plancha de buena calidad que nos permita conseguir buenos resultados. Ya sea en la oficina, con amigos o en alguna ocasi\u00f3n especial, lucir tu ropa impecable habla de ti. \u00a1Esta plancha Generic ser\u00e1 tu aliada para que te veas bien en todo momento!&quot;}\" data-sheets-userformat=\"{&quot;2&quot;:13249,&quot;3&quot;:{&quot;1&quot;:0},&quot;9&quot;:0,&quot;10&quot;:0,&quot;11&quot;:3,&quot;12&quot;:0,&quot;15&quot;:&quot;Calibri&quot;,&quot;16&quot;:12}\">Ya sea en la oficina, con amigos o en alguna ocasi\u00f3n especial, lucir tu ropa impecable habla de ti. <\/span><\/p>\n<p><strong>\u00a1Esta plancha Generic ser\u00e1 tu aliada para que te veas bien en todo momento!<\/strong><\/p>\n","protected":false},"excerpt":{"rendered":"<p id=\"title\" class=\"a-size-large a-spacing-none\" style=\"text-align: center;\"><span id=\"productTitle\" class=\"a-size-large product-title-word-break\">Mini Plancha Port\u00e1til |\u00a0 Pr\u00e1ctica Prensa De Calor | Plancha Peque\u00f1a Con Base De Carga | Accesorios Para Abalorio | Parches | Ropa | Camisetas | Zapatos | Proyectos De Vinilo De Transferencia De Calor | Mini Prensa De Calor Para Manualidades.<\/span><\/p>\n","protected":false},"featured_media":5252,"comment_status":"open","ping_status":"closed","template":"","meta":{"_joinchat":[]},"product_cat":[243,59],"product_tag":[],"class_list":{"0":"post-5249","1":"product","2":"type-product","3":"status-publish","4":"has-post-thumbnail","6":"product_cat-243","7":"product_cat-hogar","9":"first","10":"instock","11":"sale","12":"shipping-taxable","13":"purchasable","14":"product-type-simple"},"_links":{"self":[{"href":"https:\/\/bereketshop.com.mx\/index.php\/wp-json\/wp\/v2\/product\/5249","targetHints":{"allow":["GET"]}}],"collection":[{"href":"https:\/\/bereketshop.com.mx\/index.php\/wp-json\/wp\/v2\/product"}],"about":[{"href":"https:\/\/bereketshop.com.mx\/index.php\/wp-json\/wp\/v2\/types\/product"}],"replies":[{"embeddable":true,"href":"https:\/\/bereketshop.com.mx\/index.php\/wp-json\/wp\/v2\/comments?post=5249"}],"wp:featuredmedia":[{"embeddable":true,"href":"https:\/\/bereketshop.com.mx\/index.php\/wp-json\/wp\/v2\/media\/5252"}],"wp:attachment":[{"href":"https:\/\/bereketshop.com.mx\/index.php\/wp-json\/wp\/v2\/media?parent=5249"}],"wp:term":[{"taxonomy":"product_cat","embeddable":true,"href":"https:\/\/bereketshop.com.mx\/index.php\/wp-json\/wp\/v2\/product_cat?post=5249"},{"taxonomy":"product_tag","embeddable":true,"href":"https:\/\/bereketshop.com.mx\/index.php\/wp-json\/wp\/v2\/product_tag?post=5249"}],"curies":[{"name":"wp","href":"https:\/\/api.w.org\/{rel}","templated":true}]}}