{"id":5264,"date":"2024-01-20T02:01:52","date_gmt":"2024-01-20T01:01:52","guid":{"rendered":"https:\/\/bereketshop.com.mx\/?post_type=product&#038;p=5264"},"modified":"2025-04-09T23:00:31","modified_gmt":"2025-04-09T21:00:31","slug":"tetera-electrica-vaso-de-vidrio","status":"publish","type":"product","link":"https:\/\/bereketshop.com.mx\/index.php\/product\/tetera-electrica-vaso-de-vidrio\/","title":{"rendered":"Tetera El\u00e9ctrica Vaso De Vidrio"},"content":{"rendered":"<h4 class=\"default\">Descripci\u00f3n del producto:<\/h4>\n<div id=\"productDescription\" class=\"a-section a-spacing-small\">\n<p>Es un hervidor el\u00e9ctrico pr\u00e1ctico y pr\u00e1ctico con un buen rendimiento de seguridad. El hervidor el\u00e9ctrico de acero inoxidable y cristal es de apagado autom\u00e1tico, anti-seco, gran capacidad, calentamiento r\u00e1pido, temperatura ajustable con pantalla LED, duradero y f\u00e1cil de limpiar. Es un buen ayudante en casa.<\/p>\n<p>1. Rotaci\u00f3n de 360 \u00b0 y dise\u00f1o inal\u00e1mbrico para uso conveniente.<br \/>\n2. El hervidor viene con una amplia tapa de apertura para una limpieza f\u00e1cil.<br \/>\n3. Temperatura ajustable disponible con pantalla LED: verde 120 (\u00b0F), azul oscuro 160 (\u00b0F), morado 175 (\u00b0F), azul claro 195 (\u00b0F), rojo 212 (\u00b0F).<br \/>\n4. El mango est\u00e1 compuesto de polipropileno mate con panel de control electr\u00f3nico y puede ser aislado durante dos horas a cada temperatura.<\/p>\n<p><strong>Especificaciones:<\/strong><\/p>\n<p><strong>Material<\/strong>: vidrio de borosilicato alto y acero inoxidable 304.<br \/>\n<strong>Voltaje:<\/strong> 120 V 60 Hz.<br \/>\n<strong>Potencia<\/strong>: 1500 W.<br \/>\n<strong>Capacidad:<\/strong> 1,7 L.<br \/>\n<strong>Peso:<\/strong> 1,07 kg.<br \/>\n<strong>Tama\u00f1o de la caja exterior:<\/strong> 9.66 x 7.40 x 10.94 pulgadas.<br \/>\n<strong>Identificaci\u00f3n de la capacidad:<\/strong> b\u00e1scula corporal.<br \/>\n<strong>Almacenamiento de cables:<\/strong> el cable se puede enrollar en el chasis.<br \/>\n<strong>Termostato:<\/strong> termostato de Strix importado.<br \/>\n<strong>Certificaci\u00f3n:<\/strong> UL\/ FDA\/ Rosh<br \/>\n<strong>Estilo:<\/strong> elegante y sencillo.<\/p>\n<p><strong>Contenido del paquete:<\/strong><\/p>\n<p>1 hervidor el\u00e9ctrico de cristal.<br \/>\n1 manual de instrucciones (idioma espa\u00f1ol no garantizado).<br \/>\n1 base negra.<\/p>\n<p><strong>Consejos:<\/strong><\/p>\n<p>1. Por favor, lea todas las instrucciones cuidadosamente antes de usar el producto.<br \/>\n2. No toques la superficie caliente.<br \/>\n3. Para evitar fuego, choque el\u00e9ctrico y lesiones personales, no sumerja la base de alimentaci\u00f3n, cable de alimentaci\u00f3n, enchufe o hervidor en agua o cualquier otro l\u00edquido.<br \/>\n4. Cuando los ni\u00f1os usan este producto, deben ser vigilados de cerca.<br \/>\n5. Desconecte siempre el cable de alimentaci\u00f3n de la toma cuando no est\u00e9 en uso y antes de limpiar.<br \/>\n6. No coloque el hervidor en una estufa de gas o el\u00e9ctrica, ni en la estufa.<br \/>\n7. No abra la tapa durante el funcionamiento para evitar quemaduras.<br \/>\n8. Si el agua excede la l\u00ednea &#8220;m\u00e1xima&#8221;, el agua hirviendo puede desbordarse.<\/p>\n<\/div>\n","protected":false},"excerpt":{"rendered":"<p style=\"text-align: center;\"><span data-sheets-root=\"1\" data-sheets-value=\"{&quot;1&quot;:2,&quot;2&quot;:&quot;Tetera El\u00e9ctrica Transparente Hervidor El\u00e9ctrico T\u00e9 2.0L Material de vidrio ecol\u00f3gico&quot;}\" data-sheets-userformat=\"{&quot;2&quot;:12737,&quot;3&quot;:{&quot;1&quot;:0,&quot;3&quot;:1},&quot;9&quot;:0,&quot;10&quot;:0,&quot;11&quot;:3,&quot;15&quot;:&quot;Calibri&quot;,&quot;16&quot;:12}\">Tetera El\u00e9ctrica Transparente\u00a0 | Hervidor El\u00e9ctrico | T\u00e9 2.0L\u00a0 | Material De Vidrio Ecol\u00f3gico.<\/span><\/p>\n","protected":false},"featured_media":5265,"comment_status":"open","ping_status":"closed","template":"","meta":{"_joinchat":[]},"product_cat":[255,59],"product_tag":[],"class_list":{"0":"post-5264","1":"product","2":"type-product","3":"status-publish","4":"has-post-thumbnail","6":"product_cat-255","7":"product_cat-hogar","9":"first","10":"outofstock","11":"sale","12":"shipping-taxable","13":"purchasable","14":"product-type-simple"},"_links":{"self":[{"href":"https:\/\/bereketshop.com.mx\/index.php\/wp-json\/wp\/v2\/product\/5264","targetHints":{"allow":["GET"]}}],"collection":[{"href":"https:\/\/bereketshop.com.mx\/index.php\/wp-json\/wp\/v2\/product"}],"about":[{"href":"https:\/\/bereketshop.com.mx\/index.php\/wp-json\/wp\/v2\/types\/product"}],"replies":[{"embeddable":true,"href":"https:\/\/bereketshop.com.mx\/index.php\/wp-json\/wp\/v2\/comments?post=5264"}],"wp:featuredmedia":[{"embeddable":true,"href":"https:\/\/bereketshop.com.mx\/index.php\/wp-json\/wp\/v2\/media\/5265"}],"wp:attachment":[{"href":"https:\/\/bereketshop.com.mx\/index.php\/wp-json\/wp\/v2\/media?parent=5264"}],"wp:term":[{"taxonomy":"product_cat","embeddable":true,"href":"https:\/\/bereketshop.com.mx\/index.php\/wp-json\/wp\/v2\/product_cat?post=5264"},{"taxonomy":"product_tag","embeddable":true,"href":"https:\/\/bereketshop.com.mx\/index.php\/wp-json\/wp\/v2\/product_tag?post=5264"}],"curies":[{"name":"wp","href":"https:\/\/api.w.org\/{rel}","templated":true}]}}