{"id":5519,"date":"2024-02-10T17:21:40","date_gmt":"2024-02-10T16:21:40","guid":{"rendered":"https:\/\/bereketshop.com.mx\/?post_type=product&#038;p=5519"},"modified":"2024-09-14T01:52:38","modified_gmt":"2024-09-13T23:52:38","slug":"guantes-de-marionetas-de-mano-10-piezas","status":"publish","type":"product","link":"https:\/\/bereketshop.com.mx\/index.php\/product\/guantes-de-marionetas-de-mano-10-piezas\/","title":{"rendered":"Guantes De Marionetas De Mano 10 Piezas"},"content":{"rendered":"<h5>CARACTERISTICAS:<\/h5>\n<p>&nbsp;<\/p>\n<p><span data-sheets-root=\"1\" data-sheets-value=\"{&quot;1&quot;:2,&quot;2&quot;:&quot;Ocasiones aplicables: ideal para el hogar, la escuela, la guarder\u00eda y la terapia ocupacional. Los practicantes usan t\u00edteres de dedo para la alfabetizaci\u00f3n, el lenguaje y el desarrollo del comportamiento social y pueden usarse como regalos de baby shower,\\nJuega y aprende: el paquete incluye 10 t\u00edteres de dedo diferentes, los lindos t\u00edteres de dedo de animales te permiten disfrazarte de diferentes animales, comunicarte con tu peque\u00f1o y ejercitar sus habilidades de comunicaci\u00f3n oral y pensamiento l\u00f3gico.\\nSuave y c\u00f3modo: felpa suave de calidad que brinda a los ni\u00f1os una sensaci\u00f3n de suavidad en las manos. Los t\u00edteres de dedo tambi\u00e9n est\u00e1n meticulosamente hechos a mano y cosidos a la perfecci\u00f3n, y el orificio para el dedo me\u00f1ique se adapta a los dedos\\nEstimula la imaginaci\u00f3n de los ni\u00f1os: los ni\u00f1os pueden disfrutar de horas de juego creativo con estos juguetes, los t\u00edteres de mano brindan una forma divertida de contar historias con muchos personajes que estimulan la imaginaci\u00f3n de los ni\u00f1os y son educa\\nMejore las habilidades de comunicaci\u00f3n: adecuado para beb\u00e9s, ni\u00f1os en edad preescolar, ni\u00f1os peque\u00f1os y estudiantes de escuela primaria para mejorar las relaciones, estos t\u00edteres de mano ayudan a los ni\u00f1os a comprender qu\u00e9 es un comportamiento aceptable&quot;}\" data-sheets-userformat=\"{&quot;2&quot;:13249,&quot;3&quot;:{&quot;1&quot;:0},&quot;9&quot;:0,&quot;10&quot;:0,&quot;11&quot;:3,&quot;12&quot;:0,&quot;15&quot;:&quot;Calibri&quot;,&quot;16&quot;:12}\"><strong>Ocasiones aplicables:<\/strong> ideal para el hogar, la escuela, la guarder\u00eda y la terapia ocupacional. Los practicantes usan t\u00edteres de dedo para la alfabetizaci\u00f3n, el lenguaje y el desarrollo del comportamiento social y pueden usarse como regalos de baby shower,<br \/>\n<strong>Juega y aprende:<\/strong> el paquete incluye 10 t\u00edteres de dedo diferentes, los lindos t\u00edteres de dedo de animales te permiten disfrazarte de diferentes animales, comunicarte con tu peque\u00f1o y ejercitar sus habilidades de comunicaci\u00f3n oral y pensamiento l\u00f3gico.<br \/>\n<strong>Suave y c\u00f3modo<\/strong>: felpa suave de calidad que brinda a los ni\u00f1os una sensaci\u00f3n de suavidad en las manos. Los t\u00edteres de dedo tambi\u00e9n est\u00e1n meticulosamente hechos a mano y cosidos a la perfecci\u00f3n, y el orificio para el dedo me\u00f1ique se adapta a los dedos<br \/>\n<strong>Estimula la imaginaci\u00f3n de los ni\u00f1os:<\/strong> los ni\u00f1os pueden disfrutar de horas de juego creativo con estos juguetes, los t\u00edteres de mano brindan una forma divertida de contar historias con muchos personajes que estimulan la imaginaci\u00f3n de los ni\u00f1os y son educa<br \/>\n<strong>Mejore las habilidades de comunicaci\u00f3n:<\/strong> adecuado para beb\u00e9s, ni\u00f1os en edad preescolar, ni\u00f1os peque\u00f1os y estudiantes de escuela primaria para mejorar las relaciones, estos t\u00edteres de mano ayudan a los ni\u00f1os a comprender qu\u00e9 es un comportamiento aceptable.<\/span><\/p>\n","protected":false},"excerpt":{"rendered":"<p style=\"text-align: center;\"><span data-sheets-root=\"1\" data-sheets-value=\"{&quot;1&quot;:2,&quot;2&quot;:&quot;Guantes de Marionetas de Mano 10 Piezas Marionetas de Dedo educativas de Felpa para ni\u00f1os a Partir de 3 a\u00f1os&quot;}\" data-sheets-userformat=\"{&quot;2&quot;:12737,&quot;3&quot;:{&quot;1&quot;:0,&quot;3&quot;:1},&quot;9&quot;:0,&quot;10&quot;:0,&quot;11&quot;:3,&quot;15&quot;:&quot;Calibri&quot;,&quot;16&quot;:12}\">Guantes De Marionetas De Mano | 10 Piezas\u00a0 |Marionetas de Dedo Educativas | De Felpa Para Ni\u00f1os | A Partir de 3 a\u00f1os<\/span><\/p>\n","protected":false},"featured_media":5520,"comment_status":"open","ping_status":"closed","template":"","meta":{"_joinchat":[]},"product_cat":[242,99],"product_tag":[],"class_list":{"0":"post-5519","1":"product","2":"type-product","3":"status-publish","4":"has-post-thumbnail","6":"product_cat-242","7":"product_cat-juguetes","9":"first","10":"instock","11":"sale","12":"shipping-taxable","13":"purchasable","14":"product-type-simple"},"_links":{"self":[{"href":"https:\/\/bereketshop.com.mx\/index.php\/wp-json\/wp\/v2\/product\/5519","targetHints":{"allow":["GET"]}}],"collection":[{"href":"https:\/\/bereketshop.com.mx\/index.php\/wp-json\/wp\/v2\/product"}],"about":[{"href":"https:\/\/bereketshop.com.mx\/index.php\/wp-json\/wp\/v2\/types\/product"}],"replies":[{"embeddable":true,"href":"https:\/\/bereketshop.com.mx\/index.php\/wp-json\/wp\/v2\/comments?post=5519"}],"wp:featuredmedia":[{"embeddable":true,"href":"https:\/\/bereketshop.com.mx\/index.php\/wp-json\/wp\/v2\/media\/5520"}],"wp:attachment":[{"href":"https:\/\/bereketshop.com.mx\/index.php\/wp-json\/wp\/v2\/media?parent=5519"}],"wp:term":[{"taxonomy":"product_cat","embeddable":true,"href":"https:\/\/bereketshop.com.mx\/index.php\/wp-json\/wp\/v2\/product_cat?post=5519"},{"taxonomy":"product_tag","embeddable":true,"href":"https:\/\/bereketshop.com.mx\/index.php\/wp-json\/wp\/v2\/product_tag?post=5519"}],"curies":[{"name":"wp","href":"https:\/\/api.w.org\/{rel}","templated":true}]}}