{"id":5535,"date":"2024-02-11T04:16:30","date_gmt":"2024-02-11T03:16:30","guid":{"rendered":"https:\/\/bereketshop.com.mx\/?post_type=product&#038;p=5535"},"modified":"2024-09-14T01:50:49","modified_gmt":"2024-09-13T23:50:49","slug":"tienda-casa-de-campana-flores-con-luz-led","status":"publish","type":"product","link":"https:\/\/bereketshop.com.mx\/index.php\/product\/tienda-casa-de-campana-flores-con-luz-led\/","title":{"rendered":"Tienda Casa De Campa\u00f1a Flores Con Luz LED"},"content":{"rendered":"<h5>CARACTERISTICAS:<\/h5>\n<p><strong>Regalo especial Tienda casa de campa\u00f1a:<\/strong> Esta hermosa y extraordinaria casa de campa\u00f1a para ni\u00f1as puede ayudar a cumplir el sue\u00f1o de la princesa de cada ni\u00f1a. Esta carpa de tama\u00f1o considerable puede alojar hasta 3 ni\u00f1os al mismo tiempo. \u00a1Qu\u00e9 regalo tan incre\u00edble!<\/p>\n<p><strong>Tama\u00f1o Material:<\/strong> Tama\u00f1o de la carpa del juego: 130cm*130cn*102cm. est\u00e1 hecho de tela durable y mezcla de poli\u00e9ster, el marco de los postes de PVC lo hace resistente. La casa de las princesas ofrece un espacio considerable para que los beb\u00e9s jueguen y descansen, es duradero y f\u00e1cil de limpiar. Las pantallas suaves y transpirables alrededor de la casa de juegos alejan a los mosquitos de sus hijos.<\/p>\n<p><strong>F\u00e1cil de instalar de casa port\u00e1til:<\/strong> Set R\u00e1pido y f\u00e1cil configuraci\u00f3n \/ desglose sin necesidad de herramientas. Tubos de PVC de buena calidad y conectores de pl\u00e1stico sin agudos ni \u00e1speros. Tu joven princesa puede f\u00e1cilmente armar su propio castillo bajo la supervisi\u00f3n de un adulto. Puedes doblar la tienda en un paquete peque\u00f1o y llevarla a cualquier lugar que desees.<\/p>\n<p><strong>Un espacio privado:<\/strong> Nuestra casa de juegos para ni\u00f1as es la tienda de hadas m\u00e1s linda de la casa donde los ni\u00f1os pueden tener su propio lugar privado para entretenerse, leer y relajarse. La tienda de la princesa es solo su peque\u00f1o mundo, ayuda a ampliar la imaginaci\u00f3n de los ni\u00f1os y crea su propio peque\u00f1o reino. \u00a1Tus hijos amar\u00e1n esta carpa de juego definitivamente!<\/p>\n<h5>ESPECIFICACIONES:<\/h5>\n<p>Contenido del Paquete : 1 x Casa de ni\u00f1as<\/p>\n<p>&#8211; Color: Rosa &#8211; Peso del Paquete : 1.3 kg<\/p>\n<p>&#8211; Tama\u00f1o Paquete : 50.00 x 10.00 x 5.00 cm<\/p>\n<p>&#8211; Material: Tela Oxford &amp; Varillas de Fibra &#8211; Tama\u00f1o Producto : 130.00 x 130.00 x 100.00 cm (Altura\/Ancho\/Longitud)<\/p>\n","protected":false},"excerpt":{"rendered":"<p style=\"text-align: center;\">Tienda Casa De Campa\u00f1a Flores | Tienda Para Ni\u00f1os Con Luces Led |\u00a0 Tiendas De Invierno | Camping | Ideal Para Jugar y Divertirse.<\/p>\n","protected":false},"featured_media":5536,"comment_status":"open","ping_status":"closed","template":"","meta":{"_joinchat":[]},"product_cat":[240,99],"product_tag":[],"class_list":{"0":"post-5535","1":"product","2":"type-product","3":"status-publish","4":"has-post-thumbnail","6":"product_cat-240","7":"product_cat-juguetes","9":"first","10":"instock","11":"sale","12":"shipping-taxable","13":"purchasable","14":"product-type-variable"},"_links":{"self":[{"href":"https:\/\/bereketshop.com.mx\/index.php\/wp-json\/wp\/v2\/product\/5535","targetHints":{"allow":["GET"]}}],"collection":[{"href":"https:\/\/bereketshop.com.mx\/index.php\/wp-json\/wp\/v2\/product"}],"about":[{"href":"https:\/\/bereketshop.com.mx\/index.php\/wp-json\/wp\/v2\/types\/product"}],"replies":[{"embeddable":true,"href":"https:\/\/bereketshop.com.mx\/index.php\/wp-json\/wp\/v2\/comments?post=5535"}],"wp:featuredmedia":[{"embeddable":true,"href":"https:\/\/bereketshop.com.mx\/index.php\/wp-json\/wp\/v2\/media\/5536"}],"wp:attachment":[{"href":"https:\/\/bereketshop.com.mx\/index.php\/wp-json\/wp\/v2\/media?parent=5535"}],"wp:term":[{"taxonomy":"product_cat","embeddable":true,"href":"https:\/\/bereketshop.com.mx\/index.php\/wp-json\/wp\/v2\/product_cat?post=5535"},{"taxonomy":"product_tag","embeddable":true,"href":"https:\/\/bereketshop.com.mx\/index.php\/wp-json\/wp\/v2\/product_tag?post=5535"}],"curies":[{"name":"wp","href":"https:\/\/api.w.org\/{rel}","templated":true}]}}