{"id":5595,"date":"2024-02-20T22:37:45","date_gmt":"2024-02-20T21:37:45","guid":{"rendered":"https:\/\/bereketshop.com.mx\/?post_type=product&#038;p=5595"},"modified":"2024-09-17T00:36:35","modified_gmt":"2024-09-16T22:36:35","slug":"plantas-artificiales-decorativas-acuario-pecera-25-piezas","status":"publish","type":"product","link":"https:\/\/bereketshop.com.mx\/index.php\/product\/plantas-artificiales-decorativas-acuario-pecera-25-piezas\/","title":{"rendered":"Plantas Artificiales Decorativas Acuario Pecera 25 Piezas"},"content":{"rendered":"<h5>CARACTERISTICAS:<\/h5>\n<p>&#8211; Este juego se adapta perfectamente a acuarios de 5 a 15 galones. Estos juegos tienen diferentes colores: verde, rojo, morado. Todos los colores son vibrantes y v\u00edvidos, incluso en el agua, por lo que puede embellecer tu acuario.<\/p>\n<p>&#8211; Incluye: 1 adorno de acuario con vista de monta\u00f1a y 25 piezas de plantas de pl\u00e1stico de color verde. A diferencia de las plantas vivas, las plantas artificiales no necesitan iluminaci\u00f3n o fertilizantes especializados.<\/p>\n<p>&#8211; Material no t\u00f3xico: pl\u00e1stico, resina y base de cer\u00e1mica; es ideal tanto para agua dulce como salada, no afecta el pH en el tanque y las condiciones relacionadas con el acuario.<\/p>\n<p>&#8211; Todas las plantas con pedestal: cada planta de este conjunto tiene un pedestal en la parte inferior, pesado y firme, y con el pedestal, las plantas no flotan alrededor en el acuario.<\/p>\n<p>&#8211; Adorno realista para plantas de agua; la planta de pl\u00e1stico estilo \u00e1rbol no solo puede decorar tu acuario, sino que tambi\u00e9n proporciona a los peces un refugio reconfortante.<\/p>\n<p>Este juego se ajusta a 5 a 15 galones y hasta acuario.<\/p>\n<p>Especificaciones:<br \/>\nPlantas acu\u00e1ticas artificiales<br \/>\nMaterial: plantas: pl\u00e1stico; pedestal: cer\u00e1mico.<br \/>\nCantidad: 12 unidades.<\/p>\n<p>&#8212; Cada planta de este conjunto tiene un pedestal en la parte inferior, pesado y firme, y con el pedestal, esas plantas no flotar\u00e1n alrededor en el acuario.<\/p>\n<p>Vista de Fish Tank Rockery<br \/>\nMaterial: resina.<br \/>\nTama\u00f1o: aproximadamente 105mm * 90mm.<br \/>\nCantidad: 1 unidad.<br \/>\n&#8211; Haz que tu acuario sea v\u00edvido, a\u00f1ade color natural.<br \/>\n&#8212; Los peces pueden esconderse y pasar a trav\u00e9s del agujero y las grietas dentro.<br \/>\n&#8212; Cambia tu acuario en un hermoso paisaje.<br \/>\n&#8212; Es v\u00edvidamente y color detallado para a\u00f1adir vida viva y natural a su tanque.<\/p>\n<p>Diferentes especies de plantas:<br \/>\nEste conjunto de plantas de acuario son diferentes especies, son diferentes en colores y formas,<br \/>\nque puede traer diferentes sentimientos a usted y sus peces.<\/p>\n<p>Material seguro:<br \/>\nEstas plantas de pecera est\u00e1n hechas de pl\u00e1stico sin art\u00edculos de metal,<br \/>\nsuave y resistente a la erosi\u00f3n, y poner estas plantas en su pecera no da\u00f1ar\u00e1 a sus peces.<\/p>\n<p>El paquete incluye:<br \/>\n1 adorno de acuario con vista a la monta\u00f1a.<br \/>\n24 plantas acu\u00e1ticas artificiales.<br \/>\nColor: Multicolor<br \/>\nMascota aplicable: Pez<\/p>\n","protected":false},"excerpt":{"rendered":"<p style=\"text-align: center;\">Juego de Plantas Para Pecera| Este Juego Se Adapta Perfectamente A Acuarios De 5 A 15 Galones | Es Ideal Tanto Para Agua Dulce Como Salada | No Afecta El PH En El Tanque.<\/p>\n","protected":false},"featured_media":4962,"comment_status":"closed","ping_status":"closed","template":"","meta":{"_joinchat":[]},"product_cat":[241,100],"product_tag":[],"class_list":{"0":"post-5595","1":"product","2":"type-product","3":"status-publish","4":"has-post-thumbnail","6":"product_cat-241","7":"product_cat-mascotas","9":"first","10":"instock","11":"sale","12":"shipping-taxable","13":"purchasable","14":"product-type-simple"},"_links":{"self":[{"href":"https:\/\/bereketshop.com.mx\/index.php\/wp-json\/wp\/v2\/product\/5595","targetHints":{"allow":["GET"]}}],"collection":[{"href":"https:\/\/bereketshop.com.mx\/index.php\/wp-json\/wp\/v2\/product"}],"about":[{"href":"https:\/\/bereketshop.com.mx\/index.php\/wp-json\/wp\/v2\/types\/product"}],"replies":[{"embeddable":true,"href":"https:\/\/bereketshop.com.mx\/index.php\/wp-json\/wp\/v2\/comments?post=5595"}],"wp:featuredmedia":[{"embeddable":true,"href":"https:\/\/bereketshop.com.mx\/index.php\/wp-json\/wp\/v2\/media\/4962"}],"wp:attachment":[{"href":"https:\/\/bereketshop.com.mx\/index.php\/wp-json\/wp\/v2\/media?parent=5595"}],"wp:term":[{"taxonomy":"product_cat","embeddable":true,"href":"https:\/\/bereketshop.com.mx\/index.php\/wp-json\/wp\/v2\/product_cat?post=5595"},{"taxonomy":"product_tag","embeddable":true,"href":"https:\/\/bereketshop.com.mx\/index.php\/wp-json\/wp\/v2\/product_tag?post=5595"}],"curies":[{"name":"wp","href":"https:\/\/api.w.org\/{rel}","templated":true}]}}