{"id":5623,"date":"2024-02-20T23:34:09","date_gmt":"2024-02-20T22:34:09","guid":{"rendered":"https:\/\/bereketshop.com.mx\/?post_type=product&#038;p=5623"},"modified":"2024-09-11T17:57:27","modified_gmt":"2024-09-11T15:57:27","slug":"correa-de-10-metros-larga-para-perros-acolchonada-resistente","status":"publish","type":"product","link":"https:\/\/bereketshop.com.mx\/index.php\/product\/correa-de-10-metros-larga-para-perros-acolchonada-resistente\/","title":{"rendered":"Correa De 10 Metros Larga Para Perros Acolchonada Resistente"},"content":{"rendered":"<h5>CARACTERISTICAS:<\/h5>\n<p><strong>C\u00f3moda<\/strong>: El asa acolchada de esta correa extra larga para perros proporciona comodidad y facilidad a su mano<\/p>\n<p><strong>Duraderas<\/strong>: Las correas de adiestramiento para perros est\u00e1n hechas de nylon de primera calidad y de un clip met\u00e1lico a prueba de \u00f3xido, que puede soportar embestidas repentinas sin ning\u00fan desgarro o rotura. Un compa\u00f1ero fiable para servirle durante mucho tiempo<\/p>\n<p><strong>Longitud ajustable<\/strong>: La correa para perros de 10 metros de longitud se puede ajustar libremente, por lo que es adecuada para perros peque\u00f1os, medianos y grandes. S\u00f3lo tiene que envolver el exceso de correa sobre la mano si lleva un cachorro peque\u00f1o<\/p>\n<p><strong>Gancho giratorio<\/strong>: Tiene un gancho giratorio de 360 grados, f\u00e1cil de enganchar, que puede sujetar en el collar del perro. Sirve como una gran correa de retirada que ofrece al perro una libertad para jugar sin ning\u00fan tipo de enredo de la correa<\/p>\n<p><strong>Correa robusta<\/strong>: La correa del perro de l\u00ednea larga est\u00e1 construida para ser viable para un perro gigante o masivo y ha sido probado para soportar y tirar de peso hasta 100kgs sin romperse<\/p>\n<p><strong>Aplicaci\u00f3n<\/strong>: Ideal para pasear, ir de excursi\u00f3n, nadar, acampar, entrenar, cazar, en el patio trasero, en la playa, entrenar para recordar, jugar al aire libre<\/p>\n","protected":false},"excerpt":{"rendered":"<p style=\"text-align: center;\"><span data-sheets-root=\"1\" data-sheets-value=\"{&quot;1&quot;:2,&quot;2&quot;:&quot;Correa De 10 Metros Larga Para Perros Acolchonada Resistente&quot;}\" data-sheets-userformat=\"{&quot;2&quot;:12737,&quot;3&quot;:{&quot;1&quot;:0,&quot;3&quot;:1},&quot;9&quot;:0,&quot;10&quot;:0,&quot;11&quot;:3,&quot;15&quot;:&quot;Calibri&quot;,&quot;16&quot;:12}\">Correa De 10 Metros Larga | Para Perros | Acolchonada | Resistente | De Adiestramiento | Para Perros | Est\u00e1n Hechas De Nylon De Primera Calidad.<\/span><\/p>\n","protected":false},"featured_media":5624,"comment_status":"open","ping_status":"closed","template":"","meta":{"_joinchat":[]},"product_cat":[244,100],"product_tag":[],"class_list":{"0":"post-5623","1":"product","2":"type-product","3":"status-publish","4":"has-post-thumbnail","6":"product_cat-244","7":"product_cat-mascotas","9":"first","10":"instock","11":"sale","12":"shipping-taxable","13":"purchasable","14":"product-type-simple"},"_links":{"self":[{"href":"https:\/\/bereketshop.com.mx\/index.php\/wp-json\/wp\/v2\/product\/5623","targetHints":{"allow":["GET"]}}],"collection":[{"href":"https:\/\/bereketshop.com.mx\/index.php\/wp-json\/wp\/v2\/product"}],"about":[{"href":"https:\/\/bereketshop.com.mx\/index.php\/wp-json\/wp\/v2\/types\/product"}],"replies":[{"embeddable":true,"href":"https:\/\/bereketshop.com.mx\/index.php\/wp-json\/wp\/v2\/comments?post=5623"}],"wp:featuredmedia":[{"embeddable":true,"href":"https:\/\/bereketshop.com.mx\/index.php\/wp-json\/wp\/v2\/media\/5624"}],"wp:attachment":[{"href":"https:\/\/bereketshop.com.mx\/index.php\/wp-json\/wp\/v2\/media?parent=5623"}],"wp:term":[{"taxonomy":"product_cat","embeddable":true,"href":"https:\/\/bereketshop.com.mx\/index.php\/wp-json\/wp\/v2\/product_cat?post=5623"},{"taxonomy":"product_tag","embeddable":true,"href":"https:\/\/bereketshop.com.mx\/index.php\/wp-json\/wp\/v2\/product_tag?post=5623"}],"curies":[{"name":"wp","href":"https:\/\/api.w.org\/{rel}","templated":true}]}}