{"id":5631,"date":"2024-02-21T00:46:15","date_gmt":"2024-02-20T23:46:15","guid":{"rendered":"https:\/\/bereketshop.com.mx\/?post_type=product&#038;p=5631"},"modified":"2024-09-11T20:02:02","modified_gmt":"2024-09-11T18:02:02","slug":"peine-deslanador-para-perros-forma-circular","status":"publish","type":"product","link":"https:\/\/bereketshop.com.mx\/index.php\/product\/peine-deslanador-para-perros-forma-circular\/","title":{"rendered":"Peine Deslanador Para Perros Forma Circular"},"content":{"rendered":"<h5>CARACTERISTICAS:<\/h5>\n<p>Material: Acero inoxidable, Pl\u00e1stico<\/p>\n<p>Ideal para tus mascotas: el cepillo se puede utilizar en perros y gatos de pelo corto y largo, tanto peque\u00f1os como grandes.<\/p>\n<p>Haz de tu mascota una experiencia c\u00f3moda y agradable: nuestro cepillo elimina suavemente el cabello suelto y elimina enredos, caspa y suciedad atrapada.<\/p>\n<p>Incluso despu\u00e9s del primer uso, notar\u00e1s menos pelo alrededor de tu casa y el pelo de tu mascota ser\u00e1 mucho m\u00e1s suave y elegante.<\/p>\n<p>Elige este cepillo y deja que tus mascotas sean m\u00e1s buenas y saludables.<\/p>\n","protected":false},"excerpt":{"rendered":"<p style=\"text-align: center;\">Peine Deslanador Para Perros |\u00a0 Cepillos De Gato | Cepillo De Aseo Para Perros | Cepillo De Aseo Para Gatos.<\/p>\n","protected":false},"featured_media":5635,"comment_status":"open","ping_status":"closed","template":"","meta":{"_joinchat":[]},"product_cat":[247,100],"product_tag":[],"class_list":{"0":"post-5631","1":"product","2":"type-product","3":"status-publish","4":"has-post-thumbnail","6":"product_cat-247","7":"product_cat-mascotas","9":"first","10":"instock","11":"sale","12":"shipping-taxable","13":"purchasable","14":"product-type-variable"},"_links":{"self":[{"href":"https:\/\/bereketshop.com.mx\/index.php\/wp-json\/wp\/v2\/product\/5631","targetHints":{"allow":["GET"]}}],"collection":[{"href":"https:\/\/bereketshop.com.mx\/index.php\/wp-json\/wp\/v2\/product"}],"about":[{"href":"https:\/\/bereketshop.com.mx\/index.php\/wp-json\/wp\/v2\/types\/product"}],"replies":[{"embeddable":true,"href":"https:\/\/bereketshop.com.mx\/index.php\/wp-json\/wp\/v2\/comments?post=5631"}],"wp:featuredmedia":[{"embeddable":true,"href":"https:\/\/bereketshop.com.mx\/index.php\/wp-json\/wp\/v2\/media\/5635"}],"wp:attachment":[{"href":"https:\/\/bereketshop.com.mx\/index.php\/wp-json\/wp\/v2\/media?parent=5631"}],"wp:term":[{"taxonomy":"product_cat","embeddable":true,"href":"https:\/\/bereketshop.com.mx\/index.php\/wp-json\/wp\/v2\/product_cat?post=5631"},{"taxonomy":"product_tag","embeddable":true,"href":"https:\/\/bereketshop.com.mx\/index.php\/wp-json\/wp\/v2\/product_tag?post=5631"}],"curies":[{"name":"wp","href":"https:\/\/api.w.org\/{rel}","templated":true}]}}