{"id":5666,"date":"2024-02-21T01:51:50","date_gmt":"2024-02-21T00:51:50","guid":{"rendered":"https:\/\/bereketshop.com.mx\/?post_type=product&#038;p=5666"},"modified":"2025-07-16T20:45:19","modified_gmt":"2025-07-16T18:45:19","slug":"juguetes-para-perro-cuerda-para-masticar-12-piezas","status":"publish","type":"product","link":"https:\/\/bereketshop.com.mx\/index.php\/product\/juguetes-para-perro-cuerda-para-masticar-12-piezas\/","title":{"rendered":"Juguetes Para Perro Cuerda Para Masticar 12 Piezas"},"content":{"rendered":"<h5>CARACTERISTICAS:<\/h5>\n<p><strong>Colecci\u00f3n variada:<\/strong> 12 juguetes de cuerda distintos, incluyendo nudos y juguetes chirriantes, para satisfacer todas las necesidades de masticaci\u00f3n y juego.<\/p>\n<p><strong>Divertidos juguetes para perros:<\/strong> Una variedad de colores y formas para las mascotas, proporcionando un mont\u00f3n de diversi\u00f3n diaria para los cachorros.<\/p>\n<p>Ideal para perros peque\u00f1os, medianos y grandes.<\/p>\n<p><strong>Seguro y de alta calidad:<\/strong> Hechos de algod\u00f3n y lino natural, libres de olores qu\u00edmicos, seguros para la salud de tu perro.<\/p>\n<p><strong>Limpia sus dientes y mant\u00e9n su boca saludable:<\/strong> La fibra de algod\u00f3n de los juguetes de cuerda de punto puede penetrar entre los dientes de los cachorros, lo que ayuda a eliminar la viscosidad oculta de los dientes, reducir la acumulaci\u00f3n de placa y prevenir la enfermedad de las enc\u00edas, mantener la boca saludable y blanca de su perro.<\/p>\n<p><strong> Durabilidad Y Lavado F\u00e1cil:<\/strong> Resistente a mordeduras y lavable a m\u00e1quina, lo que garantiza una larga vida \u00fatil y facilidad de mantenimiento.<\/p>\n<p><strong>Fomenta La Interacci\u00f3n:<\/strong> Perfecto para juegos interactivos en interiores y exteriores, fortaleciendo el v\u00ednculo entre t\u00fa y tu mascota. Nuestros juguetes de cuerda son perfectos para actividades tanto en interiores como al aire libre.<\/p>\n<p><strong> Mantenga a su perro lejos de la ansiedad:<\/strong> Cuando al cachorro le est\u00e1n saliendo los dientes, las enc\u00edas pican y necesitan ser masticadas. Usar nuestro juguete para la dentici\u00f3n puede aliviar eficazmente el dolor de la dentici\u00f3n del cachorro y tambi\u00e9n puede evitar que el perro muerda el sof\u00e1, la mesa, la silla y los zapatos, etc., y prevenir eficazmente el mal comportamiento<\/p>\n","protected":false},"excerpt":{"rendered":"<p style=\"text-align: center;\"><span data-sheets-root=\"1\" data-sheets-value=\"{&quot;1&quot;:2,&quot;2&quot;:&quot;12 Juguetes para Perro de - Juguete para Masticar, Juguete para Perros de Goma Duradero, Utilizado para Jugar, Limpiar Los Dientes, Adecuado para Juguete Interactivo Para Perros Peque\u00f1os,Medianos y Grandes&quot;}\" data-sheets-userformat=\"{&quot;2&quot;:13249,&quot;3&quot;:{&quot;1&quot;:0},&quot;9&quot;:0,&quot;10&quot;:0,&quot;11&quot;:3,&quot;12&quot;:0,&quot;15&quot;:&quot;Calibri&quot;,&quot;16&quot;:12}\">12 Juguetes para Perro de Cuerda | Juguete para Masticar | Juguete para Perros de Goma Duradero | Utilizado Para Jugar | Limpiar Los Dientes |\u00a0 Adecuado Para Juguete | Interactivo | Para Perros Peque\u00f1os | Medianos | Grandes.<\/span><\/p>\n","protected":false},"featured_media":5651,"comment_status":"open","ping_status":"closed","template":"","meta":{"_joinchat":[]},"product_cat":[253,100],"product_tag":[],"class_list":{"0":"post-5666","1":"product","2":"type-product","3":"status-publish","4":"has-post-thumbnail","6":"product_cat-253","7":"product_cat-mascotas","9":"first","10":"instock","11":"sale","12":"shipping-taxable","13":"purchasable","14":"product-type-simple"},"_links":{"self":[{"href":"https:\/\/bereketshop.com.mx\/index.php\/wp-json\/wp\/v2\/product\/5666","targetHints":{"allow":["GET"]}}],"collection":[{"href":"https:\/\/bereketshop.com.mx\/index.php\/wp-json\/wp\/v2\/product"}],"about":[{"href":"https:\/\/bereketshop.com.mx\/index.php\/wp-json\/wp\/v2\/types\/product"}],"replies":[{"embeddable":true,"href":"https:\/\/bereketshop.com.mx\/index.php\/wp-json\/wp\/v2\/comments?post=5666"}],"wp:featuredmedia":[{"embeddable":true,"href":"https:\/\/bereketshop.com.mx\/index.php\/wp-json\/wp\/v2\/media\/5651"}],"wp:attachment":[{"href":"https:\/\/bereketshop.com.mx\/index.php\/wp-json\/wp\/v2\/media?parent=5666"}],"wp:term":[{"taxonomy":"product_cat","embeddable":true,"href":"https:\/\/bereketshop.com.mx\/index.php\/wp-json\/wp\/v2\/product_cat?post=5666"},{"taxonomy":"product_tag","embeddable":true,"href":"https:\/\/bereketshop.com.mx\/index.php\/wp-json\/wp\/v2\/product_tag?post=5666"}],"curies":[{"name":"wp","href":"https:\/\/api.w.org\/{rel}","templated":true}]}}