{"id":5737,"date":"2024-02-21T22:05:16","date_gmt":"2024-02-21T21:05:16","guid":{"rendered":"https:\/\/bereketshop.com.mx\/?post_type=product&#038;p=5737"},"modified":"2025-06-25T18:51:00","modified_gmt":"2025-06-25T16:51:00","slug":"juguete-para-mascota-en-forma-de-galleta-oreo-chillona","status":"publish","type":"product","link":"https:\/\/bereketshop.com.mx\/index.php\/product\/juguete-para-mascota-en-forma-de-galleta-oreo-chillona\/","title":{"rendered":"Juguete Para Mascota En Forma De  Galleta Oreo Chillona"},"content":{"rendered":"<h5>CARACTERISTICAS:<\/h5>\n<p>Los juguetes de l\u00e1tex son una opci\u00f3n estupenda para todos los perros. Divertidos mu\u00f1ecos que pueden morder cuanto quieran sin preocupaci\u00f3n, pues su material es suave y seguro para los dientes y enc\u00edas. Son perfectos incluso para los cachorros. \u00a1Se convertir\u00e1n en el juguete favorito de tu perro!<\/p>\n<p>Los mu\u00f1ecos de l\u00e1tex est\u00e1n hechos con un material resistente, suave y blandito. Su textura y sus dise\u00f1os captan toda la atenci\u00f3n de los perros desde el primer momento. Son ideales para jugar en casa, en la calle, solo o contigo; tambi\u00e9n para los juegos de lanzar y recoger. Los perros estar\u00e1n entretenidos durante horas con este juguete.<\/p>\n<p>Otra de las ventajas de los juguetes de l\u00e1tex es que son muy f\u00e1ciles de agarrar y transportar con la boca. Estimulan la masticaci\u00f3n, ayudando a fortalecer los m\u00fasculos de la mand\u00edbula, satisfaciendo la necesidad de morder y liberando el estr\u00e9s. Adem\u00e1s, tienen sonido para despertar a\u00fan m\u00e1s el inter\u00e9s y aumentar la diversi\u00f3n: el juguete pitar\u00e1 en cada bocado.<\/p>\n<p>Recomendaciones de uso:<\/p>\n<p>\u00dasalo siempre bajo supervisi\u00f3n y qu\u00edtasela a tu perro si lo muerde intensamente, especialmente en cachorros.<br \/>\nSustituye este art\u00edculo por un juguete nuevo si tiene alguna pieza suelta o est\u00e1 da\u00f1ado.<\/p>\n<p>ADVERTENCIA: Los juguetes son \u00fanicamente para mascotas. Mant\u00e9ngalos alejados del alcance de los ni\u00f1os.<\/p>\n<p>Ten en cuenta la edad, tama\u00f1o, fuerza de mordida y peso del perro a la hora de elegir un juguete. Color: negro<br \/>\nTipo de Estampado: Dibujos animados<br \/>\nMaterial: Poli\u00e9ster<br \/>\nPilas Incluidas: No<br \/>\nMascota aplicable: Gato\/Perro<br \/>\nComposici\u00f3n: 100% Poli\u00e9ster<\/p>\n","protected":false},"excerpt":{"rendered":"<p style=\"text-align: center;\"><span data-sheets-root=\"1\" data-sheets-value=\"{&quot;1&quot;:2,&quot;2&quot;:&quot;Juguete para mascota con forma de galleta&quot;}\" data-sheets-userformat=\"{&quot;2&quot;:12737,&quot;3&quot;:{&quot;1&quot;:0,&quot;3&quot;:1},&quot;9&quot;:0,&quot;10&quot;:0,&quot;11&quot;:3,&quot;15&quot;:&quot;Calibri&quot;,&quot;16&quot;:12}\">Juguete\u00a0 Para Mascota|\u00a0 Con Forma De Galleta Oreo | Para Perros y Gatos | Juguete Chill\u00f3n.<\/span><\/p>\n","protected":false},"featured_media":5738,"comment_status":"open","ping_status":"closed","template":"","meta":{"_joinchat":[]},"product_cat":[243,100],"product_tag":[],"class_list":{"0":"post-5737","1":"product","2":"type-product","3":"status-publish","4":"has-post-thumbnail","6":"product_cat-243","7":"product_cat-mascotas","9":"first","10":"instock","11":"sale","12":"shipping-taxable","13":"purchasable","14":"product-type-simple"},"_links":{"self":[{"href":"https:\/\/bereketshop.com.mx\/index.php\/wp-json\/wp\/v2\/product\/5737","targetHints":{"allow":["GET"]}}],"collection":[{"href":"https:\/\/bereketshop.com.mx\/index.php\/wp-json\/wp\/v2\/product"}],"about":[{"href":"https:\/\/bereketshop.com.mx\/index.php\/wp-json\/wp\/v2\/types\/product"}],"replies":[{"embeddable":true,"href":"https:\/\/bereketshop.com.mx\/index.php\/wp-json\/wp\/v2\/comments?post=5737"}],"wp:featuredmedia":[{"embeddable":true,"href":"https:\/\/bereketshop.com.mx\/index.php\/wp-json\/wp\/v2\/media\/5738"}],"wp:attachment":[{"href":"https:\/\/bereketshop.com.mx\/index.php\/wp-json\/wp\/v2\/media?parent=5737"}],"wp:term":[{"taxonomy":"product_cat","embeddable":true,"href":"https:\/\/bereketshop.com.mx\/index.php\/wp-json\/wp\/v2\/product_cat?post=5737"},{"taxonomy":"product_tag","embeddable":true,"href":"https:\/\/bereketshop.com.mx\/index.php\/wp-json\/wp\/v2\/product_tag?post=5737"}],"curies":[{"name":"wp","href":"https:\/\/api.w.org\/{rel}","templated":true}]}}