{"id":5752,"date":"2024-02-21T22:30:14","date_gmt":"2024-02-21T21:30:14","guid":{"rendered":"https:\/\/bereketshop.com.mx\/?post_type=product&#038;p=5752"},"modified":"2024-09-17T00:03:11","modified_gmt":"2024-09-16T22:03:11","slug":"5752","status":"publish","type":"product","link":"https:\/\/bereketshop.com.mx\/index.php\/product\/5752\/","title":{"rendered":"Plato Para Mascota Plegable Perros Y Gatos Practico Para Llevar"},"content":{"rendered":"<h5>CARACTERISTICAS:<\/h5>\n<ul class=\"a-unordered-list a-vertical a-spacing-mini\">\n<li class=\"a-spacing-mini\"><span class=\"a-list-item\">Plato plegable de silic\u00f3n grado alimenticio para mascota que permite ser transportado a todos lados siendo ideal para alimentar o dar de tomar agua a la mascota en cualquier parte cuando se sale con ellos a pasear o de viaje.<\/span><\/li>\n<li class=\"a-spacing-mini\"><span class=\"a-list-item\">Multifunci\u00f3n: Se convertir\u00e1 en un accesorio indispensable para tu perro, nuestro recipiente port\u00e1til para perros est\u00e1 dise\u00f1ado para excursiones, viajes, y paseos, utilizado para guardar agua, comida para perros, etc.<\/span><\/li>\n<li class=\"a-spacing-mini\"><span class=\"a-list-item\">Plato plegable para perro, gatos resistente, c\u00f3modo y f\u00e1cil de llevar.<\/span><\/li>\n<li class=\"a-spacing-mini\"><span class=\"a-list-item\">Bebedero plegable o comedero, debido a su acabado en silicona, puedes usarlo como comedero o bebedero plegable.<\/span><\/li>\n<li class=\"a-spacing-mini\"><span class=\"a-list-item\">F\u00e1cil de usar, se abre y pliega de una manera simple y plana para almacenarlo f\u00e1cilmente con el orificio del clip.<\/span><\/li>\n<\/ul>\n<p>COLORES VARIOS<\/p>\n","protected":false},"excerpt":{"rendered":"<p style=\"text-align: center;\"><span data-sheets-root=\"1\" data-sheets-value=\"{&quot;1&quot;:2,&quot;2&quot;:&quot;Plato sencillo para perro&quot;}\" data-sheets-userformat=\"{&quot;2&quot;:12737,&quot;3&quot;:{&quot;1&quot;:0,&quot;3&quot;:1},&quot;9&quot;:0,&quot;10&quot;:0,&quot;11&quot;:3,&quot;15&quot;:&quot;Calibri&quot;,&quot;16&quot;:12}\">Plato Sencillo Para Mascotas | Perros y Gatos | Plegable | \u00datil Para Comida | Agua | Port\u00e1til | F\u00e1cil De Levar.\u00a0<\/span><\/p>\n","protected":false},"featured_media":5753,"comment_status":"open","ping_status":"closed","template":"","meta":{"_joinchat":[]},"product_cat":[247,100],"product_tag":[],"class_list":{"0":"post-5752","1":"product","2":"type-product","3":"status-publish","4":"has-post-thumbnail","6":"product_cat-247","7":"product_cat-mascotas","9":"first","10":"outofstock","11":"sale","12":"shipping-taxable","13":"purchasable","14":"product-type-simple"},"_links":{"self":[{"href":"https:\/\/bereketshop.com.mx\/index.php\/wp-json\/wp\/v2\/product\/5752","targetHints":{"allow":["GET"]}}],"collection":[{"href":"https:\/\/bereketshop.com.mx\/index.php\/wp-json\/wp\/v2\/product"}],"about":[{"href":"https:\/\/bereketshop.com.mx\/index.php\/wp-json\/wp\/v2\/types\/product"}],"replies":[{"embeddable":true,"href":"https:\/\/bereketshop.com.mx\/index.php\/wp-json\/wp\/v2\/comments?post=5752"}],"wp:featuredmedia":[{"embeddable":true,"href":"https:\/\/bereketshop.com.mx\/index.php\/wp-json\/wp\/v2\/media\/5753"}],"wp:attachment":[{"href":"https:\/\/bereketshop.com.mx\/index.php\/wp-json\/wp\/v2\/media?parent=5752"}],"wp:term":[{"taxonomy":"product_cat","embeddable":true,"href":"https:\/\/bereketshop.com.mx\/index.php\/wp-json\/wp\/v2\/product_cat?post=5752"},{"taxonomy":"product_tag","embeddable":true,"href":"https:\/\/bereketshop.com.mx\/index.php\/wp-json\/wp\/v2\/product_tag?post=5752"}],"curies":[{"name":"wp","href":"https:\/\/api.w.org\/{rel}","templated":true}]}}