{"id":5758,"date":"2024-02-21T22:46:25","date_gmt":"2024-02-21T21:46:25","guid":{"rendered":"https:\/\/bereketshop.com.mx\/?post_type=product&#038;p=5758"},"modified":"2025-07-17T20:49:30","modified_gmt":"2025-07-17T18:49:30","slug":"dispensador-de-alimentos-para-mascota-agua-y-alimento-blanco","status":"publish","type":"product","link":"https:\/\/bereketshop.com.mx\/index.php\/product\/dispensador-de-alimentos-para-mascota-agua-y-alimento-blanco\/","title":{"rendered":"Dispensador De Alimentos Para Mascota Agua y Alimento Blanco"},"content":{"rendered":"<h5>CARACTERISTICAS:<\/h5>\n<p>Este dispensador de comida y agua es perfecto para due\u00f1os de perros y gatos que siempre est\u00e1n en movimiento. Con su tama\u00f1o compacto y dise\u00f1o f\u00e1cil de usar, es un accesorio esencial para cualquier due\u00f1o de mascota.<\/p>\n<p>El dispensador viene con una botella para beber, lo que hace que sea conveniente para que las mascotas disfruten de sus bebidas en cualquier momento y en cualquier lugar.<\/p>\n<p>El dispensador est\u00e1 dise\u00f1ado para due\u00f1os de mascotas que desean una forma pr\u00e1ctica y eficiente de alimentar e hidratar a sus mascotas.<\/p>\n<p>Es ideal para quienes disfrutan de las actividades al aire libre con sus mascotas, ya que les permite llevar comida y agua sin problemas.<\/p>\n<p>El dispensador es adecuado para perros y gatos, lo que lo convierte en un accesorio vers\u00e1til para los due\u00f1os de mascotas. Port\u00e1til, antiderrames, apto para lavavajillas, control de flujo.<\/p>\n<p>Alimentador de agua * Seguro Material no t\u00f3xico Base del bol de PP + Botella de pl\u00e1stico no t\u00f3xico. Protege a tu mascota<\/p>\n<p>* Dispositivo autom\u00e1tico de agua Ahorro de tiempo y seguridad.<\/p>\n<p>No te preocupes por tu mascota &#8216;agua potable.<\/p>\n<p>* Dise\u00f1o de partici\u00f3n de fregadero Prevenir la mascota<\/p>\n<p>La boca de la mascota se moje al beber agua, e incluso evita que la mascota ponga el pies en el agua.<\/p>\n<p>Por supuesto, esta partici\u00f3n es desmontable.<\/p>\n<p>* Ahorro de espacio La forma triangular se adapta convenientemente a las esquinas, ofrece un valor de ahorro de espacio para aquellos con espacio limitado en la habitaci\u00f3n.<\/p>\n","protected":false},"excerpt":{"rendered":"<p style=\"text-align: center;\">Este Dispensador De Comida y Agua Es Perfecto | La Forma Triangular Se Adapta Convenientemente A Las Esquinas | Alimento | Agua.<\/p>\n","protected":false},"featured_media":5759,"comment_status":"open","ping_status":"closed","template":"","meta":{"_joinchat":[]},"product_cat":[255,100],"product_tag":[],"class_list":{"0":"post-5758","1":"product","2":"type-product","3":"status-publish","4":"has-post-thumbnail","6":"product_cat-255","7":"product_cat-mascotas","9":"first","10":"instock","11":"sale","12":"shipping-taxable","13":"purchasable","14":"product-type-simple"},"_links":{"self":[{"href":"https:\/\/bereketshop.com.mx\/index.php\/wp-json\/wp\/v2\/product\/5758","targetHints":{"allow":["GET"]}}],"collection":[{"href":"https:\/\/bereketshop.com.mx\/index.php\/wp-json\/wp\/v2\/product"}],"about":[{"href":"https:\/\/bereketshop.com.mx\/index.php\/wp-json\/wp\/v2\/types\/product"}],"replies":[{"embeddable":true,"href":"https:\/\/bereketshop.com.mx\/index.php\/wp-json\/wp\/v2\/comments?post=5758"}],"wp:featuredmedia":[{"embeddable":true,"href":"https:\/\/bereketshop.com.mx\/index.php\/wp-json\/wp\/v2\/media\/5759"}],"wp:attachment":[{"href":"https:\/\/bereketshop.com.mx\/index.php\/wp-json\/wp\/v2\/media?parent=5758"}],"wp:term":[{"taxonomy":"product_cat","embeddable":true,"href":"https:\/\/bereketshop.com.mx\/index.php\/wp-json\/wp\/v2\/product_cat?post=5758"},{"taxonomy":"product_tag","embeddable":true,"href":"https:\/\/bereketshop.com.mx\/index.php\/wp-json\/wp\/v2\/product_tag?post=5758"}],"curies":[{"name":"wp","href":"https:\/\/api.w.org\/{rel}","templated":true}]}}